{"id":997,"date":"2020-12-17T09:08:32","date_gmt":"2020-12-17T09:08:32","guid":{"rendered":"https:\/\/www.balticroad.eu\/?post_type=product&#038;p=997"},"modified":"2025-06-20T14:24:47","modified_gmt":"2025-06-20T14:24:47","slug":"mango","status":"publish","type":"product","link":"https:\/\/www.balticroad.eu\/et\/toode\/mango\/","title":{"rendered":"MANGO"},"content":{"rendered":"<h2>Tootekirjeldus \/ Product Description:<\/h2>\n<p>Mangot\u00fckkidest \u00f5hkub selles musta tee segus troopilist puuviljasust.<\/p>\n<p>Mango pieces exude tropical fruitiness in this black tea blend.<\/p>\n<p>&nbsp;<\/p>\n<p>MANGO<\/p>\n<ul>\n<li style=\"list-style-type: none;\">\n<ul>\n<li style=\"list-style-type: none;\">\n<ul>\n<li><strong>Koostisosad \/ Ingredients:<\/strong><\/li>\n<li>Must tee 91%, mangot\u00fckid, p\u00e4evalille kroonlehed, l\u00f5hna- ja maitseaine<\/li>\n<li>Black tea 91%, mango pieces, sunflowers petals, flavouring.<\/li>\n<li><\/li>\n<\/ul>\n<\/li>\n<li><strong>Ettevalmistus \/ Preparation: <\/strong>95\u00b0 \u2013 4\/5 miN<\/li>\n<\/ul>\n<\/li>\n<\/ul>","protected":false},"excerpt":{"rendered":"<p>Tootekirjeldus \/ Product Description: Mangot\u00fckkidest \u00f5hkub selles musta tee segus troopilist puuviljasust. Mango pieces exude tropical fruitiness in this black tea blend. &nbsp; MANGO Koostisosad \/ Ingredients: Must tee 91%, mangot\u00fckid, p\u00e4evalille kroonlehed, l\u00f5hna- ja maitseaine Black tea 91%, mango pieces, sunflowers petals, flavouring. Ettevalmistus \/ Preparation: 95\u00b0 \u2013 4\/5 miN<\/p>","protected":false},"featured_media":998,"comment_status":"open","ping_status":"closed","template":"","meta":[],"product_brand":[],"product_cat":[80,68],"product_tag":[],"class_list":{"0":"post-997","1":"product","2":"type-product","3":"status-publish","4":"has-post-thumbnail","6":"product_cat-flavoured-tea","7":"product_cat-tea","9":"first","10":"instock","11":"taxable","12":"shipping-taxable","13":"purchasable","14":"product-type-variable"},"_links":{"self":[{"href":"https:\/\/www.balticroad.eu\/et\/wp-json\/wp\/v2\/product\/997","targetHints":{"allow":["GET"]}}],"collection":[{"href":"https:\/\/www.balticroad.eu\/et\/wp-json\/wp\/v2\/product"}],"about":[{"href":"https:\/\/www.balticroad.eu\/et\/wp-json\/wp\/v2\/types\/product"}],"replies":[{"embeddable":true,"href":"https:\/\/www.balticroad.eu\/et\/wp-json\/wp\/v2\/comments?post=997"}],"wp:featuredmedia":[{"embeddable":true,"href":"https:\/\/www.balticroad.eu\/et\/wp-json\/wp\/v2\/media\/998"}],"wp:attachment":[{"href":"https:\/\/www.balticroad.eu\/et\/wp-json\/wp\/v2\/media?parent=997"}],"wp:term":[{"taxonomy":"product_brand","embeddable":true,"href":"https:\/\/www.balticroad.eu\/et\/wp-json\/wp\/v2\/product_brand?post=997"},{"taxonomy":"product_cat","embeddable":true,"href":"https:\/\/www.balticroad.eu\/et\/wp-json\/wp\/v2\/product_cat?post=997"},{"taxonomy":"product_tag","embeddable":true,"href":"https:\/\/www.balticroad.eu\/et\/wp-json\/wp\/v2\/product_tag?post=997"}],"curies":[{"name":"wp","href":"https:\/\/api.w.org\/{rel}","templated":true}]}}