{"id":982,"date":"2020-12-17T08:51:48","date_gmt":"2020-12-17T08:51:48","guid":{"rendered":"https:\/\/www.balticroad.eu\/?post_type=product&#038;p=982"},"modified":"2025-06-20T14:30:05","modified_gmt":"2025-06-20T14:30:05","slug":"2001-ood","status":"publish","type":"product","link":"https:\/\/www.balticroad.eu\/et\/toode\/2001-ood\/","title":{"rendered":"2001 \u00d6\u00f6d"},"content":{"rendered":"<h2>Tootekirjeldus \/ Product Description:<\/h2>\n<ul>\n<li style=\"list-style-type: none;\">\n<ul>\n<li>Punaste marjadega maitsestatud musta ja rohelise tee, puuviljade ja \u00f5ite segu<\/li>\n<li>Red Berries Flavoured Blend of Black and Green Tea, Fruits and Blossoms<\/li>\n<\/ul>\n<ul>\n<li><\/li>\n<li><strong>Koostisosad \/ Ingredients:<\/strong><\/li>\n<li>Roheline Sencha 29% ja must tee 62%, s\u00f5strad, papaiat\u00fckid, roosi kroonlehed, malva \u00f5ied, p\u00e4evalille\u00f5ied, l\u00f5hna- ja maitseaine<\/li>\n<li>Green Sencha 29 % and black tea 62 %, currants, papaya pieces, rose petals, mallow flowers, sunflower blossom, flavouring.<\/li>\n<\/ul>\n<\/li>\n<\/ul>\n<p>&nbsp;<\/p>\n<ul>\n<li><strong>Ettevalmistus \/ Preparation<\/strong>:<\/li>\n<li>2 g \/ 200 ml umbes 90\u00b0C kuuma vett, infusiooniaeg 2 kuni 3 minutit.<\/li>\n<li>2 g \/ 200 ml of about 90\u00b0 C hot water, 2 to 3 minutes infusion time.<\/li>\n<\/ul>","protected":false},"excerpt":{"rendered":"<p>Tootekirjeldus \/ Product Description: Punaste marjadega maitsestatud musta ja rohelise tee, puuviljade ja \u00f5ite segu Red Berries Flavoured Blend of Black and Green Tea, Fruits and Blossoms Koostisosad \/ Ingredients: Roheline Sencha 29% ja must tee 62%, s\u00f5strad, papaiat\u00fckid, roosi kroonlehed, malva \u00f5ied, p\u00e4evalille\u00f5ied, l\u00f5hna- ja maitseaine Green Sencha 29 % and black tea 62 [&#8230;]\n","protected":false},"featured_media":1362,"comment_status":"open","ping_status":"closed","template":"","meta":[],"product_brand":[],"product_cat":[80,68],"product_tag":[],"class_list":{"0":"post-982","1":"product","2":"type-product","3":"status-publish","4":"has-post-thumbnail","6":"product_cat-flavoured-tea","7":"product_cat-tea","9":"first","10":"instock","11":"taxable","12":"shipping-taxable","13":"purchasable","14":"product-type-variable"},"_links":{"self":[{"href":"https:\/\/www.balticroad.eu\/et\/wp-json\/wp\/v2\/product\/982","targetHints":{"allow":["GET"]}}],"collection":[{"href":"https:\/\/www.balticroad.eu\/et\/wp-json\/wp\/v2\/product"}],"about":[{"href":"https:\/\/www.balticroad.eu\/et\/wp-json\/wp\/v2\/types\/product"}],"replies":[{"embeddable":true,"href":"https:\/\/www.balticroad.eu\/et\/wp-json\/wp\/v2\/comments?post=982"}],"wp:featuredmedia":[{"embeddable":true,"href":"https:\/\/www.balticroad.eu\/et\/wp-json\/wp\/v2\/media\/1362"}],"wp:attachment":[{"href":"https:\/\/www.balticroad.eu\/et\/wp-json\/wp\/v2\/media?parent=982"}],"wp:term":[{"taxonomy":"product_brand","embeddable":true,"href":"https:\/\/www.balticroad.eu\/et\/wp-json\/wp\/v2\/product_brand?post=982"},{"taxonomy":"product_cat","embeddable":true,"href":"https:\/\/www.balticroad.eu\/et\/wp-json\/wp\/v2\/product_cat?post=982"},{"taxonomy":"product_tag","embeddable":true,"href":"https:\/\/www.balticroad.eu\/et\/wp-json\/wp\/v2\/product_tag?post=982"}],"curies":[{"name":"wp","href":"https:\/\/api.w.org\/{rel}","templated":true}]}}