{"id":980,"date":"2020-12-17T08:48:39","date_gmt":"2020-12-17T08:48:39","guid":{"rendered":"https:\/\/www.balticroad.eu\/?post_type=product&#038;p=980"},"modified":"2025-08-31T07:04:41","modified_gmt":"2025-08-31T07:04:41","slug":"idamaine-ahvatlus-must-tee","status":"publish","type":"product","link":"https:\/\/www.balticroad.eu\/et\/toode\/idamaine-ahvatlus-must-tee\/","title":{"rendered":"\u201cIdamaine Ahvatlus\u201d Must Tee"},"content":{"rendered":"<h2>Tootekirjeldus \/ Product Description:<\/h2>\n<p>Musta tee segu. V\u00fcrtsikas ja maitsev<\/p>\n<ul>\n<li style=\"list-style-type: none;\">\n<ul><!-- --><\/p>\n<li>Blend of Black Tea, Spices and Flavouring<\/li>\n<li><\/li>\n<\/ul>\n<ul>\n<li><strong>Koostisosad \/ Ingredients:<\/strong><\/li>\n<li><\/li>\n<li>Must tee, apelsinikoor, ingverit\u00fckid, kaneelit\u00fckid, vanillit\u00fckid,l\u00f5hna &#8211; ja maitseained<\/li>\n<li>Black tea, orange peel, ginger pieces, cinnamon pieces, vanilla pieces, Flavouring.<\/li>\n<li><\/li>\n<li><\/li>\n<\/ul>\n<ul>\n<li><strong>Ettevalmistus \/ Preparation: <\/strong>95\u00b0 \u2013 4\/5 min<\/li>\n<\/ul>\n<\/li>\n<\/ul>","protected":false},"excerpt":{"rendered":"<p>Tootekirjeldus \/ Product Description: Musta tee segu. V\u00fcrtsikas ja maitsev Blend of Black Tea, Spices and Flavouring Koostisosad \/ Ingredients: Must tee, apelsinikoor, ingverit\u00fckid, kaneelit\u00fckid, vanillit\u00fckid,l\u00f5hna &#8211; ja maitseained Black tea, orange peel, ginger pieces, cinnamon pieces, vanilla pieces, Flavouring. Ettevalmistus \/ Preparation: 95\u00b0 \u2013 4\/5 min<\/p>","protected":false},"featured_media":981,"comment_status":"open","ping_status":"closed","template":"","meta":[],"product_brand":[],"product_cat":[80,68],"product_tag":[],"class_list":{"0":"post-980","1":"product","2":"type-product","3":"status-publish","4":"has-post-thumbnail","6":"product_cat-flavoured-tea","7":"product_cat-tea","9":"first","10":"instock","11":"taxable","12":"shipping-taxable","13":"purchasable","14":"product-type-variable"},"_links":{"self":[{"href":"https:\/\/www.balticroad.eu\/et\/wp-json\/wp\/v2\/product\/980","targetHints":{"allow":["GET"]}}],"collection":[{"href":"https:\/\/www.balticroad.eu\/et\/wp-json\/wp\/v2\/product"}],"about":[{"href":"https:\/\/www.balticroad.eu\/et\/wp-json\/wp\/v2\/types\/product"}],"replies":[{"embeddable":true,"href":"https:\/\/www.balticroad.eu\/et\/wp-json\/wp\/v2\/comments?post=980"}],"wp:featuredmedia":[{"embeddable":true,"href":"https:\/\/www.balticroad.eu\/et\/wp-json\/wp\/v2\/media\/981"}],"wp:attachment":[{"href":"https:\/\/www.balticroad.eu\/et\/wp-json\/wp\/v2\/media?parent=980"}],"wp:term":[{"taxonomy":"product_brand","embeddable":true,"href":"https:\/\/www.balticroad.eu\/et\/wp-json\/wp\/v2\/product_brand?post=980"},{"taxonomy":"product_cat","embeddable":true,"href":"https:\/\/www.balticroad.eu\/et\/wp-json\/wp\/v2\/product_cat?post=980"},{"taxonomy":"product_tag","embeddable":true,"href":"https:\/\/www.balticroad.eu\/et\/wp-json\/wp\/v2\/product_tag?post=980"}],"curies":[{"name":"wp","href":"https:\/\/api.w.org\/{rel}","templated":true}]}}