{"id":976,"date":"2020-12-17T08:39:14","date_gmt":"2020-12-17T08:39:14","guid":{"rendered":"https:\/\/www.balticroad.eu\/?post_type=product&#038;p=976"},"modified":"2025-06-20T14:33:56","modified_gmt":"2025-06-20T14:33:56","slug":"valentina","status":"publish","type":"product","link":"https:\/\/www.balticroad.eu\/et\/toode\/valentina\/","title":{"rendered":"Valentina must tee"},"content":{"rendered":"<div class=\"productDescription\">\n<h2>Tootekirjeldus \/ Product Description:<\/h2>\n<p>M\u00f5nus Valentina! Tee nagu kerge, puuviljane mustikapirukas, mis on kaunistatud v\u00e4ikeste suhkrus\u00fcdametega.<\/p>\n<p>Delightful Valentina! A tea like a light, fruity blueberry pie garnished with little sugar hearts.<\/p>\n<ul>\n<li style=\"list-style-type: none;\">\n<ul>\n<li><strong>Koostisosad \/ Ingredients: <\/strong><\/li>\n<li>must tee (83%), suhkur, s\u00fcdamikud, l\u00f5hna- ja maitseaine.<\/li>\n<li>black tea (83 %), sugar sprinkles hearts , flavouring.<\/li>\n<li><strong>\u00a0<\/strong><\/li>\n<\/ul>\n<ul>\n<li><strong>Ettevalmistus \/ Preparation: <\/strong>95\u00b0 \u2013 4-5 min<\/li>\n<\/ul>\n<\/li>\n<\/ul>\n<\/div>\n<div class=\"addInformation\">\n<h2 class=\"addInformation-head\"><\/h2>\n<\/div>","protected":false},"excerpt":{"rendered":"<p>Tootekirjeldus \/ Product Description: M\u00f5nus Valentina! Tee nagu kerge, puuviljane mustikapirukas, mis on kaunistatud v\u00e4ikeste suhkrus\u00fcdametega. Delightful Valentina! A tea like a light, fruity blueberry pie garnished with little sugar hearts. Koostisosad \/ Ingredients: must tee (83%), suhkur, s\u00fcdamikud, l\u00f5hna- ja maitseaine. black tea (83 %), sugar sprinkles hearts , flavouring. \u00a0 Ettevalmistus \/ Preparation: [&#8230;]\n","protected":false},"featured_media":977,"comment_status":"open","ping_status":"closed","template":"","meta":[],"product_brand":[],"product_cat":[80,68],"product_tag":[],"class_list":{"0":"post-976","1":"product","2":"type-product","3":"status-publish","4":"has-post-thumbnail","6":"product_cat-flavoured-tea","7":"product_cat-tea","9":"first","10":"instock","11":"taxable","12":"shipping-taxable","13":"purchasable","14":"product-type-variable"},"_links":{"self":[{"href":"https:\/\/www.balticroad.eu\/et\/wp-json\/wp\/v2\/product\/976","targetHints":{"allow":["GET"]}}],"collection":[{"href":"https:\/\/www.balticroad.eu\/et\/wp-json\/wp\/v2\/product"}],"about":[{"href":"https:\/\/www.balticroad.eu\/et\/wp-json\/wp\/v2\/types\/product"}],"replies":[{"embeddable":true,"href":"https:\/\/www.balticroad.eu\/et\/wp-json\/wp\/v2\/comments?post=976"}],"wp:featuredmedia":[{"embeddable":true,"href":"https:\/\/www.balticroad.eu\/et\/wp-json\/wp\/v2\/media\/977"}],"wp:attachment":[{"href":"https:\/\/www.balticroad.eu\/et\/wp-json\/wp\/v2\/media?parent=976"}],"wp:term":[{"taxonomy":"product_brand","embeddable":true,"href":"https:\/\/www.balticroad.eu\/et\/wp-json\/wp\/v2\/product_brand?post=976"},{"taxonomy":"product_cat","embeddable":true,"href":"https:\/\/www.balticroad.eu\/et\/wp-json\/wp\/v2\/product_cat?post=976"},{"taxonomy":"product_tag","embeddable":true,"href":"https:\/\/www.balticroad.eu\/et\/wp-json\/wp\/v2\/product_tag?post=976"}],"curies":[{"name":"wp","href":"https:\/\/api.w.org\/{rel}","templated":true}]}}