{"id":974,"date":"2020-12-17T08:35:05","date_gmt":"2020-12-17T08:35:05","guid":{"rendered":"https:\/\/www.balticroad.eu\/?post_type=product&#038;p=974"},"modified":"2025-06-20T14:34:56","modified_gmt":"2025-06-20T14:34:56","slug":"luisa","status":"publish","type":"product","link":"https:\/\/www.balticroad.eu\/et\/toode\/luisa\/","title":{"rendered":"GRIZZLY"},"content":{"rendered":"<h2>Tootekirjeldus \/ Product Description:<\/h2>\n<p>Luisa<\/p>\n<ul>\n<li style=\"list-style-type: none;\">\n<ul>\n<li><strong>Koostisosad \/ Ingredients: <\/strong><\/li>\n<li>Koostisosad : must tee (73,6%), j\u00f5hvikad, ploomit\u00fckid, l\u00f5hna- ja maitseaine, osmantuse \u00f5ied, malva\u00f5is.\n<p>black tea (73.6%), cranberries, pieces of plum, flavouring, osmanthus flowers, mallow flower<\/li>\n<li>Flavor of delicious dried fruits with a hint of alcohol<\/li>\n<li>Kirjeldus<br \/>\nMaitsvate kuivatatud puuviljade maitse, milles on tunda alkoholi<\/li>\n<li><\/li>\n<\/ul>\n<ul>\n<li><strong>Ettevalmistus \/ Preparation:<\/strong><\/li>\n<li>Kasutage 10 g teed (ca 5 tl) 1 liitri v\u00e4rskelt keedetud vee kohta. Lasta 3 minutit, seej\u00e4rel kurna.<\/li>\n<li>Use 10 g of tea (approx. 5 heaped tsp) for 1 litre of freshly boiled water. Infuse for 3 minutes, then strain.<\/li>\n<\/ul>\n<\/li>\n<li><\/li>\n<li><\/li>\n<\/ul>","protected":false},"excerpt":{"rendered":"<div class=\"productDescription\">\n<p>&nbsp;<\/p>\n<\/div>\n<div class=\"addInformation\"><\/div>","protected":false},"featured_media":2791,"comment_status":"open","ping_status":"closed","template":"","meta":[],"product_brand":[],"product_cat":[80,68],"product_tag":[],"class_list":{"0":"post-974","1":"product","2":"type-product","3":"status-publish","4":"has-post-thumbnail","6":"product_cat-flavoured-tea","7":"product_cat-tea","9":"first","10":"instock","11":"taxable","12":"shipping-taxable","13":"purchasable","14":"product-type-variable"},"_links":{"self":[{"href":"https:\/\/www.balticroad.eu\/et\/wp-json\/wp\/v2\/product\/974","targetHints":{"allow":["GET"]}}],"collection":[{"href":"https:\/\/www.balticroad.eu\/et\/wp-json\/wp\/v2\/product"}],"about":[{"href":"https:\/\/www.balticroad.eu\/et\/wp-json\/wp\/v2\/types\/product"}],"replies":[{"embeddable":true,"href":"https:\/\/www.balticroad.eu\/et\/wp-json\/wp\/v2\/comments?post=974"}],"wp:featuredmedia":[{"embeddable":true,"href":"https:\/\/www.balticroad.eu\/et\/wp-json\/wp\/v2\/media\/2791"}],"wp:attachment":[{"href":"https:\/\/www.balticroad.eu\/et\/wp-json\/wp\/v2\/media?parent=974"}],"wp:term":[{"taxonomy":"product_brand","embeddable":true,"href":"https:\/\/www.balticroad.eu\/et\/wp-json\/wp\/v2\/product_brand?post=974"},{"taxonomy":"product_cat","embeddable":true,"href":"https:\/\/www.balticroad.eu\/et\/wp-json\/wp\/v2\/product_cat?post=974"},{"taxonomy":"product_tag","embeddable":true,"href":"https:\/\/www.balticroad.eu\/et\/wp-json\/wp\/v2\/product_tag?post=974"}],"curies":[{"name":"wp","href":"https:\/\/api.w.org\/{rel}","templated":true}]}}