{"id":969,"date":"2020-12-17T07:27:08","date_gmt":"2020-12-17T07:27:08","guid":{"rendered":"https:\/\/www.balticroad.eu\/?post_type=product&#038;p=969"},"modified":"2025-06-20T14:37:03","modified_gmt":"2025-06-20T14:37:03","slug":"berry-must-tee","status":"publish","type":"product","link":"https:\/\/www.balticroad.eu\/et\/toode\/berry-must-tee\/","title":{"rendered":"\u201cBerry\u201d Must Tee"},"content":{"rendered":"<h2>Tootekirjeldus \/ Product Description:<\/h2>\n<p>&nbsp;<\/p>\n<p>Loodusliku maitsega must tee<\/p>\n<ul>\n<li style=\"list-style-type: none;\">\n<ul><!-- --><\/p>\n<li>Naturally Flavoured Black Tea<\/li>\n<\/ul>\n<\/li>\n<li><\/li>\n<li style=\"list-style-type: none;\">\n<ul>\n<li><strong>Koostisosad \/ Ingredients: <\/strong><\/li>\n<li>Must tee*, looduslik l\u00f5hna- ja maitseaine, rukkililled*,<br \/>\nvaarikat\u00fckid*, mustikad*, maasikat\u00fckid*<\/li>\n<\/ul>\n<\/li>\n<li style=\"list-style-type: none;\">\n<ul>\n<li><strong>Black tea*, natural flavouring, cornflowers*,<br \/>\nraspberry pieces*, blueberries*, strawberry pieces*<br \/>\n<\/strong><\/li>\n<\/ul>\n<\/li>\n<li><\/li>\n<li style=\"list-style-type: none;\">\n<ul>\n<li><strong>Ettevalmistus \/ Preparation: <\/strong>95\u00b0 \u2013 4-5 min \/ 1liter<\/li>\n<\/ul>\n<\/li>\n<\/ul>","protected":false},"excerpt":{"rendered":"<p>Tootekirjeldus \/ Product Description: &nbsp; Loodusliku maitsega must tee Naturally Flavoured Black Tea Koostisosad \/ Ingredients: Must tee*, looduslik l\u00f5hna- ja maitseaine, rukkililled*, vaarikat\u00fckid*, mustikad*, maasikat\u00fckid* Black tea*, natural flavouring, cornflowers*, raspberry pieces*, blueberries*, strawberry pieces* Ettevalmistus \/ Preparation: 95\u00b0 \u2013 4-5 min \/ 1liter<\/p>","protected":false},"featured_media":970,"comment_status":"open","ping_status":"closed","template":"","meta":[],"product_brand":[],"product_cat":[80,68],"product_tag":[],"class_list":{"0":"post-969","1":"product","2":"type-product","3":"status-publish","4":"has-post-thumbnail","6":"product_cat-flavoured-tea","7":"product_cat-tea","9":"first","10":"instock","11":"taxable","12":"shipping-taxable","13":"purchasable","14":"product-type-variable"},"_links":{"self":[{"href":"https:\/\/www.balticroad.eu\/et\/wp-json\/wp\/v2\/product\/969","targetHints":{"allow":["GET"]}}],"collection":[{"href":"https:\/\/www.balticroad.eu\/et\/wp-json\/wp\/v2\/product"}],"about":[{"href":"https:\/\/www.balticroad.eu\/et\/wp-json\/wp\/v2\/types\/product"}],"replies":[{"embeddable":true,"href":"https:\/\/www.balticroad.eu\/et\/wp-json\/wp\/v2\/comments?post=969"}],"wp:featuredmedia":[{"embeddable":true,"href":"https:\/\/www.balticroad.eu\/et\/wp-json\/wp\/v2\/media\/970"}],"wp:attachment":[{"href":"https:\/\/www.balticroad.eu\/et\/wp-json\/wp\/v2\/media?parent=969"}],"wp:term":[{"taxonomy":"product_brand","embeddable":true,"href":"https:\/\/www.balticroad.eu\/et\/wp-json\/wp\/v2\/product_brand?post=969"},{"taxonomy":"product_cat","embeddable":true,"href":"https:\/\/www.balticroad.eu\/et\/wp-json\/wp\/v2\/product_cat?post=969"},{"taxonomy":"product_tag","embeddable":true,"href":"https:\/\/www.balticroad.eu\/et\/wp-json\/wp\/v2\/product_tag?post=969"}],"curies":[{"name":"wp","href":"https:\/\/api.w.org\/{rel}","templated":true}]}}