{"id":966,"date":"2020-12-17T07:20:44","date_gmt":"2020-12-17T07:20:44","guid":{"rendered":"https:\/\/www.balticroad.eu\/?post_type=product&#038;p=966"},"modified":"2025-06-20T14:38:02","modified_gmt":"2025-06-20T14:38:02","slug":"quince-must-tee-ounaga","status":"publish","type":"product","link":"https:\/\/www.balticroad.eu\/et\/toode\/quince-must-tee-ounaga\/","title":{"rendered":"Black Garden ( 1001 \u00d6\u00f6d )"},"content":{"rendered":"<h2>Tootekirjeldus \/ Product Description:<\/h2>\n<ul>\n<li style=\"list-style-type: none;\">\n<ul>\n<li><strong>Koostisosad \/ Ingredients: <\/strong><\/li>\n<li>must tee, kirss, apelsiini\u00f5ied, jasmiin, roosi\u00f5ied, l\u00f5hna- ja maitseained<\/li>\n<li>black tea, cherries, orange blossom, jasmine, roses, flavouring<\/li>\n<\/ul>\n<\/li>\n<\/ul>\n<p>Maitsestatud must tee kirsi ja troopiliste puuviljade maitsega<\/p>\n<p>&nbsp;<\/p>\n<ul>\n<li style=\"list-style-type: none;\">\n<ul>\n<li><strong>Ettevalmistus \/ Preparation:<\/strong><\/li>\n<\/ul>\n<\/li>\n<li style=\"list-style-type: none;\">1 l keeva vee kohta kasutada 10 g teed (ca 5 tl). Laske 3 minutit t\u00f5mmata. Kurna ja serveeri.<\/li>\n<li><\/li>\n<li style=\"list-style-type: none;\">Use 10 g of tea (approx. 5 tsp) for 1 l of boiling water. Allow to infuse for 3 minutes. Strain and serve.<\/li>\n<li><\/li>\n<\/ul>","protected":false},"excerpt":{"rendered":"<p>Tootekirjeldus \/ Product Description: Koostisosad \/ Ingredients: must tee, kirss, apelsiini\u00f5ied, jasmiin, roosi\u00f5ied, l\u00f5hna- ja maitseained black tea, cherries, orange blossom, jasmine, roses, flavouring Maitsestatud must tee kirsi ja troopiliste puuviljade maitsega &nbsp; Ettevalmistus \/ Preparation: 1 l keeva vee kohta kasutada 10 g teed (ca 5 tl). Laske 3 minutit t\u00f5mmata. Kurna ja serveeri. [&#8230;]\n","protected":false},"featured_media":2483,"comment_status":"open","ping_status":"closed","template":"","meta":[],"product_brand":[],"product_cat":[80,68],"product_tag":[],"class_list":{"0":"post-966","1":"product","2":"type-product","3":"status-publish","4":"has-post-thumbnail","6":"product_cat-flavoured-tea","7":"product_cat-tea","9":"first","10":"instock","11":"taxable","12":"shipping-taxable","13":"purchasable","14":"product-type-variable"},"_links":{"self":[{"href":"https:\/\/www.balticroad.eu\/et\/wp-json\/wp\/v2\/product\/966","targetHints":{"allow":["GET"]}}],"collection":[{"href":"https:\/\/www.balticroad.eu\/et\/wp-json\/wp\/v2\/product"}],"about":[{"href":"https:\/\/www.balticroad.eu\/et\/wp-json\/wp\/v2\/types\/product"}],"replies":[{"embeddable":true,"href":"https:\/\/www.balticroad.eu\/et\/wp-json\/wp\/v2\/comments?post=966"}],"wp:featuredmedia":[{"embeddable":true,"href":"https:\/\/www.balticroad.eu\/et\/wp-json\/wp\/v2\/media\/2483"}],"wp:attachment":[{"href":"https:\/\/www.balticroad.eu\/et\/wp-json\/wp\/v2\/media?parent=966"}],"wp:term":[{"taxonomy":"product_brand","embeddable":true,"href":"https:\/\/www.balticroad.eu\/et\/wp-json\/wp\/v2\/product_brand?post=966"},{"taxonomy":"product_cat","embeddable":true,"href":"https:\/\/www.balticroad.eu\/et\/wp-json\/wp\/v2\/product_cat?post=966"},{"taxonomy":"product_tag","embeddable":true,"href":"https:\/\/www.balticroad.eu\/et\/wp-json\/wp\/v2\/product_tag?post=966"}],"curies":[{"name":"wp","href":"https:\/\/api.w.org\/{rel}","templated":true}]}}