{"id":956,"date":"2020-12-17T06:54:42","date_gmt":"2020-12-17T06:54:42","guid":{"rendered":"https:\/\/www.balticroad.eu\/?post_type=product&#038;p=956"},"modified":"2025-06-20T16:31:51","modified_gmt":"2025-06-20T16:31:51","slug":"lolita-must-tee","status":"publish","type":"product","link":"https:\/\/www.balticroad.eu\/et\/toode\/lolita-must-tee\/","title":{"rendered":"\u201cLolita\u201d Must Tee"},"content":{"rendered":"<div class=\"productDescription\">\n<h2>Tootekirjeldus \/ Product Description:<\/h2>\n<\/div>\n<p>Mis ajast salap\u00e4rane granaat\u00f5un eksisteerib? Nii piibliraamatutes kui ka kreeka m\u00fctoloogias, Vana-Egiptuse m\u00fc\u00fctides ja keskaja legendides kasutati seda vilja suver\u00e4\u00e4nsuse, ilu, v\u00f5imu, vabaduse ja kogukonna m\u00f5iste ja s\u00fcmbolina. Isegi t\u00e4nap\u00e4eval v\u00f5lub granaat\u00f5un paljude uute tahkude ja tulemustega, lummades paljusid uusi f\u00e4nne ja isegi t\u00e4nap\u00e4eva teadust. Oleme \u00fchendanud ainulaadse maitse populaarse j\u00f5hvika puuviljase maitsega. V\u00e4rvilised j\u00f5hvikaviilud ja pojengi kroonlehed t\u00e4iendavad selle t\u00e4iusliku harmoonia.<\/p>\n<p>Since when does the mysterious pomegranate exist? In the books of the bible as well as in Greek mythology, the myths of ancient Egypt and the legends of medieval times, this fruit was used as a term and symbol for sovereignty, beauty, power, freedom and community. Even today, the pomegranate fascinates with many new facets and results, casting a spell on many new fans and even on modern science. We have combined the unique flavour with the fruity taste of the popular cranberry. Colourful cranberry slices and peony petals complete this perfect harmony.<\/p>\n<p>\u201cLolita\u201d Must Tee<\/p>\n<div class=\"productDescription\">\n<ul>\n<li style=\"list-style-type: none;\">\n<ul>\n<li><strong>Koostisosad \/ Ingredients: <\/strong><\/li>\n<li>must tee (90%), k\u00fclmkuivatatud vaarikat\u00fckid, k\u00fclmkuivatatud j\u00f5hvikaviilud, l\u00f5hna- ja maitseaine<\/li>\n<li>black tea (90 %), freeze-dried raspberry pieces, freeze-dried cranberry slices, flavouring<strong><br \/>\n<\/strong><\/li>\n<li><\/li>\n<\/ul>\n<ul>\n<li><strong>Ettevalmistus \/ Preparation:<\/strong><\/li>\n<li>3-5 minutit t\u00f5mbeaeg 100 \u00b0C veetemperatuur 4-5 tl liitri kohta<\/li>\n<li>3-5 minutes brewing time 100 \u00b0C water temperature 4-5 teaspoon per litre<\/li>\n<\/ul>\n<\/li>\n<\/ul>\n<\/div>\n<div class=\"addInformation\">\n<h2 class=\"addInformation-head\"><\/h2>\n<\/div>","protected":false},"excerpt":{"rendered":"<p>Tootekirjeldus \/ Product Description: Mis ajast salap\u00e4rane granaat\u00f5un eksisteerib? Nii piibliraamatutes kui ka kreeka m\u00fctoloogias, Vana-Egiptuse m\u00fc\u00fctides ja keskaja legendides kasutati seda vilja suver\u00e4\u00e4nsuse, ilu, v\u00f5imu, vabaduse ja kogukonna m\u00f5iste ja s\u00fcmbolina. Isegi t\u00e4nap\u00e4eval v\u00f5lub granaat\u00f5un paljude uute tahkude ja tulemustega, lummades paljusid uusi f\u00e4nne ja isegi t\u00e4nap\u00e4eva teadust. Oleme \u00fchendanud ainulaadse maitse populaarse j\u00f5hvika [&#8230;]\n","protected":false},"featured_media":958,"comment_status":"open","ping_status":"closed","template":"","meta":[],"product_brand":[],"product_cat":[80,68],"product_tag":[],"class_list":{"0":"post-956","1":"product","2":"type-product","3":"status-publish","4":"has-post-thumbnail","6":"product_cat-flavoured-tea","7":"product_cat-tea","9":"first","10":"instock","11":"taxable","12":"shipping-taxable","13":"purchasable","14":"product-type-variable"},"_links":{"self":[{"href":"https:\/\/www.balticroad.eu\/et\/wp-json\/wp\/v2\/product\/956","targetHints":{"allow":["GET"]}}],"collection":[{"href":"https:\/\/www.balticroad.eu\/et\/wp-json\/wp\/v2\/product"}],"about":[{"href":"https:\/\/www.balticroad.eu\/et\/wp-json\/wp\/v2\/types\/product"}],"replies":[{"embeddable":true,"href":"https:\/\/www.balticroad.eu\/et\/wp-json\/wp\/v2\/comments?post=956"}],"wp:featuredmedia":[{"embeddable":true,"href":"https:\/\/www.balticroad.eu\/et\/wp-json\/wp\/v2\/media\/958"}],"wp:attachment":[{"href":"https:\/\/www.balticroad.eu\/et\/wp-json\/wp\/v2\/media?parent=956"}],"wp:term":[{"taxonomy":"product_brand","embeddable":true,"href":"https:\/\/www.balticroad.eu\/et\/wp-json\/wp\/v2\/product_brand?post=956"},{"taxonomy":"product_cat","embeddable":true,"href":"https:\/\/www.balticroad.eu\/et\/wp-json\/wp\/v2\/product_cat?post=956"},{"taxonomy":"product_tag","embeddable":true,"href":"https:\/\/www.balticroad.eu\/et\/wp-json\/wp\/v2\/product_tag?post=956"}],"curies":[{"name":"wp","href":"https:\/\/api.w.org\/{rel}","templated":true}]}}