{"id":946,"date":"2020-12-17T06:22:17","date_gmt":"2020-12-17T06:22:17","guid":{"rendered":"https:\/\/www.balticroad.eu\/?post_type=product&#038;p=946"},"modified":"2025-06-20T16:36:43","modified_gmt":"2025-06-20T16:36:43","slug":"bop-ceylon-black-tea","status":"publish","type":"product","link":"https:\/\/www.balticroad.eu\/et\/toode\/bop-ceylon-black-tea\/","title":{"rendered":"&#8220;Ceylon BOP&#8221; black tea"},"content":{"rendered":"<div class=\"productDescription\">\n<h2>Tootekirjeldus \/ Product Description:<\/h2>\n<\/div>\n<p>SRI LANKA, Dimbulla region, Broken Orange Pekoe<br \/>\nPeenestatud teelehed annavad teele kange ja Sri Lanka k\u00f5rgm\u00e4estikule omase aromaatse ja rikkaliku maitse ning erksa v\u00e4rvi.<\/p>\n<div class=\"productDescription\">\n<p>SRI LANKA, classic Dimbula is grown in a top location and picked at the height of the area\u2019s harvesting season in February. It has a neatly worked, short and wiry leaf.<\/p>\n<p><strong>Koostisosad \/ Ingredients:<\/strong><\/p>\n<p>Tseilon Must tee, K\u00f5rgelt kasvanud.<\/p>\n<p>Ceylon Black tea.Broken Orange Pekoe -High Grown<\/p>\n<p>&nbsp;<\/p>\n<ul>\n<li><strong>Ettevalmistus \/ Preparation<\/strong>:<\/li>\n<li>2 g \/ 200 ml keeva veega, infusiooniaeg 3 kuni 5 minutit<\/li>\n<li>2 g \/ 200 ml boiling water, 3 to 5 minutes infusion time<\/li>\n<\/ul>\n<\/div>","protected":false},"excerpt":{"rendered":"<p>Tootekirjeldus \/ Product Description: SRI LANKA, Dimbulla region, Broken Orange Pekoe Peenestatud teelehed annavad teele kange ja Sri Lanka k\u00f5rgm\u00e4estikule omase aromaatse ja rikkaliku maitse ning erksa v\u00e4rvi. SRI LANKA, classic Dimbula is grown in a top location and picked at the height of the area\u2019s harvesting season in February. It has a neatly worked, [&#8230;]\n","protected":false},"featured_media":949,"comment_status":"open","ping_status":"closed","template":"","meta":[],"product_brand":[],"product_cat":[91,68],"product_tag":[],"class_list":{"0":"post-946","1":"product","2":"type-product","3":"status-publish","4":"has-post-thumbnail","6":"product_cat-black-tea","7":"product_cat-tea","9":"first","10":"instock","11":"taxable","12":"shipping-taxable","13":"purchasable","14":"product-type-variable"},"_links":{"self":[{"href":"https:\/\/www.balticroad.eu\/et\/wp-json\/wp\/v2\/product\/946","targetHints":{"allow":["GET"]}}],"collection":[{"href":"https:\/\/www.balticroad.eu\/et\/wp-json\/wp\/v2\/product"}],"about":[{"href":"https:\/\/www.balticroad.eu\/et\/wp-json\/wp\/v2\/types\/product"}],"replies":[{"embeddable":true,"href":"https:\/\/www.balticroad.eu\/et\/wp-json\/wp\/v2\/comments?post=946"}],"wp:featuredmedia":[{"embeddable":true,"href":"https:\/\/www.balticroad.eu\/et\/wp-json\/wp\/v2\/media\/949"}],"wp:attachment":[{"href":"https:\/\/www.balticroad.eu\/et\/wp-json\/wp\/v2\/media?parent=946"}],"wp:term":[{"taxonomy":"product_brand","embeddable":true,"href":"https:\/\/www.balticroad.eu\/et\/wp-json\/wp\/v2\/product_brand?post=946"},{"taxonomy":"product_cat","embeddable":true,"href":"https:\/\/www.balticroad.eu\/et\/wp-json\/wp\/v2\/product_cat?post=946"},{"taxonomy":"product_tag","embeddable":true,"href":"https:\/\/www.balticroad.eu\/et\/wp-json\/wp\/v2\/product_tag?post=946"}],"curies":[{"name":"wp","href":"https:\/\/api.w.org\/{rel}","templated":true}]}}