{"id":939,"date":"2020-12-17T06:02:28","date_gmt":"2020-12-17T06:02:28","guid":{"rendered":"https:\/\/www.balticroad.eu\/?post_type=product&#038;p=939"},"modified":"2026-04-03T15:23:30","modified_gmt":"2026-04-03T15:23:30","slug":"lapsang-souchong","status":"publish","type":"product","link":"https:\/\/www.balticroad.eu\/et\/toode\/lapsang-souchong\/","title":{"rendered":"Lapsang Souchong"},"content":{"rendered":"<div class=\"productDescription\">\n<h2>Tootekirjeldus \/ Product Description:<\/h2>\n<p>Suitsutee jaoks korjatakse tugevamad ja suuremad lehed teep\u00f5\u00f5sa madalamatelt aladelt. V\u00e4\u00e4rispuidu kohal suitsetamine annab teelehtedele v\u00e4ga intensiivse, tugeva suitsumaitse.<br \/>\nSelleks, et saaksime teile pakkuda meeldiva maitsega, mitte liiga domineeriva suitsunoodiga teed, on meie teedegustaatorid v\u00e4lja t\u00f6\u00f6tanud selle majasegu. Klassikalised mustad teed on delikaatselt kombineeritud puhta suitsuteega. Tulemuseks on endiselt selgelt suitsune maitse, mille aluseks on peen magusus.<\/p>\n<p>For a smoked tea, the stronger and larger leaves are harvested from the lower areas of the tea bush. Smoking over precious woods gives the tea leaves a very intense, strong smoky flavour.<br \/>\nIn order to be able to offer you a pleasant-tasting tea with a not too dominant smoky note, our tea tasters have developed this house blend. Classic black teas are delicately combined with the pure smoked tea. The result is a still distinctly smoky flavour with an underlying subtle sweetness.<\/p>\n<ul>\n<li style=\"list-style-type: none;\">\n<ul><!-- --><\/p>\n<li>Special tea but thicker and larger leaves from lower down on the tea bush. Smoking it over exotic woods gives it its typical flavour.<\/li>\n<\/ul>\n<ul>\n<li><strong>Koostisosad \/ Ingredients: <\/strong><\/li>\n<li>must suitsutee<\/li>\n<li>black tea, smoke<\/li>\n<li><\/li>\n<\/ul>\n<\/li>\n<li><strong>Ettevalmistus \/ Preparation<\/strong>:<\/li>\n<li>2 g \/ 200 ml keeva veega, infusiooniaeg 3 kuni 5 minutit.<\/li>\n<li>2 g \/ 200 ml boiling water, 3 to 5 minutes infusion time.<\/li>\n<\/ul>\n<\/div>\n<div class=\"addInformation\">\n<h2 class=\"addInformation-head\"><\/h2>\n<\/div>","protected":false},"excerpt":{"rendered":"<p>Tootekirjeldus \/ Product Description: Suitsutee jaoks korjatakse tugevamad ja suuremad lehed teep\u00f5\u00f5sa madalamatelt aladelt. V\u00e4\u00e4rispuidu kohal suitsetamine annab teelehtedele v\u00e4ga intensiivse, tugeva suitsumaitse. Selleks, et saaksime teile pakkuda meeldiva maitsega, mitte liiga domineeriva suitsunoodiga teed, on meie teedegustaatorid v\u00e4lja t\u00f6\u00f6tanud selle majasegu. Klassikalised mustad teed on delikaatselt kombineeritud puhta suitsuteega. Tulemuseks on endiselt selgelt suitsune [&#8230;]\n","protected":false},"featured_media":940,"comment_status":"open","ping_status":"closed","template":"","meta":[],"product_brand":[],"product_cat":[91,68],"product_tag":[],"class_list":{"0":"post-939","1":"product","2":"type-product","3":"status-publish","4":"has-post-thumbnail","6":"product_cat-black-tea","7":"product_cat-tea","9":"first","10":"outofstock","11":"taxable","12":"shipping-taxable","13":"purchasable","14":"product-type-variable"},"_links":{"self":[{"href":"https:\/\/www.balticroad.eu\/et\/wp-json\/wp\/v2\/product\/939","targetHints":{"allow":["GET"]}}],"collection":[{"href":"https:\/\/www.balticroad.eu\/et\/wp-json\/wp\/v2\/product"}],"about":[{"href":"https:\/\/www.balticroad.eu\/et\/wp-json\/wp\/v2\/types\/product"}],"replies":[{"embeddable":true,"href":"https:\/\/www.balticroad.eu\/et\/wp-json\/wp\/v2\/comments?post=939"}],"wp:featuredmedia":[{"embeddable":true,"href":"https:\/\/www.balticroad.eu\/et\/wp-json\/wp\/v2\/media\/940"}],"wp:attachment":[{"href":"https:\/\/www.balticroad.eu\/et\/wp-json\/wp\/v2\/media?parent=939"}],"wp:term":[{"taxonomy":"product_brand","embeddable":true,"href":"https:\/\/www.balticroad.eu\/et\/wp-json\/wp\/v2\/product_brand?post=939"},{"taxonomy":"product_cat","embeddable":true,"href":"https:\/\/www.balticroad.eu\/et\/wp-json\/wp\/v2\/product_cat?post=939"},{"taxonomy":"product_tag","embeddable":true,"href":"https:\/\/www.balticroad.eu\/et\/wp-json\/wp\/v2\/product_tag?post=939"}],"curies":[{"name":"wp","href":"https:\/\/api.w.org\/{rel}","templated":true}]}}