{"id":937,"date":"2020-12-17T05:54:56","date_gmt":"2020-12-17T05:54:56","guid":{"rendered":"https:\/\/www.balticroad.eu\/?post_type=product&#038;p=937"},"modified":"2025-06-20T16:38:57","modified_gmt":"2025-06-20T16:38:57","slug":"irish-dream-must-tee","status":"publish","type":"product","link":"https:\/\/www.balticroad.eu\/et\/toode\/irish-dream-must-tee\/","title":{"rendered":"\u201cIrish Dream\u201d Must Tee"},"content":{"rendered":"<div class=\"productDescription\">\n<h2>Tootekirjeldus \/ Product Description:<\/h2>\n<p>Must tee, Assam, chocolate, mint, green and hazelnut flavors meld together into a luscious <b>TEE<\/b>, perfect for a rainy day or morning mocha-replacement <span style=\"color: #333333;\">Whisky, Cacao and Cream Flavoured Blend of Black Tea, <\/span><span style=\"color: #333333;\">Cocoa Husks, White Chocolate Chips.<\/span><\/p>\n<ul>\n<li style=\"list-style-type: none;\">\n<ul>\n<li><strong>Koostisosad \/ Ingredients:<\/strong><\/li>\n<li>Must tee (80 %), kakaao tu\u00fckkid (12%), valge \u015bokolaad, L\u00f5hna- ja maitseained.<\/li>\n<li>black tea (80 %), cocoa husks (12%). white chocolate chips (sugar, cocoa butter, whole milk powder, emulsifier: sunflow).<\/li>\n<\/ul>\n<\/li>\n<\/ul>\n<ul>\n<li style=\"list-style-type: none;\">\n<ul>\n<li><strong>Ettevalmistus \/ Preparation: <\/strong>95\u00b0 \u2013 4\/5 min<\/li>\n<\/ul>\n<\/li>\n<\/ul>\n<\/div>\n<div class=\"addInformation\"><\/div>","protected":false},"excerpt":{"rendered":"<p>Tootekirjeldus \/ Product Description: Must tee, Assam, chocolate, mint, green and hazelnut flavors meld together into a luscious tea, perfect for a rainy day or morning mocha-replacement Whisky, Cacao and Cream Flavoured Blend of Black Tea, Cocoa Husks, White Chocolate Chips. Koostisosad \/ Ingredients: Must tee (80 %), kakaao tu\u00fckkid (12%), valge \u015bokolaad, L\u00f5hna- ja [&#8230;]\n","protected":false},"featured_media":938,"comment_status":"open","ping_status":"closed","template":"","meta":[],"product_brand":[],"product_cat":[80,68],"product_tag":[],"class_list":{"0":"post-937","1":"product","2":"type-product","3":"status-publish","4":"has-post-thumbnail","6":"product_cat-flavoured-tea","7":"product_cat-tea","9":"first","10":"instock","11":"taxable","12":"shipping-taxable","13":"purchasable","14":"product-type-variable"},"_links":{"self":[{"href":"https:\/\/www.balticroad.eu\/et\/wp-json\/wp\/v2\/product\/937","targetHints":{"allow":["GET"]}}],"collection":[{"href":"https:\/\/www.balticroad.eu\/et\/wp-json\/wp\/v2\/product"}],"about":[{"href":"https:\/\/www.balticroad.eu\/et\/wp-json\/wp\/v2\/types\/product"}],"replies":[{"embeddable":true,"href":"https:\/\/www.balticroad.eu\/et\/wp-json\/wp\/v2\/comments?post=937"}],"wp:featuredmedia":[{"embeddable":true,"href":"https:\/\/www.balticroad.eu\/et\/wp-json\/wp\/v2\/media\/938"}],"wp:attachment":[{"href":"https:\/\/www.balticroad.eu\/et\/wp-json\/wp\/v2\/media?parent=937"}],"wp:term":[{"taxonomy":"product_brand","embeddable":true,"href":"https:\/\/www.balticroad.eu\/et\/wp-json\/wp\/v2\/product_brand?post=937"},{"taxonomy":"product_cat","embeddable":true,"href":"https:\/\/www.balticroad.eu\/et\/wp-json\/wp\/v2\/product_cat?post=937"},{"taxonomy":"product_tag","embeddable":true,"href":"https:\/\/www.balticroad.eu\/et\/wp-json\/wp\/v2\/product_tag?post=937"}],"curies":[{"name":"wp","href":"https:\/\/api.w.org\/{rel}","templated":true}]}}