{"id":907,"date":"2020-12-16T11:37:45","date_gmt":"2020-12-16T11:37:45","guid":{"rendered":"https:\/\/www.balticroad.eu\/?post_type=product&#038;p=907"},"modified":"2024-12-01T16:05:19","modified_gmt":"2024-12-01T16:05:19","slug":"darjeling-ftgfop1-singel","status":"publish","type":"product","link":"https:\/\/www.balticroad.eu\/et\/toode\/darjeling-ftgfop1-singel\/","title":{"rendered":"Darjeling Ftgfop1 Singel"},"content":{"rendered":"<div class=\"productDescription\">\n<h2>Tootekirjeldus \/ Product Description:<\/h2>\n<h2><span style=\"font-size: 12.0pt; font-weight: normal;\">India, Darjeeling region. K\u00f5rgelt hinnatud, legendaarne tee Indiast. Maitses on tasakaalustunud puuviljad, p\u00e4hkel ja taimsed n\u00fcansid, samuti on tunda Darjeelingule iseloomulikku muskaatset buketti.<\/span><\/h2>\n<h2><span style=\"font-size: 12.0pt; font-weight: normal;\">Typical batches from the first picking period are blended and offer great value for money. A tea for every day, all year long. Stimulating, full of flavour, with a golden brown cup.<\/span><\/h2>\n<ul>\n<li style=\"list-style-type: none;\">\n<ul>\n<li><\/li>\n<li><strong>Koostisosad \/ Ingredients: <\/strong>Black Tea<\/li>\n<\/ul>\n<\/li>\n<li><strong>Ettevalmistus \/ Preparation<\/strong>: 2 g \/ 200 ml boiling water, 3 to 5 minutes infusion time.<\/li>\n<\/ul>\n<\/div>\n<div class=\"addInformation\">\n<h2 class=\"addInformation-head\"><\/h2>\n<\/div>","protected":false},"excerpt":{"rendered":"<p>Tootekirjeldus \/ Product Description: India, Darjeeling region. K\u00f5rgelt hinnatud, legendaarne tee Indiast. Maitses on tasakaalustunud puuviljad, p\u00e4hkel ja taimsed n\u00fcansid, samuti on tunda Darjeelingule iseloomulikku muskaatset buketti. Typical batches from the first picking period are blended and offer great value for money. A tea for every day, all year long. Stimulating, full of flavour, with [&#8230;]\n","protected":false},"featured_media":908,"comment_status":"open","ping_status":"closed","template":"","meta":[],"product_brand":[],"product_cat":[91,68],"product_tag":[],"class_list":{"0":"post-907","1":"product","2":"type-product","3":"status-publish","4":"has-post-thumbnail","6":"product_cat-black-tea","7":"product_cat-tea","9":"first","10":"outofstock","11":"taxable","12":"shipping-taxable","13":"purchasable","14":"product-type-variable"},"_links":{"self":[{"href":"https:\/\/www.balticroad.eu\/et\/wp-json\/wp\/v2\/product\/907","targetHints":{"allow":["GET"]}}],"collection":[{"href":"https:\/\/www.balticroad.eu\/et\/wp-json\/wp\/v2\/product"}],"about":[{"href":"https:\/\/www.balticroad.eu\/et\/wp-json\/wp\/v2\/types\/product"}],"replies":[{"embeddable":true,"href":"https:\/\/www.balticroad.eu\/et\/wp-json\/wp\/v2\/comments?post=907"}],"wp:featuredmedia":[{"embeddable":true,"href":"https:\/\/www.balticroad.eu\/et\/wp-json\/wp\/v2\/media\/908"}],"wp:attachment":[{"href":"https:\/\/www.balticroad.eu\/et\/wp-json\/wp\/v2\/media?parent=907"}],"wp:term":[{"taxonomy":"product_brand","embeddable":true,"href":"https:\/\/www.balticroad.eu\/et\/wp-json\/wp\/v2\/product_brand?post=907"},{"taxonomy":"product_cat","embeddable":true,"href":"https:\/\/www.balticroad.eu\/et\/wp-json\/wp\/v2\/product_cat?post=907"},{"taxonomy":"product_tag","embeddable":true,"href":"https:\/\/www.balticroad.eu\/et\/wp-json\/wp\/v2\/product_tag?post=907"}],"curies":[{"name":"wp","href":"https:\/\/api.w.org\/{rel}","templated":true}]}}