{"id":905,"date":"2020-12-16T11:33:04","date_gmt":"2020-12-16T11:33:04","guid":{"rendered":"https:\/\/www.balticroad.eu\/?post_type=product&#038;p=905"},"modified":"2025-10-06T12:36:57","modified_gmt":"2025-10-06T12:36:57","slug":"sikkim-ftgfop1-temi","status":"publish","type":"product","link":"https:\/\/www.balticroad.eu\/et\/toode\/sikkim-ftgfop1-temi\/","title":{"rendered":"Sikkim FTGFOP1 Temi"},"content":{"rendered":"<div class=\"productDescription\">\n<h2>Tootekirjeldus \/ Product Description:<\/h2>\n<p>Nepali, Tiibeti ja Bhutani ning selle tuntud naabri Darjeelingi raamitud endine Sikkimi kuningriik, praegu on India p\u00f5hjapoolseim provints. See t\u00f5eliselt &#8220;kuninglik&#8221; tee p\u00e4rineb Temi aiast, kus toodetakse erilise puuviljase iseloomuga teesid. Suvel koristatud tee v\u00f5lub elegantse, t\u00e4idlase maitse ja peenelt viimistletud lehtedega.<\/p>\n<p>Framed by Nepal, Tibet and Bhutan and its well-known neighbour Darjeeling, lies the former kingdom of Sikkim, now the northernmost province of India. This truly &#8216;royal&#8217; tea comes from the garden of Temi, where teas with a distinctive, fruity character are produced. Harvested in summer, this tea captivates with its elegant, full-bodied flavour and finely crafted leaf.<\/p>\n<p><strong>Koostisosad \/ Ingredients: <\/strong><\/p>\n<p>INDIA MUST TEE<\/p>\n<p>Black Tea<\/p>\n<ul>\n<li><strong>Ettevalmistus \/ Preparation<\/strong>:<\/li>\n<li>2 g \/ 200 ml keeva veega, infusiooniaeg 3 kuni 5 minutit.<\/li>\n<li>2 g \/ 200 ml boiling water, 3 to 5 minutes infusion time.<\/li>\n<\/ul>\n<\/div>","protected":false},"excerpt":{"rendered":"<p>Tootekirjeldus \/ Product Description: Nepali, Tiibeti ja Bhutani ning selle tuntud naabri Darjeelingi raamitud endine Sikkimi kuningriik, praegu on India p\u00f5hjapoolseim provints. See t\u00f5eliselt &#8220;kuninglik&#8221; tee p\u00e4rineb Temi aiast, kus toodetakse erilise puuviljase iseloomuga teesid. Suvel koristatud tee v\u00f5lub elegantse, t\u00e4idlase maitse ja peenelt viimistletud lehtedega. Framed by Nepal, Tibet and Bhutan and its well-known [&#8230;]\n","protected":false},"featured_media":906,"comment_status":"open","ping_status":"closed","template":"","meta":[],"product_brand":[],"product_cat":[91,68],"product_tag":[],"class_list":{"0":"post-905","1":"product","2":"type-product","3":"status-publish","4":"has-post-thumbnail","6":"product_cat-black-tea","7":"product_cat-tea","9":"first","10":"instock","11":"taxable","12":"shipping-taxable","13":"purchasable","14":"product-type-variable"},"_links":{"self":[{"href":"https:\/\/www.balticroad.eu\/et\/wp-json\/wp\/v2\/product\/905","targetHints":{"allow":["GET"]}}],"collection":[{"href":"https:\/\/www.balticroad.eu\/et\/wp-json\/wp\/v2\/product"}],"about":[{"href":"https:\/\/www.balticroad.eu\/et\/wp-json\/wp\/v2\/types\/product"}],"replies":[{"embeddable":true,"href":"https:\/\/www.balticroad.eu\/et\/wp-json\/wp\/v2\/comments?post=905"}],"wp:featuredmedia":[{"embeddable":true,"href":"https:\/\/www.balticroad.eu\/et\/wp-json\/wp\/v2\/media\/906"}],"wp:attachment":[{"href":"https:\/\/www.balticroad.eu\/et\/wp-json\/wp\/v2\/media?parent=905"}],"wp:term":[{"taxonomy":"product_brand","embeddable":true,"href":"https:\/\/www.balticroad.eu\/et\/wp-json\/wp\/v2\/product_brand?post=905"},{"taxonomy":"product_cat","embeddable":true,"href":"https:\/\/www.balticroad.eu\/et\/wp-json\/wp\/v2\/product_cat?post=905"},{"taxonomy":"product_tag","embeddable":true,"href":"https:\/\/www.balticroad.eu\/et\/wp-json\/wp\/v2\/product_tag?post=905"}],"curies":[{"name":"wp","href":"https:\/\/api.w.org\/{rel}","templated":true}]}}