{"id":903,"date":"2020-12-16T11:22:38","date_gmt":"2020-12-16T11:22:38","guid":{"rendered":"https:\/\/www.balticroad.eu\/?post_type=product&#038;p=903"},"modified":"2025-06-20T16:42:00","modified_gmt":"2025-06-20T16:42:00","slug":"lady-grey-flower","status":"publish","type":"product","link":"https:\/\/www.balticroad.eu\/et\/toode\/lady-grey-flower\/","title":{"rendered":"Lady Grey Flower"},"content":{"rendered":"<div class=\"productDescription\">\n<h2>Tootekirjeldus \/ Product Description:<\/h2>\n<p>must tee bergamotiga.<\/p>\n<ul>\n<li style=\"list-style-type: none;\">\n<ul><!-- --><\/p>\n<li><strong>Koostisosad \/ Ingredients:<\/strong> must tee bergamotiga, rukklille\u00f5ied, l\u00f5hna- ja maitseained. Armastatud ja klassikaline must bergamot tee, kaunistatud rukkilille \u00f5iega.<\/li>\n<\/ul>\n<\/li>\n<li style=\"list-style-type: none;\">\u00a0<b>\u00a0 \u00a0 \u00a0 \u00a0 <\/b>Ceylon black tea with bergamot, cornflower blossoms, flavour. A well-loved , delicious and classic bergamot tea decorated with cornflower\u00a0 \u00a0 \u00a0 \u00a0 \u00a0 \u00a0 \u00a0 \u00a0blossoms.<\/li>\n<\/ul>\n<p><strong>\u2018Ettevalmistus \/ Preparation:\u2019<\/strong><br \/>\nValmimisaeg\u00a0 4\/5 Min<br \/>\nVee temperatuur 90 \u00b0 C<br \/>\nTee kogus 1tl<\/p>\n<p><!--\n \t\n\n<li><strong>Preparation: <\/strong> 85\u00b0 \u2013 5 min<\/li>\n\n\n--><\/p>\n<\/div>","protected":false},"excerpt":{"rendered":"<p>Tootekirjeldus \/ Product Description: must tee bergamotiga. Koostisosad \/ Ingredients: must tee bergamotiga, rukklille\u00f5ied, l\u00f5hna- ja maitseained. Armastatud ja klassikaline must bergamot tee, kaunistatud rukkilille \u00f5iega. \u00a0\u00a0 \u00a0 \u00a0 \u00a0 Ceylon black tea with bergamot, cornflower blossoms, flavour. A well-loved , delicious and classic bergamot tea decorated with cornflower\u00a0 \u00a0 \u00a0 \u00a0 \u00a0 \u00a0 \u00a0 [&#8230;]\n","protected":false},"featured_media":904,"comment_status":"open","ping_status":"closed","template":"","meta":[],"product_brand":[],"product_cat":[80,68],"product_tag":[],"class_list":{"0":"post-903","1":"product","2":"type-product","3":"status-publish","4":"has-post-thumbnail","6":"product_cat-flavoured-tea","7":"product_cat-tea","9":"first","10":"instock","11":"taxable","12":"shipping-taxable","13":"purchasable","14":"product-type-variable"},"_links":{"self":[{"href":"https:\/\/www.balticroad.eu\/et\/wp-json\/wp\/v2\/product\/903","targetHints":{"allow":["GET"]}}],"collection":[{"href":"https:\/\/www.balticroad.eu\/et\/wp-json\/wp\/v2\/product"}],"about":[{"href":"https:\/\/www.balticroad.eu\/et\/wp-json\/wp\/v2\/types\/product"}],"replies":[{"embeddable":true,"href":"https:\/\/www.balticroad.eu\/et\/wp-json\/wp\/v2\/comments?post=903"}],"wp:featuredmedia":[{"embeddable":true,"href":"https:\/\/www.balticroad.eu\/et\/wp-json\/wp\/v2\/media\/904"}],"wp:attachment":[{"href":"https:\/\/www.balticroad.eu\/et\/wp-json\/wp\/v2\/media?parent=903"}],"wp:term":[{"taxonomy":"product_brand","embeddable":true,"href":"https:\/\/www.balticroad.eu\/et\/wp-json\/wp\/v2\/product_brand?post=903"},{"taxonomy":"product_cat","embeddable":true,"href":"https:\/\/www.balticroad.eu\/et\/wp-json\/wp\/v2\/product_cat?post=903"},{"taxonomy":"product_tag","embeddable":true,"href":"https:\/\/www.balticroad.eu\/et\/wp-json\/wp\/v2\/product_tag?post=903"}],"curies":[{"name":"wp","href":"https:\/\/api.w.org\/{rel}","templated":true}]}}