{"id":901,"date":"2020-12-16T11:10:15","date_gmt":"2020-12-16T11:10:15","guid":{"rendered":"https:\/\/www.balticroad.eu\/?post_type=product&#038;p=901"},"modified":"2025-06-20T16:43:23","modified_gmt":"2025-06-20T16:43:23","slug":"pomegranate-valge-tee-2","status":"publish","type":"product","link":"https:\/\/www.balticroad.eu\/et\/toode\/pomegranate-valge-tee-2\/","title":{"rendered":"&#8220;Pomegranate\u201d Valge Tee"},"content":{"rendered":"<h2>Tootekirjeldus \/ Product Description:<\/h2>\n<p>blended the tangy taste of pomegranate and cranberry pieces with our silky, delicate white tea to create a fragrant, sweet liquor. This lively combination, is the perfect tea to detox your body and lift your spirits.<\/p>\n<ul><!-- --><\/p>\n<li><strong>Koostisosad \/ Ingredients: <\/strong><\/li>\n<li>valge tee, j\u00f5hvika marjad, roosi\u00f5ied. granaat\u00f5una l\u00f5hna- ja maitseained<\/li>\n<li>white tea,cranberry pieces freeze dried, flavouring, rose petals<\/li>\n<\/ul>\n<p>&nbsp;<\/p>\n<ul>\n<li><strong>Ettevalmistus \/ Preparation: <\/strong>85\u00b0 \u2013 5 min<\/li>\n<\/ul>","protected":false},"excerpt":{"rendered":"<p>Tootekirjeldus \/ Product Description: blended the tangy taste of pomegranate and cranberry pieces with our silky, delicate white tea to create a fragrant, sweet liquor. This lively combination, is the perfect tea to detox your body and lift your spirits. Koostisosad \/ Ingredients: valge tee, j\u00f5hvika marjad, roosi\u00f5ied. granaat\u00f5una l\u00f5hna- ja maitseained white tea,cranberry pieces [&#8230;]\n","protected":false},"featured_media":902,"comment_status":"open","ping_status":"closed","template":"","meta":[],"product_brand":[],"product_cat":[80,68,90],"product_tag":[],"class_list":{"0":"post-901","1":"product","2":"type-product","3":"status-publish","4":"has-post-thumbnail","6":"product_cat-flavoured-tea","7":"product_cat-tea","8":"product_cat-white-tea-tea","10":"first","11":"instock","12":"taxable","13":"shipping-taxable","14":"purchasable","15":"product-type-variable"},"_links":{"self":[{"href":"https:\/\/www.balticroad.eu\/et\/wp-json\/wp\/v2\/product\/901","targetHints":{"allow":["GET"]}}],"collection":[{"href":"https:\/\/www.balticroad.eu\/et\/wp-json\/wp\/v2\/product"}],"about":[{"href":"https:\/\/www.balticroad.eu\/et\/wp-json\/wp\/v2\/types\/product"}],"replies":[{"embeddable":true,"href":"https:\/\/www.balticroad.eu\/et\/wp-json\/wp\/v2\/comments?post=901"}],"wp:featuredmedia":[{"embeddable":true,"href":"https:\/\/www.balticroad.eu\/et\/wp-json\/wp\/v2\/media\/902"}],"wp:attachment":[{"href":"https:\/\/www.balticroad.eu\/et\/wp-json\/wp\/v2\/media?parent=901"}],"wp:term":[{"taxonomy":"product_brand","embeddable":true,"href":"https:\/\/www.balticroad.eu\/et\/wp-json\/wp\/v2\/product_brand?post=901"},{"taxonomy":"product_cat","embeddable":true,"href":"https:\/\/www.balticroad.eu\/et\/wp-json\/wp\/v2\/product_cat?post=901"},{"taxonomy":"product_tag","embeddable":true,"href":"https:\/\/www.balticroad.eu\/et\/wp-json\/wp\/v2\/product_tag?post=901"}],"curies":[{"name":"wp","href":"https:\/\/api.w.org\/{rel}","templated":true}]}}