{"id":897,"date":"2020-12-16T11:02:50","date_gmt":"2020-12-16T11:02:50","guid":{"rendered":"https:\/\/www.balticroad.eu\/?post_type=product&#038;p=897"},"modified":"2025-06-20T16:44:49","modified_gmt":"2025-06-20T16:44:49","slug":"pai-mu-tan-2","status":"publish","type":"product","link":"https:\/\/www.balticroad.eu\/et\/toode\/pai-mu-tan-2\/","title":{"rendered":"Pai Mu Tan &#8211;   valge tee"},"content":{"rendered":"<h2>Tootekirjeldus \/ Product Description:<\/h2>\n<p>\u00dcks tuntumaid ja populaarsemaid valgeid teesid. Sellel on mitmev\u00e4rviline, suur avatud leht ja meeldiv, v\u00e4ga mahe maitse.<\/p>\n<p>One of the best known and most popular white teas. It has a multi-coloured, large, open leaf and a pleasant, very mild taste.<\/p>\n<p>&nbsp;<\/p>\n<ul><!-- --><\/p>\n<li><strong>Koostisosad \/ Ingredients: <\/strong><\/li>\n<li>roheline tee China Sencha* (59%), roheline tee Himalaya* (30%), pirnit\u00fckid* (pirn*, riisijahu*) (5%), l\u00f5hna- ja maitseained, saialille\u00f5ied* (*Mahetootmise koostisosad)<\/li>\n<li>green tea China Sencha* (59 %), green tea Himalaya* (30 %), pear pieces* (pear*, rice flour*) (5 %), flavourings, marigold flowers* (* Ingredients from organic production)<\/li>\n<li><\/li>\n<li><strong>white tea<\/strong>This variety is one of the best known, most popular white<br \/>\nteas and has a large, open leaf with a pleasant, mild character.<\/li>\n<\/ul>\n<p>&nbsp;<\/p>\n<ul>\n<li><strong>Ettevalmistus \/ Preparation: <\/strong><\/li>\n<li>2 g \/ 200 ml umbes 90\u00b0C kuuma vett, infusiooniaeg 2 kuni 3 minutit.<\/li>\n<li>2 g \/ 200 ml of about 90\u00b0C hot water, infusion time 2 to 3 minutes.<\/li>\n<\/ul>","protected":false},"excerpt":{"rendered":"<p>Tootekirjeldus \/ Product Description: \u00dcks tuntumaid ja populaarsemaid valgeid teesid. Sellel on mitmev\u00e4rviline, suur avatud leht ja meeldiv, v\u00e4ga mahe maitse. One of the best known and most popular white teas. It has a multi-coloured, large, open leaf and a pleasant, very mild taste. &nbsp; Koostisosad \/ Ingredients: roheline tee China Sencha* (59%), roheline tee [&#8230;]\n","protected":false},"featured_media":898,"comment_status":"open","ping_status":"closed","template":"","meta":[],"product_brand":[],"product_cat":[68,90],"product_tag":[],"class_list":{"0":"post-897","1":"product","2":"type-product","3":"status-publish","4":"has-post-thumbnail","6":"product_cat-tea","7":"product_cat-white-tea-tea","9":"first","10":"instock","11":"taxable","12":"shipping-taxable","13":"purchasable","14":"product-type-variable"},"_links":{"self":[{"href":"https:\/\/www.balticroad.eu\/et\/wp-json\/wp\/v2\/product\/897","targetHints":{"allow":["GET"]}}],"collection":[{"href":"https:\/\/www.balticroad.eu\/et\/wp-json\/wp\/v2\/product"}],"about":[{"href":"https:\/\/www.balticroad.eu\/et\/wp-json\/wp\/v2\/types\/product"}],"replies":[{"embeddable":true,"href":"https:\/\/www.balticroad.eu\/et\/wp-json\/wp\/v2\/comments?post=897"}],"wp:featuredmedia":[{"embeddable":true,"href":"https:\/\/www.balticroad.eu\/et\/wp-json\/wp\/v2\/media\/898"}],"wp:attachment":[{"href":"https:\/\/www.balticroad.eu\/et\/wp-json\/wp\/v2\/media?parent=897"}],"wp:term":[{"taxonomy":"product_brand","embeddable":true,"href":"https:\/\/www.balticroad.eu\/et\/wp-json\/wp\/v2\/product_brand?post=897"},{"taxonomy":"product_cat","embeddable":true,"href":"https:\/\/www.balticroad.eu\/et\/wp-json\/wp\/v2\/product_cat?post=897"},{"taxonomy":"product_tag","embeddable":true,"href":"https:\/\/www.balticroad.eu\/et\/wp-json\/wp\/v2\/product_tag?post=897"}],"curies":[{"name":"wp","href":"https:\/\/api.w.org\/{rel}","templated":true}]}}