{"id":831,"date":"2020-12-16T09:30:58","date_gmt":"2020-12-16T09:30:58","guid":{"rendered":"https:\/\/www.balticroad.eu\/?post_type=product&#038;p=831"},"modified":"2025-06-20T16:51:19","modified_gmt":"2025-06-20T16:51:19","slug":"pu-erh","status":"publish","type":"product","link":"https:\/\/www.balticroad.eu\/et\/toode\/pu-erh\/","title":{"rendered":"Pu-erh  must tee"},"content":{"rendered":"<h2>Tootekirjeldus \/ Product Description:<\/h2>\n<p>See on Hiina eriala. Pu Erh tee on nn j\u00e4relk\u00e4\u00e4ritatud tee. Traditsiooniliselt toodetakse seda Yunnani provintsis. Pruulimisel on selle tassi v\u00e4rvus v\u00e4ga tume. Seet\u00f5ttu nimetatakse seda t\u00fc\u00fcpi teed ka &#8220;heicha&#8221;, mis t\u00e4hendab &#8220;must v\u00f5i tume tee&#8221;. Pu Erh teedel on v\u00e4ga t\u00fc\u00fcpiline maal\u00e4hedane, kergelt magus ja t\u00e4idlane maitse. Ja neil on v\u00e4ga intensiivne ja iseloomulik l\u00f5hn, nagu soe maa p\u00e4rast suvist vihma.<br \/>\nSarnaselt rohelise teega tuleks seda valmistada mitte p\u00e4ris keeva veega (90 \u00b0C) ja seda v\u00f5ib mitu korda uuesti infundeerida.<\/p>\n<p>This is a Chinese speciality. Pu Erh tea is a so-called post-fermented tea. It is traditionally produced in the Yunnan province. When brewed, its cup colour is very dark. Therefore, this type of tea is also called &#8216;heicha&#8217;, which means &#8216;black or dark tea&#8217;. Pu Erh teas have a very typical earthy, slightly sweet and full-bodied taste. And they have a very intense and characteristic smell, like warm earth after a summer rain.<br \/>\nSimilar to green tea, it should be prepared with not quite boiling water (90\u00b0 C) and can be reinfused several times.<\/p>\n<p>&nbsp;<\/p>\n<ul><!-- --><\/p>\n<li><strong>Koostisosad\u00a0\/ Ingredients:<\/strong><\/li>\n<li>PU &#8211; ERH MUST TEE PU &#8211; ERH BLACK TEA<\/li>\n<\/ul>\n<p>&nbsp;<\/p>\n<ul>\n<li><strong>Ettevalmistus \/ Preparation: <\/strong><\/li>\n<li>vett (90 \u00b0C) ja seda saab mitu korda uuesti infundeerida.<\/li>\n<li>water (90\u00b0 C) and can be reinfused several times.<\/li>\n<\/ul>","protected":false},"excerpt":{"rendered":"<p>Tootekirjeldus \/ Product Description: See on Hiina eriala. Pu Erh tee on nn j\u00e4relk\u00e4\u00e4ritatud tee. Traditsiooniliselt toodetakse seda Yunnani provintsis. Pruulimisel on selle tassi v\u00e4rvus v\u00e4ga tume. Seet\u00f5ttu nimetatakse seda t\u00fc\u00fcpi teed ka &#8220;heicha&#8221;, mis t\u00e4hendab &#8220;must v\u00f5i tume tee&#8221;. Pu Erh teedel on v\u00e4ga t\u00fc\u00fcpiline maal\u00e4hedane, kergelt magus ja t\u00e4idlane maitse. Ja neil on [&#8230;]\n","protected":false},"featured_media":832,"comment_status":"open","ping_status":"closed","template":"","meta":[],"product_brand":[],"product_cat":[88,68],"product_tag":[],"class_list":{"0":"post-831","1":"product","2":"type-product","3":"status-publish","4":"has-post-thumbnail","6":"product_cat-pu-erh","7":"product_cat-tea","9":"first","10":"instock","11":"taxable","12":"shipping-taxable","13":"purchasable","14":"product-type-variable"},"_links":{"self":[{"href":"https:\/\/www.balticroad.eu\/et\/wp-json\/wp\/v2\/product\/831","targetHints":{"allow":["GET"]}}],"collection":[{"href":"https:\/\/www.balticroad.eu\/et\/wp-json\/wp\/v2\/product"}],"about":[{"href":"https:\/\/www.balticroad.eu\/et\/wp-json\/wp\/v2\/types\/product"}],"replies":[{"embeddable":true,"href":"https:\/\/www.balticroad.eu\/et\/wp-json\/wp\/v2\/comments?post=831"}],"wp:featuredmedia":[{"embeddable":true,"href":"https:\/\/www.balticroad.eu\/et\/wp-json\/wp\/v2\/media\/832"}],"wp:attachment":[{"href":"https:\/\/www.balticroad.eu\/et\/wp-json\/wp\/v2\/media?parent=831"}],"wp:term":[{"taxonomy":"product_brand","embeddable":true,"href":"https:\/\/www.balticroad.eu\/et\/wp-json\/wp\/v2\/product_brand?post=831"},{"taxonomy":"product_cat","embeddable":true,"href":"https:\/\/www.balticroad.eu\/et\/wp-json\/wp\/v2\/product_cat?post=831"},{"taxonomy":"product_tag","embeddable":true,"href":"https:\/\/www.balticroad.eu\/et\/wp-json\/wp\/v2\/product_tag?post=831"}],"curies":[{"name":"wp","href":"https:\/\/api.w.org\/{rel}","templated":true}]}}