{"id":829,"date":"2020-12-16T09:27:03","date_gmt":"2020-12-16T09:27:03","guid":{"rendered":"https:\/\/www.balticroad.eu\/?post_type=product&#038;p=829"},"modified":"2025-10-15T19:01:17","modified_gmt":"2025-10-15T19:01:17","slug":"pu-erh-mini-tuo-cha","status":"publish","type":"product","link":"https:\/\/www.balticroad.eu\/et\/toode\/pu-erh-mini-tuo-cha\/","title":{"rendered":"Pu Erh Mini TUO CHA (50 g = 10 pieces)"},"content":{"rendered":"<h2>Tootekirjeldus \/ Product Description:<\/h2>\n<p>Iseloom : Muldne, tugev, aromaatne Lehed: Pruunikud, punased, keskmise suurusega, murtud ja pesakujuliseks pressitud. See pressitud tee t\u00f6\u00f6tati v\u00e4lja 1902. aastal Tuan Cha ja 1917. aastal Tuo Cha nime all ning p\u00e4rineb algup\u00e4rasest Xiaguanist. Tuo on termin, mis t\u00e4histab midagi kasulikku ja tavalist. Algselt valmistati teed TuoJiangi j\u00f5e veega.<\/p>\n<p>Character Earthy, strong, aromatic Leaf: Brownish, red, medium, broken and pressed into nest form Developed in 1902 as Tuan Cha and in 1917 as Tuo Cha, this pressing is from the original Xiaguan . Tuo is a term for something useful and common. Originally the tea was prepared with the water of the TuoJiang river.<\/p>\n<p>Kasvupiirkond Yunnan, Pu-Erh Kasvuk\u00f5rgus meetrites 900\u20131000<\/p>\n<p>Korjastusperiood 04\u201309<\/p>\n<p>&nbsp;<\/p>\n<p>Growing area Yunnan, Pu-Erh<\/p>\n<p>Growing altitude in meters 900 &#8211; 1000<\/p>\n<p>Harvest period 04 &#8211; 09<\/p>\n<p>&nbsp;<\/p>\n<p>&nbsp;<\/p>\n<ul><!-- --><\/p>\n<li><strong>Koostisosad \/ Ingredients: <\/strong> Yunnan, Pu-Erh<\/li>\n<li><strong>Ettevalmistus \/ Preparation: <\/strong>\u00a0100\u00b0 \u2013 2 min<\/li>\n<\/ul>\n<p>50 g = 10 pieces<\/p>\n<p>50 g = 10 t\u00fckki<\/p>","protected":false},"excerpt":{"rendered":"<p>Tootekirjeldus \/ Product Description: Iseloom : Muldne, tugev, aromaatne Lehed: Pruunikud, punased, keskmise suurusega, murtud ja pesakujuliseks pressitud. See pressitud tee t\u00f6\u00f6tati v\u00e4lja 1902. aastal Tuan Cha ja 1917. aastal Tuo Cha nime all ning p\u00e4rineb algup\u00e4rasest Xiaguanist. Tuo on termin, mis t\u00e4histab midagi kasulikku ja tavalist. Algselt valmistati teed TuoJiangi j\u00f5e veega. Character Earthy, [&#8230;]\n","protected":false},"featured_media":830,"comment_status":"open","ping_status":"closed","template":"","meta":[],"product_brand":[],"product_cat":[88,68],"product_tag":[],"class_list":{"0":"post-829","1":"product","2":"type-product","3":"status-publish","4":"has-post-thumbnail","6":"product_cat-pu-erh","7":"product_cat-tea","9":"first","10":"instock","11":"taxable","12":"shipping-taxable","13":"purchasable","14":"product-type-variable"},"_links":{"self":[{"href":"https:\/\/www.balticroad.eu\/et\/wp-json\/wp\/v2\/product\/829","targetHints":{"allow":["GET"]}}],"collection":[{"href":"https:\/\/www.balticroad.eu\/et\/wp-json\/wp\/v2\/product"}],"about":[{"href":"https:\/\/www.balticroad.eu\/et\/wp-json\/wp\/v2\/types\/product"}],"replies":[{"embeddable":true,"href":"https:\/\/www.balticroad.eu\/et\/wp-json\/wp\/v2\/comments?post=829"}],"wp:featuredmedia":[{"embeddable":true,"href":"https:\/\/www.balticroad.eu\/et\/wp-json\/wp\/v2\/media\/830"}],"wp:attachment":[{"href":"https:\/\/www.balticroad.eu\/et\/wp-json\/wp\/v2\/media?parent=829"}],"wp:term":[{"taxonomy":"product_brand","embeddable":true,"href":"https:\/\/www.balticroad.eu\/et\/wp-json\/wp\/v2\/product_brand?post=829"},{"taxonomy":"product_cat","embeddable":true,"href":"https:\/\/www.balticroad.eu\/et\/wp-json\/wp\/v2\/product_cat?post=829"},{"taxonomy":"product_tag","embeddable":true,"href":"https:\/\/www.balticroad.eu\/et\/wp-json\/wp\/v2\/product_tag?post=829"}],"curies":[{"name":"wp","href":"https:\/\/api.w.org\/{rel}","templated":true}]}}