{"id":820,"date":"2020-12-16T09:04:23","date_gmt":"2020-12-16T09:04:23","guid":{"rendered":"https:\/\/www.balticroad.eu\/?post_type=product&#038;p=820"},"modified":"2025-11-08T17:16:29","modified_gmt":"2025-11-08T17:16:29","slug":"da-hong-pao-tee-oolong","status":"publish","type":"product","link":"https:\/\/www.balticroad.eu\/et\/toode\/da-hong-pao-tee-oolong\/","title":{"rendered":"DA HONG PAO TEE OOLONG"},"content":{"rendered":"<h2>Tootekirjeldus \/ Product Description:<\/h2>\n<p>Da Hong Pao on peen Oolongi tee Hiinast Wuyi m\u00e4gedest. Selle erip\u00e4ra on see, et vananedes arendab ta j\u00e4tkuvalt aroome ja l\u00f5hnaaineid. Hiina tuntumate hulgas. Suurep\u00e4rase infusiooni saamiseks on soovitatav enne infusioonivee saamist soojendada nii tassi kui ka teekannu temperatuuril 90 \u00b0 \u00fche minuti jooksul, mida saab korrata, suurendades j\u00e4rk-j\u00e4rgult infusiooniaega. . Sama annusega on v\u00f5imalik hinnata umbes 3 v\u00f5i 4 infusiooni, kui toode on suurep\u00e4rase kvaliteediga<\/p>\n<p>Da Hong Pao is a fine Oolong tea from the Wuyi Mountains in China. Its peculiarity is that it continues to develop aromas and fragrances with aging. Among the most renowned in China. For an excellent infusion it is advisable to previously heat both the cup and the teapot before receiving the infusion water at a temperature of 90 \u00b0 for one minute of waiting, infusion that can be repeated by gradually increasing the infusion time. . With the same dose it is possible to appreciate about 3 or 4 infusions if the product is of excellent quality<\/p>\n<p>&nbsp;<\/p>\n<ul><!-- --><\/p>\n<li><strong>Koostisosad \/ Ingredients: <\/strong><\/li>\n<li>suureleheline Oolong Da Hong Pao.<\/li>\n<li>high grade oolong tea is handmade from tender big leaves.<\/li>\n<\/ul>\n<ul>\n<li><strong>Ettevalmistus \/ Preparation: <\/strong><\/li>\n<li>80\u00b0 \u2013 3 min<\/li>\n<\/ul>","protected":false},"excerpt":{"rendered":"<p>Tootekirjeldus \/ Product Description: Da Hong Pao on peen Oolongi tee Hiinast Wuyi m\u00e4gedest. Selle erip\u00e4ra on see, et vananedes arendab ta j\u00e4tkuvalt aroome ja l\u00f5hnaaineid. Hiina tuntumate hulgas. Suurep\u00e4rase infusiooni saamiseks on soovitatav enne infusioonivee saamist soojendada nii tassi kui ka teekannu temperatuuril 90 \u00b0 \u00fche minuti jooksul, mida saab korrata, suurendades j\u00e4rk-j\u00e4rgult infusiooniaega. [&#8230;]\n","protected":false},"featured_media":821,"comment_status":"open","ping_status":"closed","template":"","meta":[],"product_brand":[],"product_cat":[86,68],"product_tag":[],"class_list":{"0":"post-820","1":"product","2":"type-product","3":"status-publish","4":"has-post-thumbnail","6":"product_cat-oolong-tea","7":"product_cat-tea","9":"first","10":"instock","11":"taxable","12":"shipping-taxable","13":"purchasable","14":"product-type-variable"},"_links":{"self":[{"href":"https:\/\/www.balticroad.eu\/et\/wp-json\/wp\/v2\/product\/820","targetHints":{"allow":["GET"]}}],"collection":[{"href":"https:\/\/www.balticroad.eu\/et\/wp-json\/wp\/v2\/product"}],"about":[{"href":"https:\/\/www.balticroad.eu\/et\/wp-json\/wp\/v2\/types\/product"}],"replies":[{"embeddable":true,"href":"https:\/\/www.balticroad.eu\/et\/wp-json\/wp\/v2\/comments?post=820"}],"wp:featuredmedia":[{"embeddable":true,"href":"https:\/\/www.balticroad.eu\/et\/wp-json\/wp\/v2\/media\/821"}],"wp:attachment":[{"href":"https:\/\/www.balticroad.eu\/et\/wp-json\/wp\/v2\/media?parent=820"}],"wp:term":[{"taxonomy":"product_brand","embeddable":true,"href":"https:\/\/www.balticroad.eu\/et\/wp-json\/wp\/v2\/product_brand?post=820"},{"taxonomy":"product_cat","embeddable":true,"href":"https:\/\/www.balticroad.eu\/et\/wp-json\/wp\/v2\/product_cat?post=820"},{"taxonomy":"product_tag","embeddable":true,"href":"https:\/\/www.balticroad.eu\/et\/wp-json\/wp\/v2\/product_tag?post=820"}],"curies":[{"name":"wp","href":"https:\/\/api.w.org\/{rel}","templated":true}]}}