{"id":816,"date":"2020-12-16T09:00:00","date_gmt":"2020-12-16T09:00:00","guid":{"rendered":"https:\/\/www.balticroad.eu\/?post_type=product&#038;p=816"},"modified":"2025-06-20T17:00:20","modified_gmt":"2025-06-20T17:00:20","slug":"china-milky-oolong-tea-piimane-oolong-tee","status":"publish","type":"product","link":"https:\/\/www.balticroad.eu\/et\/toode\/china-milky-oolong-tea-piimane-oolong-tee\/","title":{"rendered":"China Milky Oolong tea \/ Piimane Oolong tee"},"content":{"rendered":"<div class=\"productDescription\">\n<h2>Tootekirjeldus \/ Product Description:<\/h2>\n<p>Oolong piimane tee. See on ebatavaline tee Hiinast. V\u00e4rsketele teelehtedele lisatakse nende p\u00e4ritolu juures l\u00f5hna- ja maitseaineid. Magusa maitsega, mis meenutab piima.<\/p>\n<p>Milky Oolong on pooloks\u00fcdeeritud tee, mida oolongi tees\u00f5brad on k\u00f5ige enam hinnanud. T\u00f6\u00f6tlemisprotsessi ajal on teelehed \u00fcmbritsetud piima aurudega, et anda infusioonile piima ja vanilli sametine ja kreemjas maitse. Milky Oolong on madala teiinisisalduse t\u00f5ttu terve p\u00e4eva tee.<\/p>\n<p>Milky Oolong is a semi-oxidized tea among the most appreciated by oolong tea lovers. During the processing process, the tea leaves are enveloped in milk vapors to give the infusion a velvety and creamy taste of milk and vanilla. Milky Oolong is a tea for the whole day due to the low theine content. Originally produced in Taiwan using milk steam in small huts, the tea is now sprayed with natural milk aroma for hygienic reasons and then baked. The aroma is simply beguiling and combines perfectly with the nuances of the Oolong.<\/p>\n<ul><!-- --><\/p>\n<li><strong>Koostisosad \/ Ingredients: <\/strong>This is an unusual tea from China. Flavouring is added to the fresh tea leaves at origin. A sweetish flavour reminiscent of milk.<\/li>\n<li><\/li>\n<li><strong>Ettevalmistus \/ Preparation: <\/strong>Infusion: 3 gr tassi kohta \/ 3 gr per cup 80\u00b0 \u2013 3 min<\/li>\n<\/ul>\n<div class=\"addInformation\">\n<h2 class=\"addInformation-head\"><\/h2>\n<\/div>\n<ul>\n<li><strong>Infusioon: <\/strong><br \/>\nKollane v\u00e4rv<br \/>\nL\u00f5hna- ja maitseained: piim ja vanill, millele on iseloomulikud oolongi noodid<br \/>\nMaitse: aroomile vastav, sametine.<br \/>\nMillisel kellaajal ja kuidas:<br \/>\nTerve p\u00e4eva.<br \/>\nN\u00e4idatakse kaasas:<br \/>\nSeda on soovitatav juua \u00fcksi.<br \/>\nInfusioon: 3 gr tassi kohta 80 \u00b0 juures 3 minutit, on v\u00f5imalik teha 2 j\u00e4rjestikust infusiooni, iga\u00fcks 1\/2 minutit.Koostis: pooloks\u00fcdeeritud teeS\u00e4ilitamine: hoida jahedas, kuivas ja eemal otsesest p\u00e4ikesevalgusest.<\/li>\n<li><strong>Infusion: <\/strong><br \/>\nYellow color<br \/>\nAroma: milk and vanilla with the typical notes of oolong<br \/>\nTaste: corresponding to the aroma, velvety.<br \/>\nAt what time of day and how:<br \/>\nThroughout the day.<br \/>\nIndicated to accompany:<br \/>\nIt is recommended to drink it alone.<br \/>\nInfusion: 3 gr per cup at 80 \u00b0 for 3 minutes, it is possible to make 2 successive infusions of 1\/2 minutes each.Ingredients: Semi-oxidized teaStorage: Store in a cool, dry place away from direct sunlight.<\/li>\n<\/ul>\n<\/div>","protected":false},"excerpt":{"rendered":"<p>Tootekirjeldus \/ Product Description: Oolong piimane tee. See on ebatavaline tee Hiinast. V\u00e4rsketele teelehtedele lisatakse nende p\u00e4ritolu juures l\u00f5hna- ja maitseaineid. Magusa maitsega, mis meenutab piima. Milky Oolong on pooloks\u00fcdeeritud tee, mida oolongi tees\u00f5brad on k\u00f5ige enam hinnanud. T\u00f6\u00f6tlemisprotsessi ajal on teelehed \u00fcmbritsetud piima aurudega, et anda infusioonile piima ja vanilli sametine ja kreemjas maitse. [&#8230;]\n","protected":false},"featured_media":819,"comment_status":"open","ping_status":"closed","template":"","meta":[],"product_brand":[],"product_cat":[86,68],"product_tag":[],"class_list":{"0":"post-816","1":"product","2":"type-product","3":"status-publish","4":"has-post-thumbnail","6":"product_cat-oolong-tea","7":"product_cat-tea","9":"first","10":"instock","11":"taxable","12":"shipping-taxable","13":"purchasable","14":"product-type-variable"},"_links":{"self":[{"href":"https:\/\/www.balticroad.eu\/et\/wp-json\/wp\/v2\/product\/816","targetHints":{"allow":["GET"]}}],"collection":[{"href":"https:\/\/www.balticroad.eu\/et\/wp-json\/wp\/v2\/product"}],"about":[{"href":"https:\/\/www.balticroad.eu\/et\/wp-json\/wp\/v2\/types\/product"}],"replies":[{"embeddable":true,"href":"https:\/\/www.balticroad.eu\/et\/wp-json\/wp\/v2\/comments?post=816"}],"wp:featuredmedia":[{"embeddable":true,"href":"https:\/\/www.balticroad.eu\/et\/wp-json\/wp\/v2\/media\/819"}],"wp:attachment":[{"href":"https:\/\/www.balticroad.eu\/et\/wp-json\/wp\/v2\/media?parent=816"}],"wp:term":[{"taxonomy":"product_brand","embeddable":true,"href":"https:\/\/www.balticroad.eu\/et\/wp-json\/wp\/v2\/product_brand?post=816"},{"taxonomy":"product_cat","embeddable":true,"href":"https:\/\/www.balticroad.eu\/et\/wp-json\/wp\/v2\/product_cat?post=816"},{"taxonomy":"product_tag","embeddable":true,"href":"https:\/\/www.balticroad.eu\/et\/wp-json\/wp\/v2\/product_tag?post=816"}],"curies":[{"name":"wp","href":"https:\/\/api.w.org\/{rel}","templated":true}]}}