{"id":814,"date":"2020-12-16T08:52:24","date_gmt":"2020-12-16T08:52:24","guid":{"rendered":"https:\/\/www.balticroad.eu\/?post_type=product&#038;p=814"},"modified":"2024-11-26T15:08:54","modified_gmt":"2024-11-26T15:08:54","slug":"mate-tee-meega","status":"publish","type":"product","link":"https:\/\/www.balticroad.eu\/et\/toode\/mate-tee-meega\/","title":{"rendered":"&#8220;Mate Tee Meega&#8221;"},"content":{"rendered":"<h2>Tootekirjeldus \/ Product Description:<\/h2>\n<p>Mate tee (Yerba Mate) on t\u00fc\u00fcpiline L\u00f5una-Ameerika jook. See on \u00fcks populaarsemaid jooke Argentinas, Brasiilias, Uruguays ja Paraguays<\/p>\n<p><b>Mate Tea<\/b>\u00a0(Yerba Mate) is a typical South American drink. It is one of the most favoured drinks in Argentina, Brazil, Uruguay and Paraguay. Yerba Mate is also becoming ever more popular in Europe.<\/p>\n<p>&nbsp;<\/p>\n<ul><!-- --><\/p>\n<li><strong>Koostisosad \/ Ingredients:<\/strong><\/li>\n<li>mate meega<\/li>\n<li>Mate Honey, This naturally caffeinated herbal tea has a unique spicy \u2013 sweet flavour that is refreshing and stimulating.<\/li>\n<\/ul>\n<p>&nbsp;<\/p>\n<ul>\n<li><strong>Ettevalmistus \/ Preparation: <\/strong>90\u00b0 \u2013 3\/5 min<\/li>\n<\/ul>","protected":false},"excerpt":{"rendered":"<p>Tootekirjeldus \/ Product Description: Mate tee (Yerba Mate) on t\u00fc\u00fcpiline L\u00f5una-Ameerika jook. See on \u00fcks populaarsemaid jooke Argentinas, Brasiilias, Uruguays ja Paraguays Mate Tea\u00a0(Yerba Mate) is a typical South American drink. It is one of the most favoured drinks in Argentina, Brazil, Uruguay and Paraguay. Yerba Mate is also becoming ever more popular in Europe. [&#8230;]\n","protected":false},"featured_media":815,"comment_status":"open","ping_status":"closed","template":"","meta":[],"product_brand":[],"product_cat":[85,68],"product_tag":[],"class_list":{"0":"post-814","1":"product","2":"type-product","3":"status-publish","4":"has-post-thumbnail","6":"product_cat-mate","7":"product_cat-tea","9":"first","10":"outofstock","11":"taxable","12":"shipping-taxable","13":"purchasable","14":"product-type-variable"},"_links":{"self":[{"href":"https:\/\/www.balticroad.eu\/et\/wp-json\/wp\/v2\/product\/814","targetHints":{"allow":["GET"]}}],"collection":[{"href":"https:\/\/www.balticroad.eu\/et\/wp-json\/wp\/v2\/product"}],"about":[{"href":"https:\/\/www.balticroad.eu\/et\/wp-json\/wp\/v2\/types\/product"}],"replies":[{"embeddable":true,"href":"https:\/\/www.balticroad.eu\/et\/wp-json\/wp\/v2\/comments?post=814"}],"wp:featuredmedia":[{"embeddable":true,"href":"https:\/\/www.balticroad.eu\/et\/wp-json\/wp\/v2\/media\/815"}],"wp:attachment":[{"href":"https:\/\/www.balticroad.eu\/et\/wp-json\/wp\/v2\/media?parent=814"}],"wp:term":[{"taxonomy":"product_brand","embeddable":true,"href":"https:\/\/www.balticroad.eu\/et\/wp-json\/wp\/v2\/product_brand?post=814"},{"taxonomy":"product_cat","embeddable":true,"href":"https:\/\/www.balticroad.eu\/et\/wp-json\/wp\/v2\/product_cat?post=814"},{"taxonomy":"product_tag","embeddable":true,"href":"https:\/\/www.balticroad.eu\/et\/wp-json\/wp\/v2\/product_tag?post=814"}],"curies":[{"name":"wp","href":"https:\/\/api.w.org\/{rel}","templated":true}]}}