{"id":812,"date":"2020-12-16T08:47:26","date_gmt":"2020-12-16T08:47:26","guid":{"rendered":"https:\/\/www.balticroad.eu\/?post_type=product&#038;p=812"},"modified":"2025-06-20T17:03:34","modified_gmt":"2025-06-20T17:03:34","slug":"mate-original","status":"publish","type":"product","link":"https:\/\/www.balticroad.eu\/et\/toode\/mate-original\/","title":{"rendered":"Mate Green"},"content":{"rendered":"<h2>Tootekirjeldus \/ Product Description:<\/h2>\n<p>Mate tee (Yerba Mate) on t\u00fc\u00fcpiline L\u00f5una-Ameerika jook. Sellel looduslikult kofeiiniga taimeteel on ainulaadne v\u00fcrtsikas-magus maitse, mis kosutab ja ergutab t\u00e4nu k\u00f5rgele kofeiinisisaldusele ning mida peetakse suurep\u00e4raseks alternatiiviks kohvile.<br \/>\nKoristatud lehti, lehe- ja \u00f5ievarsi ning noori lehtede v\u00f5rseid t\u00f6\u00f6deldakse kuumusega, et v\u00e4ltida oks\u00fcdeerumist ja s\u00e4ilitada kaunist rohelist v\u00e4rvi.<\/p>\n<p>Mate Tea (Yerba Mate) is a typical South American drink. This naturally caffeinated herbal tea has a unique spicy \u2013 sweet flavour that is invigorating and stimulating thanks to its high caffeine content and is considered a perfect alternative to coffee.<br \/>\nThe harvested leaves, leaf and flower stalks and young leaf shoots are treated with heat to prevent oxidation and to preserve the beautiful green colour.<\/p>\n<p>&nbsp;<\/p>\n<p><b>Mate Tea<\/b> (Yerba Mate) is a typical South American drink. This naturally caffeinated herbal tea has a unique spicy &#8211; sweet flavour that is\u00a0 invigorating and stimulating\u00a0thanks to its high caffeine content and is considered a perfect alternative to coffee.<\/p>\n<ul><!-- --><\/p>\n<li><strong>Koostisosad \/ Ingredients:<\/strong><\/li>\n<li>mate puhas<\/li>\n<li>pure mate<\/li>\n<\/ul>\n<p>&nbsp;<\/p>\n<ul>\n<li><strong>Ettevalmistus \/ Preparation: <\/strong>95\u00b0 \u2013 4\/5 min<\/li>\n<\/ul>","protected":false},"excerpt":{"rendered":"<p>Tootekirjeldus \/ Product Description: Mate tee (Yerba Mate) on t\u00fc\u00fcpiline L\u00f5una-Ameerika jook. Sellel looduslikult kofeiiniga taimeteel on ainulaadne v\u00fcrtsikas-magus maitse, mis kosutab ja ergutab t\u00e4nu k\u00f5rgele kofeiinisisaldusele ning mida peetakse suurep\u00e4raseks alternatiiviks kohvile. Koristatud lehti, lehe- ja \u00f5ievarsi ning noori lehtede v\u00f5rseid t\u00f6\u00f6deldakse kuumusega, et v\u00e4ltida oks\u00fcdeerumist ja s\u00e4ilitada kaunist rohelist v\u00e4rvi. Mate Tea (Yerba [&#8230;]\n","protected":false},"featured_media":813,"comment_status":"open","ping_status":"closed","template":"","meta":[],"product_brand":[],"product_cat":[85,68],"product_tag":[],"class_list":{"0":"post-812","1":"product","2":"type-product","3":"status-publish","4":"has-post-thumbnail","6":"product_cat-mate","7":"product_cat-tea","9":"first","10":"instock","11":"sale","12":"taxable","13":"shipping-taxable","14":"purchasable","15":"product-type-variable"},"_links":{"self":[{"href":"https:\/\/www.balticroad.eu\/et\/wp-json\/wp\/v2\/product\/812","targetHints":{"allow":["GET"]}}],"collection":[{"href":"https:\/\/www.balticroad.eu\/et\/wp-json\/wp\/v2\/product"}],"about":[{"href":"https:\/\/www.balticroad.eu\/et\/wp-json\/wp\/v2\/types\/product"}],"replies":[{"embeddable":true,"href":"https:\/\/www.balticroad.eu\/et\/wp-json\/wp\/v2\/comments?post=812"}],"wp:featuredmedia":[{"embeddable":true,"href":"https:\/\/www.balticroad.eu\/et\/wp-json\/wp\/v2\/media\/813"}],"wp:attachment":[{"href":"https:\/\/www.balticroad.eu\/et\/wp-json\/wp\/v2\/media?parent=812"}],"wp:term":[{"taxonomy":"product_brand","embeddable":true,"href":"https:\/\/www.balticroad.eu\/et\/wp-json\/wp\/v2\/product_brand?post=812"},{"taxonomy":"product_cat","embeddable":true,"href":"https:\/\/www.balticroad.eu\/et\/wp-json\/wp\/v2\/product_cat?post=812"},{"taxonomy":"product_tag","embeddable":true,"href":"https:\/\/www.balticroad.eu\/et\/wp-json\/wp\/v2\/product_tag?post=812"}],"curies":[{"name":"wp","href":"https:\/\/api.w.org\/{rel}","templated":true}]}}