{"id":809,"date":"2020-12-16T08:42:08","date_gmt":"2020-12-16T08:42:08","guid":{"rendered":"https:\/\/www.balticroad.eu\/?post_type=product&#038;p=809"},"modified":"2025-06-20T17:04:55","modified_gmt":"2025-06-20T17:04:55","slug":"mate-chai","status":"publish","type":"product","link":"https:\/\/www.balticroad.eu\/et\/toode\/mate-chai\/","title":{"rendered":"&#8220;Mate Chai&#8221;"},"content":{"rendered":"<h2>Tootekirjeldus \/ Product Description:<\/h2>\n<p><b>Mate Tea<\/b>\u00a0(Yerba Mate) on t\u00fc\u00fcpiline L\u00f5una-Ameerika jook<\/p>\n<p>&nbsp;<\/p>\n<ul><!-- --><\/p>\n<li><strong>Koostisosad \/ Ingredients: <\/strong>Mate, kaneeli ja ingveri tukid, kardemoni seemned ja kaunad , vanilje,l\u00f5hna-ja maitseained.<\/li>\n<li>Mate green, cinnamon pieces, ginger pieces, cardamom pods, cardamom seeds, vanilla, flavouring<\/li>\n<\/ul>\n<p>&nbsp;<\/p>\n<ul>\n<li><strong>Ettevalmistus \/ Preparation: <\/strong>95\u00b0 \u2013 4\/5 min<\/li>\n<\/ul>","protected":false},"excerpt":{"rendered":"<p>Tootekirjeldus \/ Product Description: Mate Tea\u00a0(Yerba Mate) is a typical South American drink &nbsp; Koostisosad \/ Ingredients: Mate, kaneeli ja ingveri tukid, kardemoni seemned ja kaunad , vanilje,l\u00f5hna-ja maitseained. Mate green, cinnamon pieces, ginger pieces, cardamom pods, cardamom seeds, vanilla, flavouring &nbsp; Ettevalmistus \/ Preparation: 95\u00b0 \u2013 4\/5 min<\/p>","protected":false},"featured_media":808,"comment_status":"open","ping_status":"closed","template":"","meta":[],"product_brand":[],"product_cat":[85,68],"product_tag":[],"class_list":{"0":"post-809","1":"product","2":"type-product","3":"status-publish","4":"has-post-thumbnail","6":"product_cat-mate","7":"product_cat-tea","9":"first","10":"instock","11":"taxable","12":"shipping-taxable","13":"purchasable","14":"product-type-variable","15":"has-default-attributes"},"_links":{"self":[{"href":"https:\/\/www.balticroad.eu\/et\/wp-json\/wp\/v2\/product\/809","targetHints":{"allow":["GET"]}}],"collection":[{"href":"https:\/\/www.balticroad.eu\/et\/wp-json\/wp\/v2\/product"}],"about":[{"href":"https:\/\/www.balticroad.eu\/et\/wp-json\/wp\/v2\/types\/product"}],"replies":[{"embeddable":true,"href":"https:\/\/www.balticroad.eu\/et\/wp-json\/wp\/v2\/comments?post=809"}],"wp:featuredmedia":[{"embeddable":true,"href":"https:\/\/www.balticroad.eu\/et\/wp-json\/wp\/v2\/media\/808"}],"wp:attachment":[{"href":"https:\/\/www.balticroad.eu\/et\/wp-json\/wp\/v2\/media?parent=809"}],"wp:term":[{"taxonomy":"product_brand","embeddable":true,"href":"https:\/\/www.balticroad.eu\/et\/wp-json\/wp\/v2\/product_brand?post=809"},{"taxonomy":"product_cat","embeddable":true,"href":"https:\/\/www.balticroad.eu\/et\/wp-json\/wp\/v2\/product_cat?post=809"},{"taxonomy":"product_tag","embeddable":true,"href":"https:\/\/www.balticroad.eu\/et\/wp-json\/wp\/v2\/product_tag?post=809"}],"curies":[{"name":"wp","href":"https:\/\/api.w.org\/{rel}","templated":true}]}}