{"id":795,"date":"2020-12-16T07:11:21","date_gmt":"2020-12-16T07:11:21","guid":{"rendered":"https:\/\/www.balticroad.eu\/?post_type=product&#038;p=795"},"modified":"2025-11-01T13:39:53","modified_gmt":"2025-11-01T13:39:53","slug":"wild-cherry","status":"publish","type":"product","link":"https:\/\/www.balticroad.eu\/et\/toode\/wild-cherry\/","title":{"rendered":"Wild Cherry"},"content":{"rendered":"<h2>Tootekirjeldus \/ Product Description:<\/h2>\n<p>Puuviljane, kergelt hapukas kompositsioon mahlaste metskirsside austajatele.<\/p>\n<p>A fruity, slightly tart composition for lovers of juicy wild cherries.<\/p>\n<p>Must tee, Black tea<\/p>\n<p>&nbsp;<\/p>\n<p><strong>Koostisosad \/ Ingredients: <\/strong><\/p>\n<p>must tee, j\u00f5hvikat\u00fckid , l\u00f5hna- ja maitseained.<\/p>\n<p>black tea, cranberry pieces, flavourings.<\/p>\n<p><strong>Ettevalmistus \/ Preparation:<\/strong><\/p>\n<p>3-5 min.Temperatuur: 100 \u00b0C. 4-5 tl \/ 1 liiter<\/p>\n<p>3-5 min. Temperature: 100 \u00b0C. 4-5 tsp \/ 1 liter<\/p>\n<p>&nbsp;<\/p>","protected":false},"excerpt":{"rendered":"<p>Tootekirjeldus \/ Product Description: Puuviljane, kergelt hapukas kompositsioon mahlaste metskirsside austajatele. A fruity, slightly tart composition for lovers of juicy wild cherries. Must tee, Black tea &nbsp; Koostisosad \/ Ingredients: must tee, j\u00f5hvikat\u00fckid , l\u00f5hna- ja maitseained. black tea, cranberry pieces, flavourings. Ettevalmistus \/ Preparation: 3-5 min.Temperatuur: 100 \u00b0C. 4-5 tl \/ 1 liiter 3-5 [&#8230;]\n","protected":false},"featured_media":796,"comment_status":"open","ping_status":"closed","template":"","meta":[],"product_brand":[],"product_cat":[80,68],"product_tag":[],"class_list":{"0":"post-795","1":"product","2":"type-product","3":"status-publish","4":"has-post-thumbnail","6":"product_cat-flavoured-tea","7":"product_cat-tea","9":"first","10":"instock","11":"taxable","12":"shipping-taxable","13":"purchasable","14":"product-type-variable"},"_links":{"self":[{"href":"https:\/\/www.balticroad.eu\/et\/wp-json\/wp\/v2\/product\/795","targetHints":{"allow":["GET"]}}],"collection":[{"href":"https:\/\/www.balticroad.eu\/et\/wp-json\/wp\/v2\/product"}],"about":[{"href":"https:\/\/www.balticroad.eu\/et\/wp-json\/wp\/v2\/types\/product"}],"replies":[{"embeddable":true,"href":"https:\/\/www.balticroad.eu\/et\/wp-json\/wp\/v2\/comments?post=795"}],"wp:featuredmedia":[{"embeddable":true,"href":"https:\/\/www.balticroad.eu\/et\/wp-json\/wp\/v2\/media\/796"}],"wp:attachment":[{"href":"https:\/\/www.balticroad.eu\/et\/wp-json\/wp\/v2\/media?parent=795"}],"wp:term":[{"taxonomy":"product_brand","embeddable":true,"href":"https:\/\/www.balticroad.eu\/et\/wp-json\/wp\/v2\/product_brand?post=795"},{"taxonomy":"product_cat","embeddable":true,"href":"https:\/\/www.balticroad.eu\/et\/wp-json\/wp\/v2\/product_cat?post=795"},{"taxonomy":"product_tag","embeddable":true,"href":"https:\/\/www.balticroad.eu\/et\/wp-json\/wp\/v2\/product_tag?post=795"}],"curies":[{"name":"wp","href":"https:\/\/api.w.org\/{rel}","templated":true}]}}