{"id":793,"date":"2020-12-16T07:08:28","date_gmt":"2020-12-16T07:08:28","guid":{"rendered":"https:\/\/www.balticroad.eu\/?post_type=product&#038;p=793"},"modified":"2025-06-20T17:08:56","modified_gmt":"2025-06-20T17:08:56","slug":"mogo-fresh","status":"publish","type":"product","link":"https:\/\/www.balticroad.eu\/et\/toode\/mogo-fresh\/","title":{"rendered":"Mogo fresh"},"content":{"rendered":"<h2>Tootekirjeldus \/ Product Description:<\/h2>\n<p>roheline tee banaaniga ja arbuusiga. looduslik maitse.<\/p>\n<p>green tea with bananas and watermelon. natural flavor.<\/p>\n<p>&nbsp;<\/p>\n<p>Roheline tee Sencha<\/p>\n<p>&nbsp;<\/p>\n<p><strong>Koostisosad \/ Ingredients: <\/strong><\/p>\n<p>Roheline tee Sencha , banaani -, mango-,meloni t\u00fckid, rukkilille \u00f5ied, , NATURAALNE L\u00f5hna- ja maitseained.<br \/>\nGreen tea Sencha ,banan-,mango-, melon pieces, cornflowers petals, NATURAL flavouring<\/p>\n<p><strong>Ettevalmistus \/ Preparation:<\/strong><br \/>\nValmimisaeg\u00a0 4\/5 Min<br \/>\nVee temperatuur 90 \u00b0 C<br \/>\nTee kogus 1tl<\/p>\n<p>&nbsp;<\/p>\n<p>&nbsp;<\/p>","protected":false},"excerpt":{"rendered":"<p>Tootekirjeldus \/ Product Description: roheline tee banaaniga ja arbuusiga. looduslik maitse. green tea with bananas and watermelon. natural flavor. &nbsp; Roheline tee Sencha &nbsp; Koostisosad \/ Ingredients: Roheline tee Sencha , banaani -, mango-,meloni t\u00fckid, rukkilille \u00f5ied, , NATURAALNE L\u00f5hna- ja maitseained. Green tea Sencha ,banan-,mango-, melon pieces, cornflowers petals, NATURAL flavouring Ettevalmistus \/ Preparation: [&#8230;]\n","protected":false},"featured_media":794,"comment_status":"open","ping_status":"closed","template":"","meta":[],"product_brand":[],"product_cat":[80,68],"product_tag":[],"class_list":{"0":"post-793","1":"product","2":"type-product","3":"status-publish","4":"has-post-thumbnail","6":"product_cat-flavoured-tea","7":"product_cat-tea","9":"first","10":"instock","11":"taxable","12":"shipping-taxable","13":"purchasable","14":"product-type-variable"},"_links":{"self":[{"href":"https:\/\/www.balticroad.eu\/et\/wp-json\/wp\/v2\/product\/793","targetHints":{"allow":["GET"]}}],"collection":[{"href":"https:\/\/www.balticroad.eu\/et\/wp-json\/wp\/v2\/product"}],"about":[{"href":"https:\/\/www.balticroad.eu\/et\/wp-json\/wp\/v2\/types\/product"}],"replies":[{"embeddable":true,"href":"https:\/\/www.balticroad.eu\/et\/wp-json\/wp\/v2\/comments?post=793"}],"wp:featuredmedia":[{"embeddable":true,"href":"https:\/\/www.balticroad.eu\/et\/wp-json\/wp\/v2\/media\/794"}],"wp:attachment":[{"href":"https:\/\/www.balticroad.eu\/et\/wp-json\/wp\/v2\/media?parent=793"}],"wp:term":[{"taxonomy":"product_brand","embeddable":true,"href":"https:\/\/www.balticroad.eu\/et\/wp-json\/wp\/v2\/product_brand?post=793"},{"taxonomy":"product_cat","embeddable":true,"href":"https:\/\/www.balticroad.eu\/et\/wp-json\/wp\/v2\/product_cat?post=793"},{"taxonomy":"product_tag","embeddable":true,"href":"https:\/\/www.balticroad.eu\/et\/wp-json\/wp\/v2\/product_tag?post=793"}],"curies":[{"name":"wp","href":"https:\/\/api.w.org\/{rel}","templated":true}]}}