{"id":677,"date":"2020-12-13T09:52:11","date_gmt":"2020-12-13T09:52:11","guid":{"rendered":"https:\/\/www.balticroad.eu\/?post_type=product&#038;p=677"},"modified":"2023-11-21T09:52:55","modified_gmt":"2023-11-21T09:52:55","slug":"il-tradizionale-bottiglia-dorica-marasca-750-ml","status":"publish","type":"product","link":"https:\/\/www.balticroad.eu\/et\/toode\/il-tradizionale-bottiglia-dorica-marasca-750-ml\/","title":{"rendered":"Il Tradizionale \u2013 bottiglia \u201cDorica\/Marasca\u201d (750 ml)"},"content":{"rendered":"<h2>Tootekirjeldus \/ Product Description:<\/h2>\n<p>Ekstra-neitsioliivi\u00f5li Oleificio Capogreco valmistab olliv\u00f5li alates 1888 a. (!). v\u00f5tiis kuldmedal italia konkursis Extra Virgin Olive Oil International Competition \u201cTerraolivo\u201d (Mediterranean International E.V.Olive Oil Competition). (More 500 samples and 17 countries) Gold medals Extravirgin Olive Oil \u201cTerraolivo 2014\u201d<\/p>\n<p>Eriti neitsioliivi\u00f5li P\u00e4ritolupiirkond: Reggio Calabria Joonia piirkond Monasterace ja Brancaleone Koristustehnika: k\u00e4sitsi ja mehaaniliselt korjamine. Ekstraheerimiss\u00fcsteem: k\u00fclm Paneelikatse ekspertide degusteerijate m\u00e4\u00e4ratletud \u00f5li: \u201eRoheliste ja segatud oliivide intensiivne puuviljane, rohu ja lehtede, k\u00fcpsete k\u00f6\u00f6giviljade ja rohelise tomatiga. Maitsele esitatakse seda v\u00fcrtsika ja magusa kibeduse nootidega, mis j\u00e4litavad teineteist suulaes ja loovad harmoonia, l\u00f5puks on meeldiv j\u00e4relmaitse kuivatatud puuviljadest, eriti p\u00e4hklist ja mandlist. V\u00e4ga harmooniline.<\/p>\n<p>V\u00e4rv: kuldkollane roheliste peegeldustega &#8220;. Selge roheline v\u00e4rv, millele on lisatud vihjeid kollastest peegeldustest, esitleb seda \u00f5li, mis avaneb ninale \u00f5rna oliivil\u00f5hnaga \u00f5igel k\u00fcpsusastmel ning tajub oliivilehte ja rohtu selgelt.<\/p>\n<p>Soovitatav kasutusala: segasalatid, kaunviljasupid ja grillitud punane liha, eriti soovitatav Vahemere dieedi jaoks. Selle omaduste s\u00e4ilitamiseks tuleb seda hoida valguse eest jahedas ja kuivas kohas. K\u00f5rgema kategooria ekstra neitsioliivi\u00f5li, mis on saadud otse oliividest ja ainult mehaaniliste vahenditega.<\/p>\n<p>&nbsp;<\/p>","protected":false},"excerpt":{"rendered":"<p>Tootekirjeldus \/ Product Description: Ekstra-neitsioliivi\u00f5li Oleificio Capogreco valmistab olliv\u00f5li alates 1888 a. (!). v\u00f5tiis kuldmedal italia konkursis Extra Virgin Olive Oil International Competition \u201cTerraolivo\u201d (Mediterranean International E.V.Olive Oil Competition). (More 500 samples and 17 countries) Gold medals Extravirgin Olive Oil \u201cTerraolivo 2014\u201d Eriti neitsioliivi\u00f5li P\u00e4ritolupiirkond: Reggio Calabria Joonia piirkond Monasterace ja Brancaleone Koristustehnika: k\u00e4sitsi ja [&#8230;]\n","protected":false},"featured_media":678,"comment_status":"open","ping_status":"closed","template":"","meta":[],"product_brand":[],"product_cat":[78,74],"product_tag":[],"class_list":{"0":"post-677","1":"product","2":"type-product","3":"status-publish","4":"has-post-thumbnail","6":"product_cat-extra-virgin-oil-oil","7":"product_cat-oil","9":"first","10":"outofstock","11":"sale","12":"taxable","13":"shipping-taxable","14":"purchasable","15":"product-type-simple"},"_links":{"self":[{"href":"https:\/\/www.balticroad.eu\/et\/wp-json\/wp\/v2\/product\/677","targetHints":{"allow":["GET"]}}],"collection":[{"href":"https:\/\/www.balticroad.eu\/et\/wp-json\/wp\/v2\/product"}],"about":[{"href":"https:\/\/www.balticroad.eu\/et\/wp-json\/wp\/v2\/types\/product"}],"replies":[{"embeddable":true,"href":"https:\/\/www.balticroad.eu\/et\/wp-json\/wp\/v2\/comments?post=677"}],"wp:featuredmedia":[{"embeddable":true,"href":"https:\/\/www.balticroad.eu\/et\/wp-json\/wp\/v2\/media\/678"}],"wp:attachment":[{"href":"https:\/\/www.balticroad.eu\/et\/wp-json\/wp\/v2\/media?parent=677"}],"wp:term":[{"taxonomy":"product_brand","embeddable":true,"href":"https:\/\/www.balticroad.eu\/et\/wp-json\/wp\/v2\/product_brand?post=677"},{"taxonomy":"product_cat","embeddable":true,"href":"https:\/\/www.balticroad.eu\/et\/wp-json\/wp\/v2\/product_cat?post=677"},{"taxonomy":"product_tag","embeddable":true,"href":"https:\/\/www.balticroad.eu\/et\/wp-json\/wp\/v2\/product_tag?post=677"}],"curies":[{"name":"wp","href":"https:\/\/api.w.org\/{rel}","templated":true}]}}