{"id":675,"date":"2020-12-13T09:46:50","date_gmt":"2020-12-13T09:46:50","guid":{"rendered":"https:\/\/www.balticroad.eu\/?post_type=product&#038;p=675"},"modified":"2025-07-15T19:31:23","modified_gmt":"2025-07-15T19:31:23","slug":"il-classico-bottiglia-puglia-1-l","status":"publish","type":"product","link":"https:\/\/www.balticroad.eu\/et\/toode\/il-classico-bottiglia-puglia-1-l\/","title":{"rendered":"Il Classico \u2013 bottiglia &#8220;Puglia&#8221; (75 cl)"},"content":{"rendered":"<h2>Tootekirjeldus \/ Product Description:<\/h2>\n<p>Itaalia Ekstra Neitsioliivi\u00f5li Oleificio Capuano Pasquale, k\u00fclmpress ,<\/p>\n<p>Apuulia pudel ekstra neitsioliivi\u00f5li &#8211; 750 ml formaadis. Kirjeldus: Ekstra neitsioliivi\u00f5li Kultivar: Coratina P\u00e4ritolupiirkond: Puglia Koristustehnika: K\u00e4sitsi ja mehaaniliselt korjamine Ekstraheerimiss\u00fcsteem: K\u00fclm \u00d5li on ainulaadne toode paljude toitumisomaduste poolest sisaldab.<\/p>\n<p>Capuano Pasquale pakub parimat \u00f5likunsti maitset ja valikut ekstra neitsioliivi\u00f5liga &#8220;Il Classico&#8221; variandis, mis on Vahemere k\u00f6\u00f6gi s\u00fcmbol, 100% Itaalia, \u00f5rna ja meeldiva maitsega, maitsestamiseks magusaga. See toode on tervislike, v\u00e4rskete ja tippkvaliteediga oliivide tulemus, mis on koristatud \u00f5iges k\u00fcpsusastmes ja pressitud kohe.<\/p>","protected":false},"excerpt":{"rendered":"<p>Tootekirjeldus \/ Product Description: Itaalia Ekstra Neitsioliivi\u00f5li Oleificio Capuano Pasquale, k\u00fclmpress , Apuulia pudel ekstra neitsioliivi\u00f5li &#8211; 750 ml formaadis. Kirjeldus: Ekstra neitsioliivi\u00f5li Kultivar: Coratina P\u00e4ritolupiirkond: Puglia Koristustehnika: K\u00e4sitsi ja mehaaniliselt korjamine Ekstraheerimiss\u00fcsteem: K\u00fclm \u00d5li on ainulaadne toode paljude toitumisomaduste poolest sisaldab. Capuano Pasquale pakub parimat \u00f5likunsti maitset ja valikut ekstra neitsioliivi\u00f5liga &#8220;Il Classico&#8221; variandis, [&#8230;]\n","protected":false},"featured_media":2520,"comment_status":"open","ping_status":"closed","template":"","meta":[],"product_brand":[],"product_cat":[78,74],"product_tag":[],"class_list":{"0":"post-675","1":"product","2":"type-product","3":"status-publish","4":"has-post-thumbnail","6":"product_cat-extra-virgin-oil-oil","7":"product_cat-oil","9":"first","10":"outofstock","11":"sale","12":"taxable","13":"shipping-taxable","14":"purchasable","15":"product-type-simple"},"_links":{"self":[{"href":"https:\/\/www.balticroad.eu\/et\/wp-json\/wp\/v2\/product\/675","targetHints":{"allow":["GET"]}}],"collection":[{"href":"https:\/\/www.balticroad.eu\/et\/wp-json\/wp\/v2\/product"}],"about":[{"href":"https:\/\/www.balticroad.eu\/et\/wp-json\/wp\/v2\/types\/product"}],"replies":[{"embeddable":true,"href":"https:\/\/www.balticroad.eu\/et\/wp-json\/wp\/v2\/comments?post=675"}],"wp:featuredmedia":[{"embeddable":true,"href":"https:\/\/www.balticroad.eu\/et\/wp-json\/wp\/v2\/media\/2520"}],"wp:attachment":[{"href":"https:\/\/www.balticroad.eu\/et\/wp-json\/wp\/v2\/media?parent=675"}],"wp:term":[{"taxonomy":"product_brand","embeddable":true,"href":"https:\/\/www.balticroad.eu\/et\/wp-json\/wp\/v2\/product_brand?post=675"},{"taxonomy":"product_cat","embeddable":true,"href":"https:\/\/www.balticroad.eu\/et\/wp-json\/wp\/v2\/product_cat?post=675"},{"taxonomy":"product_tag","embeddable":true,"href":"https:\/\/www.balticroad.eu\/et\/wp-json\/wp\/v2\/product_tag?post=675"}],"curies":[{"name":"wp","href":"https:\/\/api.w.org\/{rel}","templated":true}]}}