{"id":537,"date":"2020-12-10T10:38:19","date_gmt":"2020-12-10T10:38:19","guid":{"rendered":"https:\/\/www.balticroad.eu\/?post_type=product&#038;p=537"},"modified":"2025-07-06T09:29:24","modified_gmt":"2025-07-06T09:29:24","slug":"verdadero","status":"publish","type":"product","link":"https:\/\/www.balticroad.eu\/et\/toode\/verdadero\/","title":{"rendered":"Caffe Morning Arabica"},"content":{"rendered":"<h2>Tootekirjeldus \/ Product Description:<\/h2>\n<p>Morning on ubade kohvisegu, mis sobib ideaalselt kohvikutesse, restoranidesse ja kohtadesse, mis otsivad t\u00e4iuslikku tasakaalu segamise ja r\u00f6stimise vahel, et luua t\u00e4iuslik cappuccino.<\/p>\n<p>Segu on valmistatud araabika ubade kohvist Brasiiliast ja Kesk-Ameerikast ning Robustast Aasiast ja Aafrikast.<\/p>\n<p>See valik pakub tasakaalustatud aromaatseid noote, mis sobivad ideaalselt cappuccino valmistamiseks, puuviljade ja \u0161okolaadi nootidega, mida saadavad puuviljased ja lillelised noodid.<\/p>\n<p>&nbsp;<\/p>\n<p>Morning is the beans coffee blend\u00a0<strong>ideal for caf\u00e9s<\/strong>,\u00a0<strong>restaurants<\/strong>\u00a0and places looking for the perfect balance between blending and roasting to create a perfect cappuccino.<\/p>\n<p>The blend is made of Arabica beans coffee from Brazil and Central America and Robusta from Asia and Africa.<\/p>\n<p>This selection provides balanced, aromatic notes perfect for obtaining a cappuccino with hints of fruit and chocolate are accompanied by fruity and floral notes.<\/p>\n<p>&nbsp;<\/p>\n<p>A blend of coffee beans for espresso machines at the coffee bar with a rounded and aromatic taste. Made up of a balanced proportion of Arabica and Robusta coming from selected plantations growing the best Brazilian, Central American, Asian and African coffees.<\/p>\n<div class=\"vc_separator wpb_content_element vc_separator_align_center vc_sep_width_100 vc_sep_pattern-background vc_sep_pos_align_center vc_sep_color_grey vc_custom_1482819763066 vc_separator-has-text\">\n<h4><\/h4>\n<\/div>","protected":false},"excerpt":{"rendered":"<p>Tootekirjeldus \/ Product Description: Morning on ubade kohvisegu, mis sobib ideaalselt kohvikutesse, restoranidesse ja kohtadesse, mis otsivad t\u00e4iuslikku tasakaalu segamise ja r\u00f6stimise vahel, et luua t\u00e4iuslik cappuccino. Segu on valmistatud araabika ubade kohvist Brasiiliast ja Kesk-Ameerikast ning Robustast Aasiast ja Aafrikast. See valik pakub tasakaalustatud aromaatseid noote, mis sobivad ideaalselt cappuccino valmistamiseks, puuviljade ja \u0161okolaadi [&#8230;]\n","protected":false},"featured_media":2637,"comment_status":"open","ping_status":"closed","template":"","meta":[],"product_brand":[],"product_cat":[70,79],"product_tag":[],"class_list":{"0":"post-537","1":"product","2":"type-product","3":"status-publish","4":"has-post-thumbnail","6":"product_cat-coffee","7":"product_cat-italian-coffee-beans-coffee","9":"first","10":"outofstock","11":"taxable","12":"shipping-taxable","13":"purchasable","14":"product-type-simple"},"_links":{"self":[{"href":"https:\/\/www.balticroad.eu\/et\/wp-json\/wp\/v2\/product\/537","targetHints":{"allow":["GET"]}}],"collection":[{"href":"https:\/\/www.balticroad.eu\/et\/wp-json\/wp\/v2\/product"}],"about":[{"href":"https:\/\/www.balticroad.eu\/et\/wp-json\/wp\/v2\/types\/product"}],"replies":[{"embeddable":true,"href":"https:\/\/www.balticroad.eu\/et\/wp-json\/wp\/v2\/comments?post=537"}],"wp:featuredmedia":[{"embeddable":true,"href":"https:\/\/www.balticroad.eu\/et\/wp-json\/wp\/v2\/media\/2637"}],"wp:attachment":[{"href":"https:\/\/www.balticroad.eu\/et\/wp-json\/wp\/v2\/media?parent=537"}],"wp:term":[{"taxonomy":"product_brand","embeddable":true,"href":"https:\/\/www.balticroad.eu\/et\/wp-json\/wp\/v2\/product_brand?post=537"},{"taxonomy":"product_cat","embeddable":true,"href":"https:\/\/www.balticroad.eu\/et\/wp-json\/wp\/v2\/product_cat?post=537"},{"taxonomy":"product_tag","embeddable":true,"href":"https:\/\/www.balticroad.eu\/et\/wp-json\/wp\/v2\/product_tag?post=537"}],"curies":[{"name":"wp","href":"https:\/\/api.w.org\/{rel}","templated":true}]}}