{"id":498,"date":"2020-12-10T09:21:21","date_gmt":"2020-12-10T09:21:21","guid":{"rendered":"https:\/\/www.balticroad.eu\/?post_type=product&#038;p=498"},"modified":"2025-06-20T17:15:54","modified_gmt":"2025-06-20T17:15:54","slug":"samurai-roheline-tee","status":"publish","type":"product","link":"https:\/\/www.balticroad.eu\/et\/toode\/samurai-roheline-tee\/","title":{"rendered":"Samurai ( 7 samurai ) roheline tee"},"content":{"rendered":"<h2>Tootekirjeldus \/ Product Description:<\/h2>\n<p>\u00dcks enimm\u00fc\u00fcdud rohelisi teesid, millel on v\u00e4ga eriline maitse, mis annab sandlipuu<\/p>\n<p>One of the TOP selling green teas with very particular taste what gives sandal tree<\/p>\n<p>Samurai \/ Japan<\/p>\n<p><strong>Koostisosad \/ Ingredients: <\/strong>Roheline tee Sencha, ananassi- mango-,papaiat\u00fckid, sandlipuu, \u015bokolaad, kakao<br \/>\nGreen tea Sencha,pineapple, mango,papaya, sandal tree,chocolate, cacao bits<\/p>\n<p><strong>Ettevalmistus \/ Preparation<\/strong>:<\/p>\n<p>2 g \/ 200 ml umbes 90\u00b0C kuuma vett, infusiooniaeg 2 kuni 3 minutit.<\/p>\n<p>2 g \/ 200 ml of about 90\u00b0 C hot water, 2 to 3 minutes infusion time.<\/p>","protected":false},"excerpt":{"rendered":"<p>Tootekirjeldus \/ Product Description: \u00dcks enimm\u00fc\u00fcdud rohelisi teesid, millel on v\u00e4ga eriline maitse, mis annab sandlipuu One of the TOP selling green teas with very particular taste what gives sandal tree Samurai \/ Japan Koostisosad \/ Ingredients: Roheline tee Sencha, ananassi- mango-,papaiat\u00fckid, sandlipuu, \u015bokolaad, kakao Green tea Sencha,pineapple, mango,papaya, sandal tree,chocolate, cacao bits Ettevalmistus \/ [&#8230;]\n","protected":false},"featured_media":499,"comment_status":"open","ping_status":"closed","template":"","meta":[],"product_brand":[],"product_cat":[80,68],"product_tag":[],"class_list":{"0":"post-498","1":"product","2":"type-product","3":"status-publish","4":"has-post-thumbnail","6":"product_cat-flavoured-tea","7":"product_cat-tea","9":"first","10":"instock","11":"taxable","12":"shipping-taxable","13":"purchasable","14":"product-type-variable"},"_links":{"self":[{"href":"https:\/\/www.balticroad.eu\/et\/wp-json\/wp\/v2\/product\/498","targetHints":{"allow":["GET"]}}],"collection":[{"href":"https:\/\/www.balticroad.eu\/et\/wp-json\/wp\/v2\/product"}],"about":[{"href":"https:\/\/www.balticroad.eu\/et\/wp-json\/wp\/v2\/types\/product"}],"replies":[{"embeddable":true,"href":"https:\/\/www.balticroad.eu\/et\/wp-json\/wp\/v2\/comments?post=498"}],"wp:featuredmedia":[{"embeddable":true,"href":"https:\/\/www.balticroad.eu\/et\/wp-json\/wp\/v2\/media\/499"}],"wp:attachment":[{"href":"https:\/\/www.balticroad.eu\/et\/wp-json\/wp\/v2\/media?parent=498"}],"wp:term":[{"taxonomy":"product_brand","embeddable":true,"href":"https:\/\/www.balticroad.eu\/et\/wp-json\/wp\/v2\/product_brand?post=498"},{"taxonomy":"product_cat","embeddable":true,"href":"https:\/\/www.balticroad.eu\/et\/wp-json\/wp\/v2\/product_cat?post=498"},{"taxonomy":"product_tag","embeddable":true,"href":"https:\/\/www.balticroad.eu\/et\/wp-json\/wp\/v2\/product_tag?post=498"}],"curies":[{"name":"wp","href":"https:\/\/api.w.org\/{rel}","templated":true}]}}