{"id":3565,"date":"2026-04-25T11:45:36","date_gmt":"2026-04-25T11:45:36","guid":{"rendered":"https:\/\/www.balticroad.eu\/?post_type=product&#038;p=3565"},"modified":"2026-04-25T17:07:36","modified_gmt":"2026-04-25T17:07:36","slug":"moringa-fresh","status":"publish","type":"product","link":"https:\/\/www.balticroad.eu\/et\/toode\/moringa-fresh\/","title":{"rendered":"Moringa Fresh"},"content":{"rendered":"<h2>Tootekirjeldus \/ Product Description:<\/h2>\n<p>Herbal Wellness &amp; Antioxidant Infusion<\/p>\n<p>&nbsp;<\/p>\n<ul>\n<li style=\"list-style-type: none;\">\n<ul>\n<li>Iseloom: \u00dcrdine, v\u00fcrtsikas, v\u00e4rskeErip\u00e4rad Suurep\u00e4raselt tasakaalustatud taimetee ilma lisatud maitseaineteta! Tee avaldab muljet oma loomuliku v\u00e4rskusega t\u00e4nu v\u00e4\u00e4rtuslikele moringalehtedele ja v\u00e4rskele piparm\u00fcndile. Mahedad muraka- ja n\u00f5geselehed t\u00e4iendavad segu harmooniliselt. Visuaalseks esilet\u00f5stmiseks on punased v\u00e4ljaulatuvad goji marjad.<\/li>\n<li>Specials An excellently balanced herbal tea without any added flavors! The tea impresses with its natural freshness through valuable Moringa leaves and fresh peppermint. Mild blackberry and nettle leaves round off the blend harmoniously. The visual highlight are the red sticking out goji berries.<\/li>\n<li><\/li>\n<\/ul>\n<\/li>\n<\/ul>\n<p><!-- --><\/p>\n<ul>\n<li><strong>Koostisosad \/ Ingredients<\/strong><\/li>\n<li>blackberry leaves, stinging nettle leaves, peppermint, moringa leaves (10%), cranberries (cranberries, sugar, separating agent: sunflower seed oil), goji berries, rose flower petals red.<\/li>\n<li><\/li>\n<li>muraka lehed, n\u00f5geselehed, piparm\u00fcnt, moringa lehed (10%), j\u00f5hvikad , goji marjad, punased roosi\u00f5ie kroonlehed<\/li>\n<\/ul>\n<p>&nbsp;<\/p>\n<ul>\n<li><strong>Ettevalmistus \/ Preparation: <\/strong><\/li>\n<li>100\u00b0 \u2013 6-10 min. 8-10 g \/ 1 Litre<\/li>\n<\/ul>\n<p><strong>Longer infusion time:<\/strong> more intense and spicy flavor.<br \/>\n<strong>Shorter infusion time:<\/strong> more delicate and subtle aroma.<br \/>\n<strong>Cold infusion:<\/strong> fresh, delicate, and slightly sweet flavor.<\/p>\n<p>Pikem t\u00f5mmisaeg: intensiivsem ja v\u00fcrtsikam maitse.<br \/>\nL\u00fchem t\u00f5mmisaeg: \u00f5rnem ja peenem aroom.<br \/>\nK\u00fclmt\u00f5mmis: v\u00e4rske, \u00f5rn ja kergelt magus maitse.<\/p>","protected":false},"excerpt":{"rendered":"<p>Tootekirjeldus \/ Product Description: Herbal Wellness &amp; Antioxidant Infusion &nbsp; Iseloom: \u00dcrdine, v\u00fcrtsikas, v\u00e4rskeErip\u00e4rad Suurep\u00e4raselt tasakaalustatud taimetee ilma lisatud maitseaineteta! Tee avaldab muljet oma loomuliku v\u00e4rskusega t\u00e4nu v\u00e4\u00e4rtuslikele moringalehtedele ja v\u00e4rskele piparm\u00fcndile. Mahedad muraka- ja n\u00f5geselehed t\u00e4iendavad segu harmooniliselt. Visuaalseks esilet\u00f5stmiseks on punased v\u00e4ljaulatuvad goji marjad. Specials An excellently balanced herbal tea without any added [&#8230;]\n","protected":false},"featured_media":3573,"comment_status":"open","ping_status":"closed","template":"","meta":[],"product_brand":[],"product_cat":[68,87],"product_tag":[],"class_list":{"0":"post-3565","1":"product","2":"type-product","3":"status-publish","4":"has-post-thumbnail","6":"product_cat-tea","7":"product_cat-wellness-botanicals-and-herbal-selection","9":"first","10":"instock","11":"taxable","12":"shipping-taxable","13":"purchasable","14":"product-type-variable"},"_links":{"self":[{"href":"https:\/\/www.balticroad.eu\/et\/wp-json\/wp\/v2\/product\/3565","targetHints":{"allow":["GET"]}}],"collection":[{"href":"https:\/\/www.balticroad.eu\/et\/wp-json\/wp\/v2\/product"}],"about":[{"href":"https:\/\/www.balticroad.eu\/et\/wp-json\/wp\/v2\/types\/product"}],"replies":[{"embeddable":true,"href":"https:\/\/www.balticroad.eu\/et\/wp-json\/wp\/v2\/comments?post=3565"}],"wp:featuredmedia":[{"embeddable":true,"href":"https:\/\/www.balticroad.eu\/et\/wp-json\/wp\/v2\/media\/3573"}],"wp:attachment":[{"href":"https:\/\/www.balticroad.eu\/et\/wp-json\/wp\/v2\/media?parent=3565"}],"wp:term":[{"taxonomy":"product_brand","embeddable":true,"href":"https:\/\/www.balticroad.eu\/et\/wp-json\/wp\/v2\/product_brand?post=3565"},{"taxonomy":"product_cat","embeddable":true,"href":"https:\/\/www.balticroad.eu\/et\/wp-json\/wp\/v2\/product_cat?post=3565"},{"taxonomy":"product_tag","embeddable":true,"href":"https:\/\/www.balticroad.eu\/et\/wp-json\/wp\/v2\/product_tag?post=3565"}],"curies":[{"name":"wp","href":"https:\/\/api.w.org\/{rel}","templated":true}]}}