{"id":3555,"date":"2026-04-14T12:24:18","date_gmt":"2026-04-14T12:24:18","guid":{"rendered":"https:\/\/www.balticroad.eu\/?post_type=product&#038;p=3555"},"modified":"2026-04-14T12:39:54","modified_gmt":"2026-04-14T12:39:54","slug":"china-gabalong-gaba","status":"publish","type":"product","link":"https:\/\/www.balticroad.eu\/et\/toode\/china-gabalong-gaba\/","title":{"rendered":"China Gabalong  Gaba"},"content":{"rendered":"<h2>Tootekirjeldus \/ Product Description:<\/h2>\n<ul>\n<li style=\"list-style-type: none;\">\n<ul>\n<li>Iseloom: Kompleksne, t\u00e4idlane, magus<br \/>\nKasvuk\u00f5rgus meetrites 800\u2013900<br \/>\nKasvupiirkond: Anhui, Huang Shan<br \/>\nKorjamisperiood: 03\u201305<br \/>\nLeht: Oliivrohelisest oliivroheliseni, kuldsete n\u00fcanssidega, keskmise v\u00e4rvusega, tihedalt rullitud<br \/>\nTass: Kuldse kuni oran\u017ei v\u00e4rvusega, selge<br \/>\nErip\u00e4rad: Seda erilist teed on siin umbes 6 aastat toodetud orgaanilise sordina, kasutades k\u00f5rgtehnoloogilist protsessi. Lehtede GABA (gamma-aminov\u00f5ihape) sisaldust rikastatakse anaeroobse atmosf\u00e4\u00e4ri abil viljelusfaasis. Toodetud tumeda oolongina, v\u00e4ga aromaatne.<\/li>\n<li><\/li>\n<li>Character Complex, full-bodied, sweet<br \/>\nGrowing altitude in meters 800 &#8211; 900<br \/>\nGrowing area Anhui, Huang Shan<br \/>\nHarvest period 03 &#8211; 05<br \/>\nLeaf: Olive green to olive dark , golden nuances, medium, tightly rolled<br \/>\nCup: Gold-coloured to orange , clear<br \/>\nSpecials Since about 6 years this special tea is being produced here as an organic variety using a High-Tech process. The GABA (Gamma-Amino-Butyric-Acid) content in the leafs is being fortified by anaerobic atmosphere in the wilking stage. Produced as a dark Oolong, very aromatic.<\/li>\n<li><\/li>\n<\/ul>\n<\/li>\n<\/ul>\n<p><!-- --><\/p>\n<ul>\n<li><strong>Koostisosad \/ Ingredients<\/strong><\/li>\n<li>Leaf:<em class=\"eujQNb\" data-sfc-root=\"c\" data-sfc-cb=\"\" data-processed=\"true\">Camellia sinensis<\/em> , dark Oolong<\/li>\n<li><\/li>\n<\/ul>\n<p>&nbsp;<\/p>\n<ul>\n<li><strong>Ettevalmistus \/ Preparation: <\/strong><\/li>\n<li>vett (100 \u00b0C) \u2013 water (100\u00b0 C) .<br \/>\nInfusion\/Keetmisaeg time 1- 3 min.<br \/>\nGram for 1 litre 14 g<\/li>\n<\/ul>","protected":false},"excerpt":{"rendered":"<p>Tootekirjeldus \/ Product Description: Iseloom: Kompleksne, t\u00e4idlane, magus Kasvuk\u00f5rgus meetrites 800\u2013900 Kasvupiirkond: Anhui, Huang Shan Korjamisperiood: 03\u201305 Leht: Oliivrohelisest oliivroheliseni, kuldsete n\u00fcanssidega, keskmise v\u00e4rvusega, tihedalt rullitud Tass: Kuldse kuni oran\u017ei v\u00e4rvusega, selge Erip\u00e4rad: Seda erilist teed on siin umbes 6 aastat toodetud orgaanilise sordina, kasutades k\u00f5rgtehnoloogilist protsessi. Lehtede GABA (gamma-aminov\u00f5ihape) sisaldust rikastatakse anaeroobse atmosf\u00e4\u00e4ri abil [&#8230;]\n","protected":false},"featured_media":3560,"comment_status":"open","ping_status":"closed","template":"","meta":[],"product_brand":[],"product_cat":[86,68],"product_tag":[],"class_list":{"0":"post-3555","1":"product","2":"type-product","3":"status-publish","4":"has-post-thumbnail","6":"product_cat-oolong-tea","7":"product_cat-tea","9":"first","10":"instock","11":"taxable","12":"shipping-taxable","13":"purchasable","14":"product-type-variable"},"_links":{"self":[{"href":"https:\/\/www.balticroad.eu\/et\/wp-json\/wp\/v2\/product\/3555","targetHints":{"allow":["GET"]}}],"collection":[{"href":"https:\/\/www.balticroad.eu\/et\/wp-json\/wp\/v2\/product"}],"about":[{"href":"https:\/\/www.balticroad.eu\/et\/wp-json\/wp\/v2\/types\/product"}],"replies":[{"embeddable":true,"href":"https:\/\/www.balticroad.eu\/et\/wp-json\/wp\/v2\/comments?post=3555"}],"wp:featuredmedia":[{"embeddable":true,"href":"https:\/\/www.balticroad.eu\/et\/wp-json\/wp\/v2\/media\/3560"}],"wp:attachment":[{"href":"https:\/\/www.balticroad.eu\/et\/wp-json\/wp\/v2\/media?parent=3555"}],"wp:term":[{"taxonomy":"product_brand","embeddable":true,"href":"https:\/\/www.balticroad.eu\/et\/wp-json\/wp\/v2\/product_brand?post=3555"},{"taxonomy":"product_cat","embeddable":true,"href":"https:\/\/www.balticroad.eu\/et\/wp-json\/wp\/v2\/product_cat?post=3555"},{"taxonomy":"product_tag","embeddable":true,"href":"https:\/\/www.balticroad.eu\/et\/wp-json\/wp\/v2\/product_tag?post=3555"}],"curies":[{"name":"wp","href":"https:\/\/api.w.org\/{rel}","templated":true}]}}