{"id":3539,"date":"2026-04-01T12:05:58","date_gmt":"2026-04-01T12:05:58","guid":{"rendered":"https:\/\/www.balticroad.eu\/?post_type=product&#038;p=3539"},"modified":"2026-04-01T12:09:49","modified_gmt":"2026-04-01T12:09:49","slug":"china-pu-erh-bamboo-tube-zhu-ye-approx-100-g-shu","status":"publish","type":"product","link":"https:\/\/www.balticroad.eu\/et\/toode\/china-pu-erh-bamboo-tube-zhu-ye-approx-100-g-shu\/","title":{"rendered":"China Pu-Erh Bamboo Tube &#8211; Zhu Ye approx. 100 g &#8211; shu"},"content":{"rendered":"<h2>Tootekirjeldus \/ Product Description:<\/h2>\n<p>Iseloom: Mahe, pehme, mullane<br \/>\nKasvuk\u00f5rgus meetrites 1400<br \/>\nKasvupiirkond: Yunnan, Pu-Erh<br \/>\nKorjamisperiood: 06-09<br \/>\nLeht: V\u00e4ike, ebakorrap\u00e4rane, punakaspruun leht, mis on pressitud silindrikujuliseks<br \/>\nTass: Kastanpruun, s\u00e4rav<br \/>\nErip\u00e4rad: Bambuse Pu-Erhil on pikk traditsioon ja see avaldab muljet oma erilise aroomiga, \u00fchendades klassikalise Pu-Erhi suurelehelisest kultivarist bambuse nootidega. Toores tee p\u00e4rineb Pu-Erhist, seej\u00e4rel tuuakse see Menghai&#8217;sse ja k\u00e4\u00e4ritatakse seal \u00fcle kahe kuu. Seej\u00e4rel saadetakse see Guangnani, pakitakse bambusesse ja r\u00f6stitakse tulel. L\u00f5puks ladustatakse seda Kunmingis, kus kliima on eriti sobiv. T\u00fc\u00fcpilisteks omadusteks on kergelt k\u00fcpsetatud konsistents ja heledad laigud bambusekoorel. Tee, mida saab korduvalt serveerida ainulaadse maitseelamuse saamiseks.<\/p>\n<p>Character: Mild, soft, earthy<br \/>\nGrowing altitude in meters 1400<br \/>\nGrowing area : Yunnan, Pu-Erh<br \/>\nHarvest period : 06 &#8211; 09<br \/>\nLeaf: Small, irregular, red-brown leaf pressed into a cylindrical shape<br \/>\nCup: Chestnut brown, brilliant<br \/>\nSpecials: Bamboo Pu-Erh has a long tradition and impresses with its special aroma, combining classic Pu-Erh from the Big Leaf Population Cultivar with notes of bamboo. The raw tea comes from Pu-Erh, is then brought to Menghai and fermented there for over two months. Then it&#8217;s sent to Guangnan, packed in bamboo and roasted over fire. Finally, it&#8217;s stored in Kunming, where the climate is especially suitable. Typical features are its slightly baked consistency and the light spots on the bamboo skin. A tea with many stopovers for a unique taste experience.<\/p>\n<p>&nbsp;<\/p>\n<ul>\n<li><strong>Koostisosad\u00a0\/ Ingredients:<\/strong><\/li>\n<li>China Pu-Erh<\/li>\n<\/ul>\n<p>&nbsp;<\/p>\n<ul>\n<li><strong>Ettevalmistus \/ Preparation:<\/strong><\/li>\n<li>Vett (100 \u00b0C) water (100\u00b0 C)<br \/>\nInfusion \/ Keetmisaeg time 1- 3 min.<br \/>\nGram for 1 litre 14 g<\/li>\n<\/ul>\n<p>&nbsp;<\/p>\n<p>&nbsp;<\/p>","protected":false},"excerpt":{"rendered":"<p>Tootekirjeldus \/ Product Description: Iseloom: Mahe, pehme, mullane Kasvuk\u00f5rgus meetrites 1400 Kasvupiirkond: Yunnan, Pu-Erh Korjamisperiood: 06-09 Leht: V\u00e4ike, ebakorrap\u00e4rane, punakaspruun leht, mis on pressitud silindrikujuliseks Tass: Kastanpruun, s\u00e4rav Erip\u00e4rad: Bambuse Pu-Erhil on pikk traditsioon ja see avaldab muljet oma erilise aroomiga, \u00fchendades klassikalise Pu-Erhi suurelehelisest kultivarist bambuse nootidega. Toores tee p\u00e4rineb Pu-Erhist, seej\u00e4rel tuuakse see [&#8230;]\n","protected":false},"featured_media":3540,"comment_status":"open","ping_status":"closed","template":"","meta":[],"product_brand":[],"product_cat":[88,68],"product_tag":[],"class_list":{"0":"post-3539","1":"product","2":"type-product","3":"status-publish","4":"has-post-thumbnail","6":"product_cat-pu-erh","7":"product_cat-tea","9":"first","10":"instock","11":"sold-individually","12":"taxable","13":"shipping-taxable","14":"purchasable","15":"product-type-simple"},"_links":{"self":[{"href":"https:\/\/www.balticroad.eu\/et\/wp-json\/wp\/v2\/product\/3539","targetHints":{"allow":["GET"]}}],"collection":[{"href":"https:\/\/www.balticroad.eu\/et\/wp-json\/wp\/v2\/product"}],"about":[{"href":"https:\/\/www.balticroad.eu\/et\/wp-json\/wp\/v2\/types\/product"}],"replies":[{"embeddable":true,"href":"https:\/\/www.balticroad.eu\/et\/wp-json\/wp\/v2\/comments?post=3539"}],"wp:featuredmedia":[{"embeddable":true,"href":"https:\/\/www.balticroad.eu\/et\/wp-json\/wp\/v2\/media\/3540"}],"wp:attachment":[{"href":"https:\/\/www.balticroad.eu\/et\/wp-json\/wp\/v2\/media?parent=3539"}],"wp:term":[{"taxonomy":"product_brand","embeddable":true,"href":"https:\/\/www.balticroad.eu\/et\/wp-json\/wp\/v2\/product_brand?post=3539"},{"taxonomy":"product_cat","embeddable":true,"href":"https:\/\/www.balticroad.eu\/et\/wp-json\/wp\/v2\/product_cat?post=3539"},{"taxonomy":"product_tag","embeddable":true,"href":"https:\/\/www.balticroad.eu\/et\/wp-json\/wp\/v2\/product_tag?post=3539"}],"curies":[{"name":"wp","href":"https:\/\/api.w.org\/{rel}","templated":true}]}}