{"id":3535,"date":"2026-04-01T12:00:53","date_gmt":"2026-04-01T12:00:53","guid":{"rendered":"https:\/\/www.balticroad.eu\/?post_type=product&#038;p=3535"},"modified":"2026-04-01T12:03:32","modified_gmt":"2026-04-01T12:03:32","slug":"china-green-pu-erh-double-dragons-beeng-cha-120-g-sheng","status":"publish","type":"product","link":"https:\/\/www.balticroad.eu\/et\/toode\/china-green-pu-erh-double-dragons-beeng-cha-120-g-sheng\/","title":{"rendered":"China Green Pu-Erh  Double Dragons Beeng Cha 120 g &#8211; sheng"},"content":{"rendered":"<h2>Tootekirjeldus \/ Product Description:<\/h2>\n<p>Iseloom: Lilleline, t\u00e4idlane, magus Kasvuk\u00f5rgus meetrites 1400<br \/>\nKasvupiirkond: Yunnan, Pu Erh<br \/>\nKorjamisperiood :07-09<br \/>\nLeht: Erinevad rohelise ja pruuni varjundid, esik\u00fcljel topeltdraakoni kuju, tagak\u00fcljel riba kuju<br \/>\nTass: Kuldne, kerge ja selge<br \/>\nErip\u00e4rad Double Dragon pole mitte ainult visuaalselt atraktiivne: see roheline sheng Pu-Erh aastast 2019 p\u00e4rineb Pu-Erhi s\u00fcdamest. Junkan #10 sordi teematerjal on hoolikalt valitud, et tagada pikk k\u00fcpsemine. N\u00fc\u00fcd, p\u00e4rast kuut aastat Kunmingis valmimist, on aroomid ideaalselt harmoonias ja pakuvad suulael k\u00fcpset, puuviljalist maitset.<\/p>\n<p>Character Flowery, full-bodied, sweet Growing altitude in meters 1400<br \/>\nGrowing area Yunnan, Pu Erh<br \/>\nHarvest period 07 &#8211; 09<br \/>\nTemperature in degrees Celsius 100<br \/>\nLeaf: Varied shades of green and brown, compression of frontside with double dragon, backside in bar form<br \/>\nCup: Golden, light and clear<br \/>\nSpecials The Double Dragon is not only visually appealing: this green sheng Pu-Erh from 2019 comes from the heart of Pu-Erh. The tea material from the Junkan #10 cultivar has been carefully selected to ensure long maturation. Now, after six years of ripening in Kunming, the aromas have harmonised perfectly and deliver a mature, fruity flavour on the palate.<\/p>\n<p>&nbsp;<\/p>\n<ul>\n<li><strong>Koostisosad\u00a0\/ Ingredients:<\/strong><\/li>\n<li>China Pu-Erh<\/li>\n<\/ul>\n<p>&nbsp;<\/p>\n<ul>\n<li><strong>Ettevalmistus \/ Preparation:<\/strong><\/li>\n<li>Vett (100 \u00b0C) water (100\u00b0 C)<br \/>\nInfusion \/ Keetmisaeg time 1- 3 min.<br \/>\nGram for 1 litre 14 g<\/li>\n<\/ul>\n<p>&nbsp;<\/p>\n<p>&nbsp;<\/p>","protected":false},"excerpt":{"rendered":"<p>Tootekirjeldus \/ Product Description: Iseloom: Lilleline, t\u00e4idlane, magus Kasvuk\u00f5rgus meetrites 1400 Kasvupiirkond: Yunnan, Pu Erh Korjamisperiood :07-09 Leht: Erinevad rohelise ja pruuni varjundid, esik\u00fcljel topeltdraakoni kuju, tagak\u00fcljel riba kuju Tass: Kuldne, kerge ja selge Erip\u00e4rad Double Dragon pole mitte ainult visuaalselt atraktiivne: see roheline sheng Pu-Erh aastast 2019 p\u00e4rineb Pu-Erhi s\u00fcdamest. Junkan #10 sordi teematerjal [&#8230;]\n","protected":false},"featured_media":3536,"comment_status":"open","ping_status":"closed","template":"","meta":[],"product_brand":[],"product_cat":[88,68],"product_tag":[],"class_list":{"0":"post-3535","1":"product","2":"type-product","3":"status-publish","4":"has-post-thumbnail","6":"product_cat-pu-erh","7":"product_cat-tea","9":"first","10":"instock","11":"sold-individually","12":"taxable","13":"shipping-taxable","14":"purchasable","15":"product-type-simple"},"_links":{"self":[{"href":"https:\/\/www.balticroad.eu\/et\/wp-json\/wp\/v2\/product\/3535","targetHints":{"allow":["GET"]}}],"collection":[{"href":"https:\/\/www.balticroad.eu\/et\/wp-json\/wp\/v2\/product"}],"about":[{"href":"https:\/\/www.balticroad.eu\/et\/wp-json\/wp\/v2\/types\/product"}],"replies":[{"embeddable":true,"href":"https:\/\/www.balticroad.eu\/et\/wp-json\/wp\/v2\/comments?post=3535"}],"wp:featuredmedia":[{"embeddable":true,"href":"https:\/\/www.balticroad.eu\/et\/wp-json\/wp\/v2\/media\/3536"}],"wp:attachment":[{"href":"https:\/\/www.balticroad.eu\/et\/wp-json\/wp\/v2\/media?parent=3535"}],"wp:term":[{"taxonomy":"product_brand","embeddable":true,"href":"https:\/\/www.balticroad.eu\/et\/wp-json\/wp\/v2\/product_brand?post=3535"},{"taxonomy":"product_cat","embeddable":true,"href":"https:\/\/www.balticroad.eu\/et\/wp-json\/wp\/v2\/product_cat?post=3535"},{"taxonomy":"product_tag","embeddable":true,"href":"https:\/\/www.balticroad.eu\/et\/wp-json\/wp\/v2\/product_tag?post=3535"}],"curies":[{"name":"wp","href":"https:\/\/api.w.org\/{rel}","templated":true}]}}