{"id":3534,"date":"2026-04-01T11:56:06","date_gmt":"2026-04-01T11:56:06","guid":{"rendered":"https:\/\/www.balticroad.eu\/?post_type=product&#038;p=3534"},"modified":"2026-04-03T14:39:19","modified_gmt":"2026-04-03T14:39:19","slug":"pu-erh-beeng-cha-wu-liang-mountain-approx-100-g-shu-china","status":"publish","type":"product","link":"https:\/\/www.balticroad.eu\/et\/toode\/pu-erh-beeng-cha-wu-liang-mountain-approx-100-g-shu-china\/","title":{"rendered":"Pu-Erh Beeng Cha &#8211; Wu Liang Mountain approx. 100 g &#8211; shu China"},"content":{"rendered":"<h2>Tootekirjeldus \/ Product Description:<\/h2>\n<p>Iseloom: Muldne, pehme, magus<br \/>\nKasvuk\u00f5rgus meetrites 1700<br \/>\nKasvupiirkond: Yunnan, Si Mao<br \/>\nKorjamisperiood: 08-10, Lehed: Lamedalt \u00fcmarad pressitud, tumepruunid vasekarva tippudega, Tass: Tugev, tumepunakaspruun<br \/>\nErip\u00e4rad: Seda aromaatset teed toodetakse \u00fche partiina Wu Liangi m\u00e4gedes. Traditsioonilise Yunnani suurelehelise sordi p\u00f5\u00f5sad kasvavad enamasti metsikult ja neid korjavad seal elavad pered. P\u00e4rast kuivatamist viiakse tee Menghaisse kaheks kuuks k\u00e4\u00e4rima. Pressimine toimub Kunmingis. See partii p\u00e4rineb aastast 2021, k\u00e4\u00e4ritati ja pressiti 2022. aastal ning on sellest ajast alates Kunmingis laagerdunud. See on alles hiljuti m\u00fc\u00fcgile tulnud ja avaldab muljet oma ainulaadse aroomiga. Rangelt piiratud v\u00e4ljaanne. Laagerdunud alates 2022. aastast.<\/p>\n<p>Character Earthy, soft, sweet<br \/>\nGrowing altitude in meters 1700<br \/>\nGrowing area Yunnan, Si Mao<br \/>\nHarvest period 08 &#8211; 10, Leaf: Flat-round pressed, dark brown with copper-coloured tips, Cup: Strong, dark reddish brown<br \/>\nSpecials This aromatic tea is produced as a single lot in the mountains of Wu Liang. The bushes of the traditional Yunnan Large Leaf cultivar mostly grow wild and are plucked by families living there. After drying, the tea is taken to Menghai to ferment for two months. The pressing takes place in Kunming. This lot dates back to 2021, was fermented and pressed in 2022 and has been maturing in Kunming ever since. It has only just been released for sale and impresses with its unique aroma. Strictly limited edition. Aged from 2022 year<\/p>\n<p>&nbsp;<\/p>\n<ul>\n<li><strong>Koostisosad\u00a0\/ Ingredients:<\/strong><\/li>\n<li>China Pu-Erh<\/li>\n<\/ul>\n<p>&nbsp;<\/p>\n<ul>\n<li><strong>Ettevalmistus \/ Preparation:<\/strong><\/li>\n<li>vett (100 \u00b0C) .Celsiuse kraadides 100<\/li>\n<li>water (100\u00b0 C) .<\/li>\n<\/ul>\n<p>&nbsp;<\/p>\n<p>&nbsp;<\/p>","protected":false},"excerpt":{"rendered":"<p>Tootekirjeldus \/ Product Description: Iseloom: Muldne, pehme, magus Kasvuk\u00f5rgus meetrites 1700 Kasvupiirkond: Yunnan, Si Mao Korjamisperiood: 08-10, Lehed: Lamedalt \u00fcmarad pressitud, tumepruunid vasekarva tippudega, Tass: Tugev, tumepunakaspruun Erip\u00e4rad: Seda aromaatset teed toodetakse \u00fche partiina Wu Liangi m\u00e4gedes. Traditsioonilise Yunnani suurelehelise sordi p\u00f5\u00f5sad kasvavad enamasti metsikult ja neid korjavad seal elavad pered. P\u00e4rast kuivatamist viiakse tee [&#8230;]\n","protected":false},"featured_media":3532,"comment_status":"open","ping_status":"closed","template":"","meta":[],"product_brand":[],"product_cat":[88,68],"product_tag":[],"class_list":{"0":"post-3534","1":"product","2":"type-product","3":"status-publish","4":"has-post-thumbnail","6":"product_cat-pu-erh","7":"product_cat-tea","9":"first","10":"instock","11":"sold-individually","12":"taxable","13":"shipping-taxable","14":"purchasable","15":"product-type-simple"},"_links":{"self":[{"href":"https:\/\/www.balticroad.eu\/et\/wp-json\/wp\/v2\/product\/3534","targetHints":{"allow":["GET"]}}],"collection":[{"href":"https:\/\/www.balticroad.eu\/et\/wp-json\/wp\/v2\/product"}],"about":[{"href":"https:\/\/www.balticroad.eu\/et\/wp-json\/wp\/v2\/types\/product"}],"replies":[{"embeddable":true,"href":"https:\/\/www.balticroad.eu\/et\/wp-json\/wp\/v2\/comments?post=3534"}],"wp:featuredmedia":[{"embeddable":true,"href":"https:\/\/www.balticroad.eu\/et\/wp-json\/wp\/v2\/media\/3532"}],"wp:attachment":[{"href":"https:\/\/www.balticroad.eu\/et\/wp-json\/wp\/v2\/media?parent=3534"}],"wp:term":[{"taxonomy":"product_brand","embeddable":true,"href":"https:\/\/www.balticroad.eu\/et\/wp-json\/wp\/v2\/product_brand?post=3534"},{"taxonomy":"product_cat","embeddable":true,"href":"https:\/\/www.balticroad.eu\/et\/wp-json\/wp\/v2\/product_cat?post=3534"},{"taxonomy":"product_tag","embeddable":true,"href":"https:\/\/www.balticroad.eu\/et\/wp-json\/wp\/v2\/product_tag?post=3534"}],"curies":[{"name":"wp","href":"https:\/\/api.w.org\/{rel}","templated":true}]}}