{"id":3528,"date":"2026-04-01T11:37:27","date_gmt":"2026-04-01T11:37:27","guid":{"rendered":"https:\/\/www.balticroad.eu\/?post_type=product&#038;p=3528"},"modified":"2026-04-01T11:55:06","modified_gmt":"2026-04-01T11:55:06","slug":"china-oolong-stone-ginseng","status":"publish","type":"product","link":"https:\/\/www.balticroad.eu\/et\/toode\/china-oolong-stone-ginseng\/","title":{"rendered":"China Oolong  Stone Ginseng"},"content":{"rendered":"<h2>Tootekirjeldus \/ Product Description:<\/h2>\n<ul>\n<li style=\"list-style-type: none;\">\n<ul>\n<li>Iseloom: \u017den\u0161enn, magus, kerge, t\u00e4idlane<br \/>\nKasvuk\u00f5rgus meetrites 800\u2013900<br \/>\nKasvupiirkond: Fujian, Xian You<br \/>\nKorjamisperiood 03\u201305<br \/>\nLeht: Tume oliivroheline, keskmise suurusega, tihedalt kerakujuliselt vormitud, k\u00f5va<br \/>\nTass: Kuldse kuni rohekasoran\u017ei v\u00e4rvi, rikkalik<br \/>\nErip\u00e4rad Toode, millel on Aasias suur edulugu. Rullimise k\u00e4igus lisatakse teele \u017een\u0161enni ja lagritsapulbrit. \u017den\u0161enn p\u00e4rineb Changbaishanist \u2013 Dongbeist ja katab kogu tee nii seest kui v\u00e4ljast.<\/li>\n<li><\/li>\n<li>Character: Ginseng, sweet, light, full-bodied<br \/>\nGrowing altitude in meters 800 &#8211; 900<br \/>\nGrowing area Fujian, Xian You<br \/>\nHarvest period 03 &#8211; 05<br \/>\nLeaf: Dark olive green, medium, tightly spherical turned, hard<br \/>\nCup: Gold-coloured to green-orange, rich<br \/>\nSpecials A product with a great success story in Asia. During the rolling process, ginseng and licorice powder are added to the tea. The ginseng comes from Changbaishan &#8211; Dongbei and wraps the whole tea on the inside and the outside.<\/li>\n<li><\/li>\n<\/ul>\n<\/li>\n<\/ul>\n<p><!-- --><\/p>\n<ul>\n<li><strong>Koostisosad \/ Ingredients<\/strong><\/li>\n<li>\u017den\u0161enni maitsestatud oolongi teeOolong Tea flavoured with ginseng<\/li>\n<li><\/li>\n<\/ul>\n<p>&nbsp;<\/p>\n<ul>\n<li><strong>Ettevalmistus \/ Preparation: <\/strong><\/li>\n<li>vett (100 \u00b0C)\u00a0 &#8211;\u00a0 \u00a0water (100\u00b0 C) .<br \/>\ninfusion\/Keetmisaeg time 2- 3 min.<br \/>\nGram for 1 litre 13 g<\/li>\n<\/ul>","protected":false},"excerpt":{"rendered":"<p>Tootekirjeldus \/ Product Description: Iseloom: \u017den\u0161enn, magus, kerge, t\u00e4idlane Kasvuk\u00f5rgus meetrites 800\u2013900 Kasvupiirkond: Fujian, Xian You Korjamisperiood 03\u201305 Leht: Tume oliivroheline, keskmise suurusega, tihedalt kerakujuliselt vormitud, k\u00f5va Tass: Kuldse kuni rohekasoran\u017ei v\u00e4rvi, rikkalik Erip\u00e4rad Toode, millel on Aasias suur edulugu. Rullimise k\u00e4igus lisatakse teele \u017een\u0161enni ja lagritsapulbrit. \u017den\u0161enn p\u00e4rineb Changbaishanist \u2013 Dongbeist ja katab kogu [&#8230;]\n","protected":false},"featured_media":3533,"comment_status":"open","ping_status":"closed","template":"","meta":[],"product_brand":[],"product_cat":[86,68],"product_tag":[],"class_list":{"0":"post-3528","1":"product","2":"type-product","3":"status-publish","4":"has-post-thumbnail","6":"product_cat-oolong-tea","7":"product_cat-tea","9":"first","10":"instock","11":"taxable","12":"shipping-taxable","13":"purchasable","14":"product-type-variable"},"_links":{"self":[{"href":"https:\/\/www.balticroad.eu\/et\/wp-json\/wp\/v2\/product\/3528","targetHints":{"allow":["GET"]}}],"collection":[{"href":"https:\/\/www.balticroad.eu\/et\/wp-json\/wp\/v2\/product"}],"about":[{"href":"https:\/\/www.balticroad.eu\/et\/wp-json\/wp\/v2\/types\/product"}],"replies":[{"embeddable":true,"href":"https:\/\/www.balticroad.eu\/et\/wp-json\/wp\/v2\/comments?post=3528"}],"wp:featuredmedia":[{"embeddable":true,"href":"https:\/\/www.balticroad.eu\/et\/wp-json\/wp\/v2\/media\/3533"}],"wp:attachment":[{"href":"https:\/\/www.balticroad.eu\/et\/wp-json\/wp\/v2\/media?parent=3528"}],"wp:term":[{"taxonomy":"product_brand","embeddable":true,"href":"https:\/\/www.balticroad.eu\/et\/wp-json\/wp\/v2\/product_brand?post=3528"},{"taxonomy":"product_cat","embeddable":true,"href":"https:\/\/www.balticroad.eu\/et\/wp-json\/wp\/v2\/product_cat?post=3528"},{"taxonomy":"product_tag","embeddable":true,"href":"https:\/\/www.balticroad.eu\/et\/wp-json\/wp\/v2\/product_tag?post=3528"}],"curies":[{"name":"wp","href":"https:\/\/api.w.org\/{rel}","templated":true}]}}