{"id":3518,"date":"2026-03-27T15:42:31","date_gmt":"2026-03-27T15:42:31","guid":{"rendered":"https:\/\/www.balticroad.eu\/?post_type=product&#038;p=3518"},"modified":"2026-04-09T13:07:14","modified_gmt":"2026-04-09T13:07:14","slug":"pu-erh-exotic","status":"publish","type":"product","link":"https:\/\/www.balticroad.eu\/et\/toode\/pu-erh-exotic\/","title":{"rendered":"Pu Erh Exotic"},"content":{"rendered":"<h2>Tootekirjeldus \/ Product Description:<\/h2>\n<ul>\n<li style=\"list-style-type: none;\">\n<ul>\n<li>See kompositsioon veenab edukalt tasakaalustades Pu Erhi maapealseid toone ja aromaatseid lillelisi noote.<\/li>\n<li><\/li>\n<li>This composition convinces with a successful balancing act between the earthy tones of Pu Erh and fragrant, floral notes<\/li>\n<li><\/li>\n<\/ul>\n<\/li>\n<\/ul>\n<p><!-- --><\/p>\n<ul>\n<li><strong>Koostisosad \/ Ingredients<\/strong><\/li>\n<li>Pu Erh tee &#8211; spetsiaalse k\u00e4\u00e4ritamisega tee, apelsini\u00f5ied, rukkilille kroonlehed, vaarika t\u00fckid, l\u00f5hna- ja maitseaine<\/li>\n<li><\/li>\n<li>Pu Erh tea &#8211; tea with a special fermentation, orange blossoms, cornflower petals, raspberry pieces, flavourings<\/li>\n<\/ul>\n<p>&nbsp;<\/p>\n<ul>\n<li><strong>Ettevalmistus \/ Preparation: <\/strong><\/li>\n<li>Valmistamiseks vala tee lehtedele keedetud vesi, mis on just l\u00f5petanud mullitamise (95\/100\u00b0C).<br \/>\nLase 2 kuni 3 minutit t\u00f5mmata.<br \/>\nInfusion time 2-3 Min.<\/li>\n<li><\/li>\n<\/ul>","protected":false},"excerpt":{"rendered":"<p>Tootekirjeldus \/ Product Description: See kompositsioon veenab edukalt tasakaalustades Pu Erhi maapealseid toone ja aromaatseid lillelisi noote. This composition convinces with a successful balancing act between the earthy tones of Pu Erh and fragrant, floral notes Koostisosad \/ Ingredients Pu Erh tee &#8211; spetsiaalse k\u00e4\u00e4ritamisega tee, apelsini\u00f5ied, rukkilille kroonlehed, vaarika t\u00fckid, l\u00f5hna- ja maitseaine Pu [&#8230;]\n","protected":false},"featured_media":3550,"comment_status":"open","ping_status":"closed","template":"","meta":[],"product_brand":[],"product_cat":[88,68],"product_tag":[],"class_list":{"0":"post-3518","1":"product","2":"type-product","3":"status-publish","4":"has-post-thumbnail","6":"product_cat-pu-erh","7":"product_cat-tea","9":"first","10":"instock","11":"taxable","12":"shipping-taxable","13":"purchasable","14":"product-type-variable"},"_links":{"self":[{"href":"https:\/\/www.balticroad.eu\/et\/wp-json\/wp\/v2\/product\/3518","targetHints":{"allow":["GET"]}}],"collection":[{"href":"https:\/\/www.balticroad.eu\/et\/wp-json\/wp\/v2\/product"}],"about":[{"href":"https:\/\/www.balticroad.eu\/et\/wp-json\/wp\/v2\/types\/product"}],"replies":[{"embeddable":true,"href":"https:\/\/www.balticroad.eu\/et\/wp-json\/wp\/v2\/comments?post=3518"}],"wp:featuredmedia":[{"embeddable":true,"href":"https:\/\/www.balticroad.eu\/et\/wp-json\/wp\/v2\/media\/3550"}],"wp:attachment":[{"href":"https:\/\/www.balticroad.eu\/et\/wp-json\/wp\/v2\/media?parent=3518"}],"wp:term":[{"taxonomy":"product_brand","embeddable":true,"href":"https:\/\/www.balticroad.eu\/et\/wp-json\/wp\/v2\/product_brand?post=3518"},{"taxonomy":"product_cat","embeddable":true,"href":"https:\/\/www.balticroad.eu\/et\/wp-json\/wp\/v2\/product_cat?post=3518"},{"taxonomy":"product_tag","embeddable":true,"href":"https:\/\/www.balticroad.eu\/et\/wp-json\/wp\/v2\/product_tag?post=3518"}],"curies":[{"name":"wp","href":"https:\/\/api.w.org\/{rel}","templated":true}]}}