{"id":3068,"date":"2025-11-08T17:51:41","date_gmt":"2025-11-08T17:51:41","guid":{"rendered":"https:\/\/www.balticroad.eu\/?post_type=product&#038;p=3068"},"modified":"2025-11-08T17:53:27","modified_gmt":"2025-11-08T17:53:27","slug":"china-pu-erh-white-peacock-brick-5-x-30-g-sheng","status":"publish","type":"product","link":"https:\/\/www.balticroad.eu\/et\/toode\/china-pu-erh-white-peacock-brick-5-x-30-g-sheng\/","title":{"rendered":"China Pu-Erh White Peacock Brick 5 x 30 g &#8211; sheng"},"content":{"rendered":"<h2>Tootekirjeldus \/ Product Description:<\/h2>\n<p>Iseloom: puuviljane, pehme, magus, kasvuk\u00f5rgus meetrites 800<br \/>\nKasvupiirkond: Xishuangbanna, Yunnan<br \/>\nLeht: pruunikas, erksav\u00e4rviline ja suurem leht, lamedalt pressitud<br \/>\nTass: selge, mee-kuldse v\u00e4rvusega ja s\u00fcgava aroomiga<br \/>\nSpecials Original White Tea, mis on saadud Fujiani Da Bai Hao sordist. Yunnani kliimatingimused v\u00f5imaldavad loomulikku k\u00e4\u00e4rimist, mis kestab \u00fcle 30 p\u00e4eva. P\u00e4rast pressimist hoitakse teed veel aasta, et arendada aroomi. Piirkonnale t\u00fc\u00fcpiline paabulind kirjeldab imeliselt selle tee graatsiat, mis s\u00e4ilitamise k\u00e4igus pidevalt paraneb.<\/p>\n<p>Character: Fruity, soft, sweet , Growing altitude in meters 800<br \/>\nGrowing area Xishuangbanna, Yunnan<br \/>\nLeaf: Brownish, vividly colored and larger leaf, flat pressed<br \/>\nCup: Clear, honey gold coloration with a lot of depth<br \/>\nSpecials Original White Tea, obtained from the Da Bai Hao cultivar from Fujian. The climatic conditions in Yunnan allow a natural fermentation that lasts over 30 days. After pressing, the tea is stored for another year to develop the aroma. The peacock, typical for the region, wonderfully describes the grace of this tea, which constantly improves through storing.<\/p>\n<p>&nbsp;<\/p>\n<ul>\n<li><strong>Koostisosad\u00a0\/ Ingredients:<\/strong><\/li>\n<li>China Pu-Erh<\/li>\n<\/ul>\n<p>&nbsp;<\/p>\n<ul>\n<li><strong>Ettevalmistus \/ Preparation:<\/strong><\/li>\n<li>vett (100 \u00b0C) .Celsiuse kraadides 100<\/li>\n<li>water (100\u00b0 C) .<\/li>\n<li>infusion\/Keetmisaeg\u00a0 time 2- 4 min.<\/li>\n<\/ul>\n<p>Gram for 1 litre 15 g &#8211; Gramm 1 liitri kohta 15g<\/p>\n<p>&nbsp;<\/p>","protected":false},"excerpt":{"rendered":"<p>Tootekirjeldus \/ Product Description: Iseloom: puuviljane, pehme, magus, kasvuk\u00f5rgus meetrites 800 Kasvupiirkond: Xishuangbanna, Yunnan Leht: pruunikas, erksav\u00e4rviline ja suurem leht, lamedalt pressitud Tass: selge, mee-kuldse v\u00e4rvusega ja s\u00fcgava aroomiga Specials Original White Tea, mis on saadud Fujiani Da Bai Hao sordist. Yunnani kliimatingimused v\u00f5imaldavad loomulikku k\u00e4\u00e4rimist, mis kestab \u00fcle 30 p\u00e4eva. P\u00e4rast pressimist hoitakse teed [&#8230;]\n","protected":false},"featured_media":3069,"comment_status":"open","ping_status":"closed","template":"","meta":[],"product_brand":[],"product_cat":[88,68],"product_tag":[],"class_list":{"0":"post-3068","1":"product","2":"type-product","3":"status-publish","4":"has-post-thumbnail","6":"product_cat-pu-erh","7":"product_cat-tea","9":"first","10":"instock","11":"sold-individually","12":"taxable","13":"shipping-taxable","14":"purchasable","15":"product-type-simple"},"_links":{"self":[{"href":"https:\/\/www.balticroad.eu\/et\/wp-json\/wp\/v2\/product\/3068","targetHints":{"allow":["GET"]}}],"collection":[{"href":"https:\/\/www.balticroad.eu\/et\/wp-json\/wp\/v2\/product"}],"about":[{"href":"https:\/\/www.balticroad.eu\/et\/wp-json\/wp\/v2\/types\/product"}],"replies":[{"embeddable":true,"href":"https:\/\/www.balticroad.eu\/et\/wp-json\/wp\/v2\/comments?post=3068"}],"wp:featuredmedia":[{"embeddable":true,"href":"https:\/\/www.balticroad.eu\/et\/wp-json\/wp\/v2\/media\/3069"}],"wp:attachment":[{"href":"https:\/\/www.balticroad.eu\/et\/wp-json\/wp\/v2\/media?parent=3068"}],"wp:term":[{"taxonomy":"product_brand","embeddable":true,"href":"https:\/\/www.balticroad.eu\/et\/wp-json\/wp\/v2\/product_brand?post=3068"},{"taxonomy":"product_cat","embeddable":true,"href":"https:\/\/www.balticroad.eu\/et\/wp-json\/wp\/v2\/product_cat?post=3068"},{"taxonomy":"product_tag","embeddable":true,"href":"https:\/\/www.balticroad.eu\/et\/wp-json\/wp\/v2\/product_tag?post=3068"}],"curies":[{"name":"wp","href":"https:\/\/api.w.org\/{rel}","templated":true}]}}