{"id":3064,"date":"2025-11-08T17:42:47","date_gmt":"2025-11-08T17:42:47","guid":{"rendered":"https:\/\/www.balticroad.eu\/?post_type=product&#038;p=3064"},"modified":"2026-01-15T11:16:53","modified_gmt":"2026-01-15T11:16:53","slug":"china-black-pu-erh-beeng-cha-100-g-shu-black","status":"publish","type":"product","link":"https:\/\/www.balticroad.eu\/et\/toode\/china-black-pu-erh-beeng-cha-100-g-shu-black\/","title":{"rendered":"China Black Pu-Erh Beeng Cha , SPRING 2018 year . 100 g \u2013 shu, black"},"content":{"rendered":"<h2>Tootekirjeldus \/ Product Description:<\/h2>\n<p>Iseloom: Pehme, mullane, aromaatne, kasvuk\u00f5rgus 1500 meetrit<br \/>\nKasvupiirkond: Yunnan, Pu-Erh<br \/>\nKorjamisperiood: 02-04<br \/>\nLeht: Punakast tumepruunini, lame ja \u00fcmar, pressitud, kergelt k\u00f5rgendatud<br \/>\nTass: Punakast pruunini, rikkalik, selge<br \/>\nErip\u00e4rad: Pehme ja rikkalik on see 2017. aasta laagerdunud kvaliteettee, mis pressiti 2018. aastal. Teematerjal p\u00e4rineb metsikutest ja n\u00fc\u00fcdseks rangelt kaitsealustest teep\u00f5\u00f5sastest k\u00f5rgel m\u00e4gedes.<\/p>\n<p>Character : Soft, earthy, aromatic, Growing altitude in 1500 meters<br \/>\nGrowing area Yunnan, Pu-Erh<br \/>\nHarvest period 02 &#8211; 04<br \/>\nLeaf: Reddish to dark brown, flat and round pressed, slightly raised<br \/>\nCup: Reddish to brown, rich, clear<br \/>\nSpecials Soft and rich is this matured quality from 2017, which went into pressing in 2018. The tea material comes from wild and now strictly protected tea bushes high in the mountains.<\/p>\n<p>&nbsp;<\/p>\n<ul>\n<li><strong>Koostisosad\u00a0\/ Ingredients:<\/strong><\/li>\n<li>China Pu-Erh<\/li>\n<\/ul>\n<p>&nbsp;<\/p>\n<ul>\n<li><strong>Ettevalmistus \/ Preparation:<\/strong><\/li>\n<li>vett (100 \u00b0C) .Celsiuse kraadides 100<\/li>\n<li>water (100\u00b0 C) .<\/li>\n<li>infusion\/Keetmisaeg\u00a0 time 1- 3 min.<\/li>\n<li><\/li>\n<li>Gram for 1 litre 15 g<\/li>\n<\/ul>\n<p>&nbsp;<\/p>","protected":false},"excerpt":{"rendered":"<p>Tootekirjeldus \/ Product Description: Iseloom: Pehme, mullane, aromaatne, kasvuk\u00f5rgus 1500 meetrit Kasvupiirkond: Yunnan, Pu-Erh Korjamisperiood: 02-04 Leht: Punakast tumepruunini, lame ja \u00fcmar, pressitud, kergelt k\u00f5rgendatud Tass: Punakast pruunini, rikkalik, selge Erip\u00e4rad: Pehme ja rikkalik on see 2017. aasta laagerdunud kvaliteettee, mis pressiti 2018. aastal. Teematerjal p\u00e4rineb metsikutest ja n\u00fc\u00fcdseks rangelt kaitsealustest teep\u00f5\u00f5sastest k\u00f5rgel m\u00e4gedes. Character [&#8230;]\n","protected":false},"featured_media":3122,"comment_status":"open","ping_status":"closed","template":"","meta":[],"product_brand":[],"product_cat":[88,68],"product_tag":[],"class_list":{"0":"post-3064","1":"product","2":"type-product","3":"status-publish","4":"has-post-thumbnail","6":"product_cat-pu-erh","7":"product_cat-tea","9":"first","10":"instock","11":"sold-individually","12":"taxable","13":"shipping-taxable","14":"purchasable","15":"product-type-simple"},"_links":{"self":[{"href":"https:\/\/www.balticroad.eu\/et\/wp-json\/wp\/v2\/product\/3064","targetHints":{"allow":["GET"]}}],"collection":[{"href":"https:\/\/www.balticroad.eu\/et\/wp-json\/wp\/v2\/product"}],"about":[{"href":"https:\/\/www.balticroad.eu\/et\/wp-json\/wp\/v2\/types\/product"}],"replies":[{"embeddable":true,"href":"https:\/\/www.balticroad.eu\/et\/wp-json\/wp\/v2\/comments?post=3064"}],"wp:featuredmedia":[{"embeddable":true,"href":"https:\/\/www.balticroad.eu\/et\/wp-json\/wp\/v2\/media\/3122"}],"wp:attachment":[{"href":"https:\/\/www.balticroad.eu\/et\/wp-json\/wp\/v2\/media?parent=3064"}],"wp:term":[{"taxonomy":"product_brand","embeddable":true,"href":"https:\/\/www.balticroad.eu\/et\/wp-json\/wp\/v2\/product_brand?post=3064"},{"taxonomy":"product_cat","embeddable":true,"href":"https:\/\/www.balticroad.eu\/et\/wp-json\/wp\/v2\/product_cat?post=3064"},{"taxonomy":"product_tag","embeddable":true,"href":"https:\/\/www.balticroad.eu\/et\/wp-json\/wp\/v2\/product_tag?post=3064"}],"curies":[{"name":"wp","href":"https:\/\/api.w.org\/{rel}","templated":true}]}}