{"id":3062,"date":"2025-11-08T17:39:46","date_gmt":"2025-11-08T17:39:46","guid":{"rendered":"https:\/\/www.balticroad.eu\/?post_type=product&#038;p=3062"},"modified":"2025-11-08T17:42:10","modified_gmt":"2025-11-08T17:42:10","slug":"china-hong-zhuang-pu-erh-100-g-shu-black","status":"publish","type":"product","link":"https:\/\/www.balticroad.eu\/et\/toode\/china-hong-zhuang-pu-erh-100-g-shu-black\/","title":{"rendered":"China Hong Zhuang Pu-Erh 100 g &#8211; shu, black"},"content":{"rendered":"<h2>Tootekirjeldus \/ Product Description:<\/h2>\n<p>Iseloom: Pehme, magus, mahe; Kasvuk\u00f5rgus meetrites 1500<br \/>\nKasvupiirkond Yunnan, Pu-Erh<br \/>\nKorjamisperiood 02-04<br \/>\nLeht: Punakas kuni tumepruun, keskmiselt k\u00f5vasti pressitud, kuni pulkadeni<br \/>\nTass: Kastanpruun, selge, hele<br \/>\nEripakkumised Eriti kerge ja v\u00e4rske tee aastast 2018, mis pressiti mugavateks portsjoniteks 2019. aastal. Zhuang Cha \u2013 telliskivikujuline \u2013 on pika traditsiooniga. Jaotus portsjoniteks on \u00fcsna moodne ja v\u00e4ga praktiline. Saadaval oleval kvaliteedil on palju s\u00e4ilivusaega.<\/p>\n<p>Character: Soft, sweet, mild ; Growing altitude in meters 1500<br \/>\nGrowing area Yunnan, Pu-Erh<br \/>\nHarvest period 02 &#8211; 04<br \/>\nLeaf: Reddish to dark brown, medium hard pressed to bar form<br \/>\nCup: Chestnut brown, clear, light<br \/>\nSpecials A particularly light and fresh tea from 2018, which was pressed into convenient portions in 2019. Zhuang Cha &#8211; brick form &#8211; has a long tradition. The division into sections is rather modern and very practical. The available quality has a lot of storage potential.<\/p>\n<p>&nbsp;<\/p>\n<ul>\n<li><strong>Koostisosad\u00a0\/ Ingredients:<\/strong><\/li>\n<li>China Pu-Erh<\/li>\n<\/ul>\n<p>&nbsp;<\/p>\n<ul>\n<li><strong>Ettevalmistus \/ Preparation:<\/strong><\/li>\n<li>vett (100 \u00b0C) .Celsiuse kraadides 100<\/li>\n<li>water (100\u00b0 C) .<\/li>\n<li>infusion\/Keetmisaeg\u00a0 time 1- 3 min.<\/li>\n<li>Gram for 1 litre 1 ST (PC) \/ 40 ml<\/li>\n<\/ul>\n<p>&nbsp;<\/p>","protected":false},"excerpt":{"rendered":"<p>Tootekirjeldus \/ Product Description: Iseloom: Pehme, magus, mahe; Kasvuk\u00f5rgus meetrites 1500 Kasvupiirkond Yunnan, Pu-Erh Korjamisperiood 02-04 Leht: Punakas kuni tumepruun, keskmiselt k\u00f5vasti pressitud, kuni pulkadeni Tass: Kastanpruun, selge, hele Eripakkumised Eriti kerge ja v\u00e4rske tee aastast 2018, mis pressiti mugavateks portsjoniteks 2019. aastal. Zhuang Cha \u2013 telliskivikujuline \u2013 on pika traditsiooniga. Jaotus portsjoniteks on \u00fcsna [&#8230;]\n","protected":false},"featured_media":3063,"comment_status":"open","ping_status":"closed","template":"","meta":[],"product_brand":[],"product_cat":[88,68],"product_tag":[],"class_list":{"0":"post-3062","1":"product","2":"type-product","3":"status-publish","4":"has-post-thumbnail","6":"product_cat-pu-erh","7":"product_cat-tea","9":"first","10":"instock","11":"sold-individually","12":"taxable","13":"shipping-taxable","14":"purchasable","15":"product-type-simple"},"_links":{"self":[{"href":"https:\/\/www.balticroad.eu\/et\/wp-json\/wp\/v2\/product\/3062","targetHints":{"allow":["GET"]}}],"collection":[{"href":"https:\/\/www.balticroad.eu\/et\/wp-json\/wp\/v2\/product"}],"about":[{"href":"https:\/\/www.balticroad.eu\/et\/wp-json\/wp\/v2\/types\/product"}],"replies":[{"embeddable":true,"href":"https:\/\/www.balticroad.eu\/et\/wp-json\/wp\/v2\/comments?post=3062"}],"wp:featuredmedia":[{"embeddable":true,"href":"https:\/\/www.balticroad.eu\/et\/wp-json\/wp\/v2\/media\/3063"}],"wp:attachment":[{"href":"https:\/\/www.balticroad.eu\/et\/wp-json\/wp\/v2\/media?parent=3062"}],"wp:term":[{"taxonomy":"product_brand","embeddable":true,"href":"https:\/\/www.balticroad.eu\/et\/wp-json\/wp\/v2\/product_brand?post=3062"},{"taxonomy":"product_cat","embeddable":true,"href":"https:\/\/www.balticroad.eu\/et\/wp-json\/wp\/v2\/product_cat?post=3062"},{"taxonomy":"product_tag","embeddable":true,"href":"https:\/\/www.balticroad.eu\/et\/wp-json\/wp\/v2\/product_tag?post=3062"}],"curies":[{"name":"wp","href":"https:\/\/api.w.org\/{rel}","templated":true}]}}