{"id":3060,"date":"2025-11-08T17:35:32","date_gmt":"2025-11-08T17:35:32","guid":{"rendered":"https:\/\/www.balticroad.eu\/?post_type=product&#038;p=3060"},"modified":"2025-11-08T17:37:54","modified_gmt":"2025-11-08T17:37:54","slug":"china-pu-erh-tuo-cha-90-g-100-g-shu-black","status":"publish","type":"product","link":"https:\/\/www.balticroad.eu\/et\/toode\/china-pu-erh-tuo-cha-90-g-100-g-shu-black\/","title":{"rendered":"China Pu-Erh Tuo Cha . 90 g -100 g &#8211; shu, black"},"content":{"rendered":"<h2>Tootekirjeldus \/ Product Description:<\/h2>\n<p>Iseloom: Magus, pehme, mahe; Kasvuk\u00f5rgus meetrites 1350<br \/>\nKasvupiirkond Yunnan, Pu-Erh<br \/>\nKorjamisperiood 04-09<br \/>\nLeht: Pruunikas, punane, keskmise suurusega, murtud ja pesakujuliselt pressitud<br \/>\nTass: Tume, pruunikaspunane, iseloomulik<br \/>\nErip\u00e4rad See pressitud \u00f5lu t\u00f6\u00f6tati v\u00e4lja 1902. aastal Tuan Cha ja 1917. aastal Tuo Cha nime all ning p\u00e4rineb algup\u00e4rasest Xiaguanist (Yunnan, Dali). Tuo on termin, mis t\u00e4histab midagi kasulikku ja tavalist. Algselt TuoJiangi j\u00f5e veega valmistatud \u00f5lu sobib ideaalselt ladustamiseks ja transportimiseks.<\/p>\n<p>Character : Sweet, soft, mild; Growing altitude in meters 1350<br \/>\nGrowing area Yunnan, Pu-Erh<br \/>\nHarvest period 04 &#8211; 09<br \/>\nLeaf: Brownish, red, medium, broken and pressed into nest form<br \/>\nCup: Dark, brown-red, distinct<br \/>\nSpecials Developed in 1902 as Tuan Cha and in 1917 as Tuo Cha, this pressing is from the original Xiaguan (Yunnan, Dali). Tuo is a term for something useful and common. Originally prepared with the water of the TuoJiang river, the shape is perfect for storage and transport.<\/p>\n<p>&nbsp;<\/p>\n<ul>\n<li><strong>Koostisosad\u00a0\/ Ingredients:<\/strong><\/li>\n<li>China Pu-Erh<\/li>\n<\/ul>\n<p>&nbsp;<\/p>\n<ul>\n<li><strong>Ettevalmistus \/ Preparation:<\/strong><\/li>\n<li>vett (100 \u00b0C) .Celsiuse kraadides 100<\/li>\n<li>water (100\u00b0 C) .<\/li>\n<li>infusion\/Keetmisaeg\u00a0 time 1- 3 min.<\/li>\n<\/ul>\n<p>Gram for 1 litre 14 g &#8211; Gramm 1 liitri kohta 14 g<\/p>\n<p>&nbsp;<\/p>","protected":false},"excerpt":{"rendered":"<p>Tootekirjeldus \/ Product Description: Iseloom: Magus, pehme, mahe; Kasvuk\u00f5rgus meetrites 1350 Kasvupiirkond Yunnan, Pu-Erh Korjamisperiood 04-09 Leht: Pruunikas, punane, keskmise suurusega, murtud ja pesakujuliselt pressitud Tass: Tume, pruunikaspunane, iseloomulik Erip\u00e4rad See pressitud \u00f5lu t\u00f6\u00f6tati v\u00e4lja 1902. aastal Tuan Cha ja 1917. aastal Tuo Cha nime all ning p\u00e4rineb algup\u00e4rasest Xiaguanist (Yunnan, Dali). Tuo on termin, [&#8230;]\n","protected":false},"featured_media":3061,"comment_status":"open","ping_status":"closed","template":"","meta":[],"product_brand":[],"product_cat":[88,68],"product_tag":[],"class_list":{"0":"post-3060","1":"product","2":"type-product","3":"status-publish","4":"has-post-thumbnail","6":"product_cat-pu-erh","7":"product_cat-tea","9":"first","10":"instock","11":"sold-individually","12":"taxable","13":"shipping-taxable","14":"purchasable","15":"product-type-simple"},"_links":{"self":[{"href":"https:\/\/www.balticroad.eu\/et\/wp-json\/wp\/v2\/product\/3060","targetHints":{"allow":["GET"]}}],"collection":[{"href":"https:\/\/www.balticroad.eu\/et\/wp-json\/wp\/v2\/product"}],"about":[{"href":"https:\/\/www.balticroad.eu\/et\/wp-json\/wp\/v2\/types\/product"}],"replies":[{"embeddable":true,"href":"https:\/\/www.balticroad.eu\/et\/wp-json\/wp\/v2\/comments?post=3060"}],"wp:featuredmedia":[{"embeddable":true,"href":"https:\/\/www.balticroad.eu\/et\/wp-json\/wp\/v2\/media\/3061"}],"wp:attachment":[{"href":"https:\/\/www.balticroad.eu\/et\/wp-json\/wp\/v2\/media?parent=3060"}],"wp:term":[{"taxonomy":"product_brand","embeddable":true,"href":"https:\/\/www.balticroad.eu\/et\/wp-json\/wp\/v2\/product_brand?post=3060"},{"taxonomy":"product_cat","embeddable":true,"href":"https:\/\/www.balticroad.eu\/et\/wp-json\/wp\/v2\/product_cat?post=3060"},{"taxonomy":"product_tag","embeddable":true,"href":"https:\/\/www.balticroad.eu\/et\/wp-json\/wp\/v2\/product_tag?post=3060"}],"curies":[{"name":"wp","href":"https:\/\/api.w.org\/{rel}","templated":true}]}}