{"id":3056,"date":"2025-11-08T17:26:48","date_gmt":"2025-11-08T17:26:48","guid":{"rendered":"https:\/\/www.balticroad.eu\/?post_type=product&#038;p=3056"},"modified":"2026-01-15T11:19:33","modified_gmt":"2026-01-15T11:19:33","slug":"china-pu-erh-beeng-cha-100-g-shu-black","status":"publish","type":"product","link":"https:\/\/www.balticroad.eu\/et\/toode\/china-pu-erh-beeng-cha-100-g-shu-black\/","title":{"rendered":"China Pu-Erh Beeng Cha  100 g &#8211; shu, black"},"content":{"rendered":"<h2>Tootekirjeldus \/ Product Description:<\/h2>\n<p>Iseloom: Muldne, aromaatne, pehme; Kasvupiirkond Yunnan, Pu-Erh<br \/>\nKorjamisperiood 04-09<br \/>\nLeht: Punakaspruun, keskmise suurusega, v\u00e4heste lehesoonedega, lame-\u00fcmara pressitud<br \/>\nTass: Tume, kastanpruun, kergelt h\u00e4gune<br \/>\n100 g pressitud teekoogi \u00fchikuteks. Viimane t\u00f6\u00f6tlemisetapp toimub k\u00f5rgema \u00f5huniiskuse ja l\u00fchema kuivamisajaga. Selle tulemusena valmib tee paberis kiiremini ning saavutab palju tugevust ja t\u00e4idlust.<\/p>\n<p>Character Earthy, aromatic, soft; Growing area Yunnan, Pu-Erh<br \/>\nHarvest period 04 &#8211; 09<br \/>\nLeaf: Reddish to brown, medium, few leaf veins, flat-round pressed<br \/>\nCup: Dark, chestnut, slightly clouded<br \/>\nInto units of 100 g pressed tea cake. The final processing step takes place with higher humidity and shorter drying time. As a result, the tea ripes faster in the paper and develops a lot of strength and fullness.<\/p>\n<p>&nbsp;<\/p>\n<p>Temperatuur Celsiuse kraadides 100<br \/>\nLeht: Tume, k\u00fcps roheline, v\u00e4ike ja tipuline, lame-\u00fcmar pressitud<br \/>\nTass: H\u00e4gune, rikkalik, aprikoosiv\u00e4rvi<\/p>\n<p>&nbsp;<\/p>\n<ul>\n<li><strong>Koostisosad\u00a0\/ Ingredients:<\/strong><\/li>\n<li>PU \u2013 ERH<\/li>\n<\/ul>\n<p>&nbsp;<\/p>\n<ul>\n<li><strong>Ettevalmistus \/ Preparation:<\/strong><\/li>\n<li>vett (100 \u00b0C) .Celsiuse kraadides 100<\/li>\n<li>water (100\u00b0 C) .<\/li>\n<li>infusion\/Keetmisaeg\u00a0 time 1-3 min.<\/li>\n<\/ul>\n<p>Gram for 1 litre 14 g &#8211; Gramm 1 liitri kohta 14 g<\/p>\n<p>&nbsp;<\/p>","protected":false},"excerpt":{"rendered":"<p>Tootekirjeldus \/ Product Description: Iseloom: Muldne, aromaatne, pehme; Kasvupiirkond Yunnan, Pu-Erh Korjamisperiood 04-09 Leht: Punakaspruun, keskmise suurusega, v\u00e4heste lehesoonedega, lame-\u00fcmara pressitud Tass: Tume, kastanpruun, kergelt h\u00e4gune 100 g pressitud teekoogi \u00fchikuteks. Viimane t\u00f6\u00f6tlemisetapp toimub k\u00f5rgema \u00f5huniiskuse ja l\u00fchema kuivamisajaga. Selle tulemusena valmib tee paberis kiiremini ning saavutab palju tugevust ja t\u00e4idlust. Character Earthy, aromatic, soft; [&#8230;]\n","protected":false},"featured_media":3123,"comment_status":"open","ping_status":"closed","template":"","meta":[],"product_brand":[],"product_cat":[88,68],"product_tag":[],"class_list":{"0":"post-3056","1":"product","2":"type-product","3":"status-publish","4":"has-post-thumbnail","6":"product_cat-pu-erh","7":"product_cat-tea","9":"first","10":"instock","11":"sold-individually","12":"taxable","13":"shipping-taxable","14":"purchasable","15":"product-type-simple"},"_links":{"self":[{"href":"https:\/\/www.balticroad.eu\/et\/wp-json\/wp\/v2\/product\/3056","targetHints":{"allow":["GET"]}}],"collection":[{"href":"https:\/\/www.balticroad.eu\/et\/wp-json\/wp\/v2\/product"}],"about":[{"href":"https:\/\/www.balticroad.eu\/et\/wp-json\/wp\/v2\/types\/product"}],"replies":[{"embeddable":true,"href":"https:\/\/www.balticroad.eu\/et\/wp-json\/wp\/v2\/comments?post=3056"}],"wp:featuredmedia":[{"embeddable":true,"href":"https:\/\/www.balticroad.eu\/et\/wp-json\/wp\/v2\/media\/3123"}],"wp:attachment":[{"href":"https:\/\/www.balticroad.eu\/et\/wp-json\/wp\/v2\/media?parent=3056"}],"wp:term":[{"taxonomy":"product_brand","embeddable":true,"href":"https:\/\/www.balticroad.eu\/et\/wp-json\/wp\/v2\/product_brand?post=3056"},{"taxonomy":"product_cat","embeddable":true,"href":"https:\/\/www.balticroad.eu\/et\/wp-json\/wp\/v2\/product_cat?post=3056"},{"taxonomy":"product_tag","embeddable":true,"href":"https:\/\/www.balticroad.eu\/et\/wp-json\/wp\/v2\/product_tag?post=3056"}],"curies":[{"name":"wp","href":"https:\/\/api.w.org\/{rel}","templated":true}]}}