{"id":3054,"date":"2025-11-08T17:18:47","date_gmt":"2025-11-08T17:18:47","guid":{"rendered":"https:\/\/www.balticroad.eu\/?post_type=product&#038;p=3054"},"modified":"2025-11-08T17:25:42","modified_gmt":"2025-11-08T17:25:42","slug":"china-pu-erh-beeng-cha-100-g-sheng-black","status":"publish","type":"product","link":"https:\/\/www.balticroad.eu\/et\/toode\/china-pu-erh-beeng-cha-100-g-sheng-black\/","title":{"rendered":"China Pu-Erh Beeng Cha 100 g &#8211; sheng, black"},"content":{"rendered":"<h2>Tootekirjeldus \/ Product Description:<\/h2>\n<p>Iseloom: Puuviljane, m\u00f5rkjas, v\u00e4rske; Kasvupiirkond: Yunnan, Pu-Erh; Kasvuk\u00f5rgus meetrites 1350; Koristusperiood 04-09; Lehed: Kollakasrohelised, kalduvus puuroheliseks, lameda-\u00fcmara pressitud; Tass: Kollakas, selge, kalduvus oran\u017eiks; Lehed toodetud rohelise teena, mida kuivatatakse ainult p\u00e4ikese k\u00e4es ja mis k\u00e4\u00e4rib aastate jooksul loomulikult. Valmis tee muutub aastate jooksul tumedamaks, mahedamaks ja puuviljasemaks. K\u00e4ep\u00e4rased 100 g pakendid on pressimise \u00fcsna moodne variatsioon.<\/p>\n<p>Character Fruity, bitter, fresh ; Growing area: Yunnan, Pu-Erh, Growing altitude in meters 1350,<br \/>\nHarvest period 04 &#8211; 09, Leaf: Yellow-green, tendencies to tree green, flat-round pressed, Cup: Yellowish, clear, tendencies to orange, Leaf produced as a green tea, which is only dried by the power of the sun and ferments naturally over the years. The finished tea becomes darker, milder and fruitier over the years. The handy 100 g are a rather modern variation of the pressing.<\/p>\n<p>&nbsp;<\/p>\n<p>Temperatuur Celsiuse kraadides 100<br \/>\nLeht: Tume, k\u00fcps roheline, v\u00e4ike ja tipuline, lame-\u00fcmar pressitud<br \/>\nTass: H\u00e4gune, rikkalik, aprikoosiv\u00e4rvi<\/p>\n<p>&nbsp;<\/p>\n<ul>\n<li><strong>Koostisosad\u00a0\/ Ingredients:<\/strong><\/li>\n<li>PU \u2013 ERH<\/li>\n<\/ul>\n<p>&nbsp;<\/p>\n<ul>\n<li><strong>Ettevalmistus \/ Preparation:<\/strong><\/li>\n<li>vett (100 \u00b0C) .Celsiuse kraadides 100<\/li>\n<li>water (100\u00b0 C) .<\/li>\n<li>infusion\/Keetmisaeg\u00a0 time 1-3 min.<\/li>\n<\/ul>\n<p>Gram for 1 litre 12 g &#8211; Gramm 1 liitri kohta 12 g<\/p>\n<p>&nbsp;<\/p>","protected":false},"excerpt":{"rendered":"<p>Tootekirjeldus \/ Product Description: Iseloom: Puuviljane, m\u00f5rkjas, v\u00e4rske; Kasvupiirkond: Yunnan, Pu-Erh; Kasvuk\u00f5rgus meetrites 1350; Koristusperiood 04-09; Lehed: Kollakasrohelised, kalduvus puuroheliseks, lameda-\u00fcmara pressitud; Tass: Kollakas, selge, kalduvus oran\u017eiks; Lehed toodetud rohelise teena, mida kuivatatakse ainult p\u00e4ikese k\u00e4es ja mis k\u00e4\u00e4rib aastate jooksul loomulikult. Valmis tee muutub aastate jooksul tumedamaks, mahedamaks ja puuviljasemaks. K\u00e4ep\u00e4rased 100 g pakendid [&#8230;]\n","protected":false},"featured_media":3055,"comment_status":"open","ping_status":"closed","template":"","meta":[],"product_brand":[],"product_cat":[88,68],"product_tag":[],"class_list":{"0":"post-3054","1":"product","2":"type-product","3":"status-publish","4":"has-post-thumbnail","6":"product_cat-pu-erh","7":"product_cat-tea","9":"first","10":"instock","11":"sold-individually","12":"taxable","13":"shipping-taxable","14":"purchasable","15":"product-type-simple"},"_links":{"self":[{"href":"https:\/\/www.balticroad.eu\/et\/wp-json\/wp\/v2\/product\/3054","targetHints":{"allow":["GET"]}}],"collection":[{"href":"https:\/\/www.balticroad.eu\/et\/wp-json\/wp\/v2\/product"}],"about":[{"href":"https:\/\/www.balticroad.eu\/et\/wp-json\/wp\/v2\/types\/product"}],"replies":[{"embeddable":true,"href":"https:\/\/www.balticroad.eu\/et\/wp-json\/wp\/v2\/comments?post=3054"}],"wp:featuredmedia":[{"embeddable":true,"href":"https:\/\/www.balticroad.eu\/et\/wp-json\/wp\/v2\/media\/3055"}],"wp:attachment":[{"href":"https:\/\/www.balticroad.eu\/et\/wp-json\/wp\/v2\/media?parent=3054"}],"wp:term":[{"taxonomy":"product_brand","embeddable":true,"href":"https:\/\/www.balticroad.eu\/et\/wp-json\/wp\/v2\/product_brand?post=3054"},{"taxonomy":"product_cat","embeddable":true,"href":"https:\/\/www.balticroad.eu\/et\/wp-json\/wp\/v2\/product_cat?post=3054"},{"taxonomy":"product_tag","embeddable":true,"href":"https:\/\/www.balticroad.eu\/et\/wp-json\/wp\/v2\/product_tag?post=3054"}],"curies":[{"name":"wp","href":"https:\/\/api.w.org\/{rel}","templated":true}]}}