{"id":3047,"date":"2025-11-08T17:00:58","date_gmt":"2025-11-08T17:00:58","guid":{"rendered":"https:\/\/www.balticroad.eu\/?post_type=product&#038;p=3047"},"modified":"2026-03-23T10:43:23","modified_gmt":"2026-03-23T10:43:23","slug":"china-feng-huang-dancong-oolong","status":"publish","type":"product","link":"https:\/\/www.balticroad.eu\/et\/toode\/china-feng-huang-dancong-oolong\/","title":{"rendered":"China Feng Huang Dancong Oolong"},"content":{"rendered":"<h2>Tootekirjeldus \/ Product Description:<\/h2>\n<ul>\n<li style=\"list-style-type: none;\">\n<ul>\n<li>&#8221; F\u00f6\u00f6niksi m\u00e4e \u00fcksildased p\u00f5\u00f5sad &#8220;<\/li>\n<li>Kasvupiirkond: Guangdong, Feng Huang, k\u00f5rgus meetrites &#8211; 1200 m, koristusperiood: 05-07; leht: mustjaspunakas s\u00e4tendav, piklik, avatud ja keerdunud, tass: konjakiv\u00e4rvi, s\u00e4rav. Feng Huang Shan \u2013 oolongide s\u00fcnnikoht. Siin kasvavad \u00fchep\u00f5\u00f5sasteed, mida on Tangi d\u00fcnastiast saadik kasutatud parimate teede valmistamiseks erinevates vormides. See kvaliteetne tee Chaozhoust Phoenixi m\u00e4gede s\u00fcdamest p\u00e4rineb Song Zongi kultivarist. Aroom on klassifitseeritud Mi Lan Xiangiks ja seda iseloomustavad mee ja orhidee noodid. Soovitame seda valmistada Gaiwanis v\u00f5i traditsiooniliselt Yixingis mitme t\u00f5mmisega, et nautida selle tee ainulaadset mitmekesisust k\u00f5igis selle tahkudes..<\/li>\n<li><\/li>\n<li><strong>Growing area :Guangdong, Feng Huang, altitude in meters &#8211; 1200m, Harvest period: 05 &#8211; 07; Leaf: Black-reddish shimmering, elongated open twisted, Cup: Cognac coloured, brilliant, Feng Huang Shan \u2013 the birthplace of Oolongs . Single bush teas grow here, which have been used to produce the finest teas in a variety of forms since Tang Dynasty. This quality tea, from Chaozhou in the heart of the Phoenix Mountains, comes from the Song Zong cultivar. The aroma is classified as Mi Lan Xiang and is characterised by notes of honey and orchid. We recommend preparing it in a Gaiwan or traditionally in Yixing with several infusions to enjoy the unique diversity of this tea in all its facets.\u00a0<\/strong><\/li>\n<li><\/li>\n<\/ul>\n<\/li>\n<\/ul>\n<p><!-- --><\/p>\n<ul>\n<li><strong>Koostisosad \/ Ingredients<\/strong><\/li>\n<li>Oolong tea<\/li>\n<\/ul>\n<p>&nbsp;<\/p>\n<ul>\n<li><strong>Ettevalmistus \/ Preparation: <\/strong><\/li>\n<li><strong>Oolong tea<\/strong> valmistamiseks vala tee lehtedele keedetud vesi, mis on just l\u00f5petanud mullitamise (95\/100\u00b0C). Lase 1 kuni 3 minutit t\u00f5mmata.<\/li>\n<li>Gram for 1 litre 14 g \/ Gramm 1 liitri kohta 14 g<\/li>\n<\/ul>","protected":false},"excerpt":{"rendered":"<p>Tootekirjeldus \/ Product Description: &#8221; F\u00f6\u00f6niksi m\u00e4e \u00fcksildased p\u00f5\u00f5sad &#8220; Kasvupiirkond: Guangdong, Feng Huang, k\u00f5rgus meetrites &#8211; 1200 m, koristusperiood: 05-07; leht: mustjaspunakas s\u00e4tendav, piklik, avatud ja keerdunud, tass: konjakiv\u00e4rvi, s\u00e4rav. Feng Huang Shan \u2013 oolongide s\u00fcnnikoht. Siin kasvavad \u00fchep\u00f5\u00f5sasteed, mida on Tangi d\u00fcnastiast saadik kasutatud parimate teede valmistamiseks erinevates vormides. See kvaliteetne tee Chaozhoust [&#8230;]\n","protected":false},"featured_media":3051,"comment_status":"open","ping_status":"closed","template":"","meta":[],"product_brand":[],"product_cat":[86,68],"product_tag":[],"class_list":{"0":"post-3047","1":"product","2":"type-product","3":"status-publish","4":"has-post-thumbnail","6":"product_cat-oolong-tea","7":"product_cat-tea","9":"first","10":"outofstock","11":"taxable","12":"shipping-taxable","13":"purchasable","14":"product-type-variable"},"_links":{"self":[{"href":"https:\/\/www.balticroad.eu\/et\/wp-json\/wp\/v2\/product\/3047","targetHints":{"allow":["GET"]}}],"collection":[{"href":"https:\/\/www.balticroad.eu\/et\/wp-json\/wp\/v2\/product"}],"about":[{"href":"https:\/\/www.balticroad.eu\/et\/wp-json\/wp\/v2\/types\/product"}],"replies":[{"embeddable":true,"href":"https:\/\/www.balticroad.eu\/et\/wp-json\/wp\/v2\/comments?post=3047"}],"wp:featuredmedia":[{"embeddable":true,"href":"https:\/\/www.balticroad.eu\/et\/wp-json\/wp\/v2\/media\/3051"}],"wp:attachment":[{"href":"https:\/\/www.balticroad.eu\/et\/wp-json\/wp\/v2\/media?parent=3047"}],"wp:term":[{"taxonomy":"product_brand","embeddable":true,"href":"https:\/\/www.balticroad.eu\/et\/wp-json\/wp\/v2\/product_brand?post=3047"},{"taxonomy":"product_cat","embeddable":true,"href":"https:\/\/www.balticroad.eu\/et\/wp-json\/wp\/v2\/product_cat?post=3047"},{"taxonomy":"product_tag","embeddable":true,"href":"https:\/\/www.balticroad.eu\/et\/wp-json\/wp\/v2\/product_tag?post=3047"}],"curies":[{"name":"wp","href":"https:\/\/api.w.org\/{rel}","templated":true}]}}