{"id":2996,"date":"2025-08-24T07:15:44","date_gmt":"2025-08-24T07:15:44","guid":{"rendered":"https:\/\/www.balticroad.eu\/?post_type=product&#038;p=2996"},"modified":"2025-09-05T13:16:26","modified_gmt":"2025-09-05T13:16:26","slug":"stainless-steel-strainer-with-micro-filter-o-30-x-175-mm","status":"publish","type":"product","link":"https:\/\/www.balticroad.eu\/et\/toode\/stainless-steel-strainer-with-micro-filter-o-30-x-175-mm\/","title":{"rendered":"Stainless steel strainer with micro filter, \u00d8 30 x 175 mm"},"content":{"rendered":"<h2>Tootekirjeldus \/ Product Description:<\/h2>\n<p>Stainless steel strainer with micro filter, \u00d8 30 x 175 mm<\/p>\n<p><strong>Roostevabast terasest s\u00f5el mikrofiltriga, \u00d8 30 x 175 mm<\/strong><\/p>\n<p>&nbsp;<\/p>\n<p>&nbsp;<\/p>","protected":false},"excerpt":{"rendered":"<p>Tootekirjeldus \/ Product Description: Stainless steel strainer with micro filter, \u00d8 30 x 175 mm Roostevabast terasest s\u00f5el mikrofiltriga, \u00d8 30 x 175 mm &nbsp; &nbsp;<\/p>","protected":false},"featured_media":2997,"comment_status":"open","ping_status":"closed","template":"","meta":[],"product_brand":[],"product_cat":[82,107,68,108],"product_tag":[],"class_list":{"0":"post-2996","1":"product","2":"type-product","3":"status-publish","4":"has-post-thumbnail","6":"product_cat-accessories","7":"product_cat-accessories-2","8":"product_cat-tea","9":"product_cat-tea-accessories","11":"first","12":"instock","13":"sold-individually","14":"taxable","15":"shipping-taxable","16":"purchasable","17":"product-type-simple"},"_links":{"self":[{"href":"https:\/\/www.balticroad.eu\/et\/wp-json\/wp\/v2\/product\/2996","targetHints":{"allow":["GET"]}}],"collection":[{"href":"https:\/\/www.balticroad.eu\/et\/wp-json\/wp\/v2\/product"}],"about":[{"href":"https:\/\/www.balticroad.eu\/et\/wp-json\/wp\/v2\/types\/product"}],"replies":[{"embeddable":true,"href":"https:\/\/www.balticroad.eu\/et\/wp-json\/wp\/v2\/comments?post=2996"}],"wp:featuredmedia":[{"embeddable":true,"href":"https:\/\/www.balticroad.eu\/et\/wp-json\/wp\/v2\/media\/2997"}],"wp:attachment":[{"href":"https:\/\/www.balticroad.eu\/et\/wp-json\/wp\/v2\/media?parent=2996"}],"wp:term":[{"taxonomy":"product_brand","embeddable":true,"href":"https:\/\/www.balticroad.eu\/et\/wp-json\/wp\/v2\/product_brand?post=2996"},{"taxonomy":"product_cat","embeddable":true,"href":"https:\/\/www.balticroad.eu\/et\/wp-json\/wp\/v2\/product_cat?post=2996"},{"taxonomy":"product_tag","embeddable":true,"href":"https:\/\/www.balticroad.eu\/et\/wp-json\/wp\/v2\/product_tag?post=2996"}],"curies":[{"name":"wp","href":"https:\/\/api.w.org\/{rel}","templated":true}]}}