{"id":2994,"date":"2025-08-24T07:08:14","date_gmt":"2025-08-24T07:08:14","guid":{"rendered":"https:\/\/www.balticroad.eu\/?post_type=product&#038;p=2994"},"modified":"2025-08-24T07:11:55","modified_gmt":"2025-08-24T07:11:55","slug":"china-lu-zhuang-green-pu-erh-approx-100-g-sheng","status":"publish","type":"product","link":"https:\/\/www.balticroad.eu\/et\/toode\/china-lu-zhuang-green-pu-erh-approx-100-g-sheng\/","title":{"rendered":"China Lu Zhuang Green Pu-Erh approx. 100 g &#8211; sheng"},"content":{"rendered":"<h2>Tootekirjeldus \/ Product Description:<\/h2>\n<p>China Lu Zhuang Green Pu-Erh approx. 100 g &#8211; sheng<\/p>\n<p>&nbsp;<\/p>\n<p>Infusion time 1-3 Min.<br \/>\nGram for 1 litre 1 ST (PC) \/ 40 ml<br \/>\nGrowing altitude in meters 1350<br \/>\nGrowing area Yunnan, Pu-Erh<br \/>\nHarvest period 02 &#8211; 04<br \/>\nTemperature in degrees Celsius 100<br \/>\nLeaf: Olive green, riped, hard pressed to bar form, with buds<br \/>\nCup: Light olive green, clear<br \/>\nSpecials The tea material is particularly delicate and from the year 2018. It is then pressed in 2019 and can be broken off in portions for Gaiwan or Yixing. This green Pu-Erh ripes with age and improves its quality constantly. Limited edition.<\/p>\n<p>.<\/p>\n<p>Keetmisaeg 1-3 min.<br \/>\nGramm 1 liitri kohta 1 ST (PC) \/ 40 ml<br \/>\nKasvuk\u00f5rgus meetrites 1350<br \/>\nKasvupiirkond Yunnan, Pu-Erh<br \/>\nKorjamisperiood 02-04<br \/>\nTemperatuur Celsiuse kraadides 100<br \/>\nLeht: Oliivroheline, k\u00fcps, k\u00f5vasti pressitud kangiks, \u00f5isikutega<br \/>\nTass: Hele oliivroheline, selge<br \/>\nEripakkumised Teematerjal on eriti \u00f5rn ja p\u00e4rineb aastast 2018. Seej\u00e4rel pressitakse see 2019. aastal ja seda saab portsjonitena Gaiwani v\u00f5i Yixingi jaoks murda. See roheline Pu-Erh valmib vanusega ja parandab pidevalt oma kvaliteeti. Piiratud v\u00e4ljaanne.<\/p>\n<p>&nbsp;<\/p>\n<ul>\n<li><strong>Koostisosad\u00a0\/ Ingredients:<\/strong><\/li>\n<li>PU \u2013 ERH<\/li>\n<\/ul>\n<p>&nbsp;<\/p>\n<ul>\n<li><strong>Ettevalmistus \/ Preparation:<\/strong><\/li>\n<li>vett (100 \u00b0C) .<\/li>\n<li>water (100\u00b0 C) .<\/li>\n<li>infusion time 1-3 min.<\/li>\n<\/ul>\n<p>Gram for 1 litre 1 ST (PC) \/ 40 ml<\/p>\n<p>&nbsp;<\/p>","protected":false},"excerpt":{"rendered":"<p>Tootekirjeldus \/ Product Description: China Lu Zhuang Green Pu-Erh approx. 100 g &#8211; sheng &nbsp; Infusion time 1-3 Min. Gram for 1 litre 1 ST (PC) \/ 40 ml Growing altitude in meters 1350 Growing area Yunnan, Pu-Erh Harvest period 02 &#8211; 04 Temperature in degrees Celsius 100 Leaf: Olive green, riped, hard pressed to [&#8230;]\n","protected":false},"featured_media":2995,"comment_status":"open","ping_status":"closed","template":"","meta":[],"product_brand":[],"product_cat":[88,68],"product_tag":[],"class_list":{"0":"post-2994","1":"product","2":"type-product","3":"status-publish","4":"has-post-thumbnail","6":"product_cat-pu-erh","7":"product_cat-tea","9":"first","10":"instock","11":"sold-individually","12":"taxable","13":"shipping-taxable","14":"purchasable","15":"product-type-simple"},"_links":{"self":[{"href":"https:\/\/www.balticroad.eu\/et\/wp-json\/wp\/v2\/product\/2994","targetHints":{"allow":["GET"]}}],"collection":[{"href":"https:\/\/www.balticroad.eu\/et\/wp-json\/wp\/v2\/product"}],"about":[{"href":"https:\/\/www.balticroad.eu\/et\/wp-json\/wp\/v2\/types\/product"}],"replies":[{"embeddable":true,"href":"https:\/\/www.balticroad.eu\/et\/wp-json\/wp\/v2\/comments?post=2994"}],"wp:featuredmedia":[{"embeddable":true,"href":"https:\/\/www.balticroad.eu\/et\/wp-json\/wp\/v2\/media\/2995"}],"wp:attachment":[{"href":"https:\/\/www.balticroad.eu\/et\/wp-json\/wp\/v2\/media?parent=2994"}],"wp:term":[{"taxonomy":"product_brand","embeddable":true,"href":"https:\/\/www.balticroad.eu\/et\/wp-json\/wp\/v2\/product_brand?post=2994"},{"taxonomy":"product_cat","embeddable":true,"href":"https:\/\/www.balticroad.eu\/et\/wp-json\/wp\/v2\/product_cat?post=2994"},{"taxonomy":"product_tag","embeddable":true,"href":"https:\/\/www.balticroad.eu\/et\/wp-json\/wp\/v2\/product_tag?post=2994"}],"curies":[{"name":"wp","href":"https:\/\/api.w.org\/{rel}","templated":true}]}}