{"id":2992,"date":"2025-08-24T07:01:23","date_gmt":"2025-08-24T07:01:23","guid":{"rendered":"https:\/\/www.balticroad.eu\/?post_type=product&#038;p=2992"},"modified":"2025-08-24T07:12:45","modified_gmt":"2025-08-24T07:12:45","slug":"china-pu-erh-beeng-cha-approx-357-g-in-gift-box-copy","status":"publish","type":"product","link":"https:\/\/www.balticroad.eu\/et\/toode\/china-pu-erh-beeng-cha-approx-357-g-in-gift-box-copy\/","title":{"rendered":"China Pu-Erh Green Elephant Beeng Cha 100 g &#8211; sheng"},"content":{"rendered":"<h2>Tootekirjeldus \/ Product Description:<\/h2>\n<p>China Pu-Erh Green Elephant Beeng Cha 100 g &#8211; sheng<\/p>\n<p>Hiina Pu-Erh roheline elevant Beeng Cha 100 g &#8211; sheng<\/p>\n<p>&nbsp;<\/p>\n<p>Gram for 1 litre 14 g<br \/>\nGrowing altitude in meters 1400<br \/>\nGrowing area Yunnan, Pu-Erh<br \/>\nHarvest period 04 &#8211; 09<br \/>\nTemperature in degrees Celsius 100<br \/>\nLeaf: Dark, mature green, small and tippy, flat-round pressed<br \/>\nCup: Cloudy, rich, apricot color<br \/>\nSpecials A tribute to a wonderful event. In spring of 2021, 16 elephants from the wild &#8216;elephant valley&#8217; in Xishuangbanna headed south to the border of Kunming. Making a detour, the elephants are now on their way home. It is the first time that a new elephant route has been observed &#8211; this edition of pressed tea was created to commemorate the occasion.<\/p>\n<p>Keetmisaeg 2-3 min.<br \/>\nGramm 1 liitri kohta 14 g<br \/>\nKasvuk\u00f5rgus meetrites 1400<br \/>\nKasvupiirkond Yunnan, Pu-Erh<br \/>\nKorjamisperiood 04-09<br \/>\nTemperatuur Celsiuse kraadides 100<br \/>\nLeht: Tume, k\u00fcps roheline, v\u00e4ike ja tipuline, lame-\u00fcmar pressitud<br \/>\nTass: H\u00e4gune, rikkalik, aprikoosiv\u00e4rvi<br \/>\nEripakkumised Austusavaldus imelisele s\u00fcndmusele. 2021. aasta kevadel suundusid 16 elevanti Xishuangbanna metsikust &#8220;elevantide orust&#8221; l\u00f5unasse Kunmingi piirile. Tehes \u00fcmbers\u00f5idu, on elevandid n\u00fc\u00fcd teel koju. See on esimene kord, kui on t\u00e4heldatud uut elevantide marsruuti &#8211; see pressitud tee v\u00e4ljaanne loodi selle s\u00fcndmuse t\u00e4histamiseks.<\/p>\n<p>&nbsp;<\/p>\n<ul>\n<li><strong>Koostisosad\u00a0\/ Ingredients:<\/strong><\/li>\n<li>PU \u2013 ERH<\/li>\n<\/ul>\n<p>&nbsp;<\/p>\n<ul>\n<li><strong>Ettevalmistus \/ Preparation:<\/strong><\/li>\n<li>vett (100 \u00b0C) .<\/li>\n<li>water (100\u00b0 C) .<\/li>\n<li>infusion time 2-3 min.<\/li>\n<\/ul>\n<p>Gram for 1 litre 14 g &#8211; Gramm 1 liitri kohta 14 g<\/p>\n<p>&nbsp;<\/p>","protected":false},"excerpt":{"rendered":"<p>Tootekirjeldus \/ Product Description: China Pu-Erh Green Elephant Beeng Cha 100 g &#8211; sheng Hiina Pu-Erh roheline elevant Beeng Cha 100 g &#8211; sheng &nbsp; Gram for 1 litre 14 g Growing altitude in meters 1400 Growing area Yunnan, Pu-Erh Harvest period 04 &#8211; 09 Temperature in degrees Celsius 100 Leaf: Dark, mature green, small [&#8230;]\n","protected":false},"featured_media":2993,"comment_status":"open","ping_status":"closed","template":"","meta":[],"product_brand":[],"product_cat":[88,68],"product_tag":[],"class_list":{"0":"post-2992","1":"product","2":"type-product","3":"status-publish","4":"has-post-thumbnail","6":"product_cat-pu-erh","7":"product_cat-tea","9":"first","10":"instock","11":"sold-individually","12":"taxable","13":"shipping-taxable","14":"purchasable","15":"product-type-simple"},"_links":{"self":[{"href":"https:\/\/www.balticroad.eu\/et\/wp-json\/wp\/v2\/product\/2992","targetHints":{"allow":["GET"]}}],"collection":[{"href":"https:\/\/www.balticroad.eu\/et\/wp-json\/wp\/v2\/product"}],"about":[{"href":"https:\/\/www.balticroad.eu\/et\/wp-json\/wp\/v2\/types\/product"}],"replies":[{"embeddable":true,"href":"https:\/\/www.balticroad.eu\/et\/wp-json\/wp\/v2\/comments?post=2992"}],"wp:featuredmedia":[{"embeddable":true,"href":"https:\/\/www.balticroad.eu\/et\/wp-json\/wp\/v2\/media\/2993"}],"wp:attachment":[{"href":"https:\/\/www.balticroad.eu\/et\/wp-json\/wp\/v2\/media?parent=2992"}],"wp:term":[{"taxonomy":"product_brand","embeddable":true,"href":"https:\/\/www.balticroad.eu\/et\/wp-json\/wp\/v2\/product_brand?post=2992"},{"taxonomy":"product_cat","embeddable":true,"href":"https:\/\/www.balticroad.eu\/et\/wp-json\/wp\/v2\/product_cat?post=2992"},{"taxonomy":"product_tag","embeddable":true,"href":"https:\/\/www.balticroad.eu\/et\/wp-json\/wp\/v2\/product_tag?post=2992"}],"curies":[{"name":"wp","href":"https:\/\/api.w.org\/{rel}","templated":true}]}}