{"id":2988,"date":"2025-08-24T06:45:00","date_gmt":"2025-08-24T06:45:00","guid":{"rendered":"https:\/\/www.balticroad.eu\/?post_type=product&#038;p=2988"},"modified":"2025-08-24T06:49:18","modified_gmt":"2025-08-24T06:49:18","slug":"china-pu-erh-beeng-cha-approx-357-g-in-gift-box","status":"publish","type":"product","link":"https:\/\/www.balticroad.eu\/et\/toode\/china-pu-erh-beeng-cha-approx-357-g-in-gift-box\/","title":{"rendered":"China Pu-Erh Beeng Cha approx. 357 g (in gift box)"},"content":{"rendered":"<h2>Tootekirjeldus \/ Product Description:<\/h2>\n<p>China Pu-Erh Beeng Cha approx. 357 g (in gift box)<\/p>\n<p>Hiina Pu-Erh Beeng Cha u. 357 g (kinkekarbis)<\/p>\n<p>&nbsp;<\/p>\n<p>Growing altitude in meters 1400<br \/>\nGrowing area Yunnan, Pu-Erh<br \/>\nHarvest period 04 &#8211; 09<br \/>\nTemperature in degrees Celsius 100. Leaf: Brownish, dark, medium and tighter twisted, flat-round pressed<br \/>\nCup: Clear, wine red, slightly earthy<br \/>\nSpecials A very limited edition with many special features. The tea material, from 2014, comes from the mountains of Si Mao, is then taken to Menghai and fermented for about 2 months. The riping takes place in Kunming. The tea is then always pressed customized in the traditional way.<\/p>\n<p>&nbsp;<\/p>\n<p>Kasvuk\u00f5rgus meetrites 1400<br \/>\nKasvupiirkond Yunnan, Pu-Erh<br \/>\nKorjamisperiood 04-09<br \/>\nTemperatuur Celsiuse kraadides 100. Lehed: Pruunikud, tumedad, keskmise ja tihedamalt keerdunud, lameda \u00fcmara pressitud<br \/>\nTass: Selge, veinipunane, kergelt muldne<br \/>\nEripakkumised V\u00e4ga piiratud v\u00e4ljaanne paljude eriliste omadustega. Teematerjal aastast 2014 p\u00e4rineb Si Mao m\u00e4gedest, seej\u00e4rel viiakse Menghai&#8217;sse ja k\u00e4\u00e4ritatakse umbes 2 kuud. Valmimine toimub Kunmingis. Seej\u00e4rel pressitakse teed alati traditsioonilisel viisil vastavalt vajadusele.<\/p>\n<p>&nbsp;<\/p>\n<ul>\n<li><strong>Koostisosad\u00a0\/ Ingredients:<\/strong><\/li>\n<li>PU \u2013 ERH<\/li>\n<\/ul>\n<p>&nbsp;<\/p>\n<ul>\n<li><strong>Ettevalmistus \/ Preparation:<\/strong><\/li>\n<li>vett (100 \u00b0C) .<\/li>\n<li>water (100\u00b0 C) .<\/li>\n<li>infusion time 1-3 min.<\/li>\n<\/ul>\n<p>Gram for 1 litre 14 g &#8211; Gramm 1 liitri kohta 14 g<\/p>\n<p>&nbsp;<\/p>","protected":false},"excerpt":{"rendered":"<p>Tootekirjeldus \/ Product Description: China Pu-Erh Beeng Cha approx. 357 g (in gift box) Hiina Pu-Erh Beeng Cha u. 357 g (kinkekarbis) &nbsp; Growing altitude in meters 1400 Growing area Yunnan, Pu-Erh Harvest period 04 &#8211; 09 Temperature in degrees Celsius 100. Leaf: Brownish, dark, medium and tighter twisted, flat-round pressed Cup: Clear, wine red, [&#8230;]\n","protected":false},"featured_media":2989,"comment_status":"open","ping_status":"closed","template":"","meta":[],"product_brand":[],"product_cat":[88,68],"product_tag":[],"class_list":{"0":"post-2988","1":"product","2":"type-product","3":"status-publish","4":"has-post-thumbnail","6":"product_cat-pu-erh","7":"product_cat-tea","9":"first","10":"instock","11":"sold-individually","12":"taxable","13":"shipping-taxable","14":"purchasable","15":"product-type-simple"},"_links":{"self":[{"href":"https:\/\/www.balticroad.eu\/et\/wp-json\/wp\/v2\/product\/2988","targetHints":{"allow":["GET"]}}],"collection":[{"href":"https:\/\/www.balticroad.eu\/et\/wp-json\/wp\/v2\/product"}],"about":[{"href":"https:\/\/www.balticroad.eu\/et\/wp-json\/wp\/v2\/types\/product"}],"replies":[{"embeddable":true,"href":"https:\/\/www.balticroad.eu\/et\/wp-json\/wp\/v2\/comments?post=2988"}],"wp:featuredmedia":[{"embeddable":true,"href":"https:\/\/www.balticroad.eu\/et\/wp-json\/wp\/v2\/media\/2989"}],"wp:attachment":[{"href":"https:\/\/www.balticroad.eu\/et\/wp-json\/wp\/v2\/media?parent=2988"}],"wp:term":[{"taxonomy":"product_brand","embeddable":true,"href":"https:\/\/www.balticroad.eu\/et\/wp-json\/wp\/v2\/product_brand?post=2988"},{"taxonomy":"product_cat","embeddable":true,"href":"https:\/\/www.balticroad.eu\/et\/wp-json\/wp\/v2\/product_cat?post=2988"},{"taxonomy":"product_tag","embeddable":true,"href":"https:\/\/www.balticroad.eu\/et\/wp-json\/wp\/v2\/product_tag?post=2988"}],"curies":[{"name":"wp","href":"https:\/\/api.w.org\/{rel}","templated":true}]}}