{"id":2986,"date":"2025-08-24T06:34:36","date_gmt":"2025-08-24T06:34:36","guid":{"rendered":"https:\/\/www.balticroad.eu\/?post_type=product&#038;p=2986"},"modified":"2025-08-24T06:44:36","modified_gmt":"2025-08-24T06:44:36","slug":"china-pu-erh-beeng-cha-bio-approx-357g-2","status":"publish","type":"product","link":"https:\/\/www.balticroad.eu\/et\/toode\/china-pu-erh-beeng-cha-bio-approx-357g-2\/","title":{"rendered":"China Pu-Erh Beeng Cha (Bio) approx. 357g"},"content":{"rendered":"<h2>Tootekirjeldus \/ Product Description:<\/h2>\n<p>China Pu-Erh Beeng Cha (Bio) approx. 357g<\/p>\n<p>&nbsp;<\/p>\n<p>Surrounded by original villages, deep in the mountains, this part was certified organic a few years ago. The tea material is aged for at least 1 year before it is pressed under pressure and steam to its classic form. The tea bushes are on average 30 years old. Leaf: Brownish, dark, medium to coarse, flat-round pressed<br \/>\nCup: Elegant wine red, shining, partly darker sliding<\/p>\n<p>See s\u00fcgaval m\u00e4gedes, p\u00f5lisk\u00fcladega \u00fcmbritsetud piirkond sai m\u00f5ned aastad tagasi mahesertifikaadi. Teematerjali laagerdatakse v\u00e4hemalt \u00fche aasta, enne kui see r\u00f5hu ja auru all klassikalisele kujule pressitakse. Teep\u00f5\u00f5sad on keskmiselt 30 aastat vanad. Leht: Pruunikas, tume, keskmise kuni j\u00e4medateraline, lameda-\u00fcmara pressitud. Tass: Elegantne veinipunane, l\u00e4ikiv, osaliselt tumedam libisev.<\/p>\n<p>&nbsp;<\/p>\n<ul>\n<li><strong>Koostisosad\u00a0\/ Ingredients:<\/strong><\/li>\n<li>PU \u2013 ERH<\/li>\n<\/ul>\n<p>&nbsp;<\/p>\n<ul>\n<li><strong>Ettevalmistus \/ Preparation:<\/strong><\/li>\n<li>vett (100 \u00b0C) .<\/li>\n<li>water (100\u00b0 C) .<\/li>\n<li>infusion time 1-3 min.<\/li>\n<\/ul>\n<p>Gram for 1 litre 14 g<\/p>\n<p>&nbsp;<\/p>","protected":false},"excerpt":{"rendered":"<p>Tootekirjeldus \/ Product Description: China Pu-Erh Beeng Cha (Bio) approx. 357g &nbsp; Surrounded by original villages, deep in the mountains, this part was certified organic a few years ago. The tea material is aged for at least 1 year before it is pressed under pressure and steam to its classic form. The tea bushes are [&#8230;]\n","protected":false},"featured_media":2985,"comment_status":"open","ping_status":"closed","template":"","meta":[],"product_brand":[],"product_cat":[88,68],"product_tag":[],"class_list":{"0":"post-2986","1":"product","2":"type-product","3":"status-publish","4":"has-post-thumbnail","6":"product_cat-pu-erh","7":"product_cat-tea","9":"first","10":"instock","11":"sold-individually","12":"taxable","13":"shipping-taxable","14":"purchasable","15":"product-type-simple"},"_links":{"self":[{"href":"https:\/\/www.balticroad.eu\/et\/wp-json\/wp\/v2\/product\/2986","targetHints":{"allow":["GET"]}}],"collection":[{"href":"https:\/\/www.balticroad.eu\/et\/wp-json\/wp\/v2\/product"}],"about":[{"href":"https:\/\/www.balticroad.eu\/et\/wp-json\/wp\/v2\/types\/product"}],"replies":[{"embeddable":true,"href":"https:\/\/www.balticroad.eu\/et\/wp-json\/wp\/v2\/comments?post=2986"}],"wp:featuredmedia":[{"embeddable":true,"href":"https:\/\/www.balticroad.eu\/et\/wp-json\/wp\/v2\/media\/2985"}],"wp:attachment":[{"href":"https:\/\/www.balticroad.eu\/et\/wp-json\/wp\/v2\/media?parent=2986"}],"wp:term":[{"taxonomy":"product_brand","embeddable":true,"href":"https:\/\/www.balticroad.eu\/et\/wp-json\/wp\/v2\/product_brand?post=2986"},{"taxonomy":"product_cat","embeddable":true,"href":"https:\/\/www.balticroad.eu\/et\/wp-json\/wp\/v2\/product_cat?post=2986"},{"taxonomy":"product_tag","embeddable":true,"href":"https:\/\/www.balticroad.eu\/et\/wp-json\/wp\/v2\/product_tag?post=2986"}],"curies":[{"name":"wp","href":"https:\/\/api.w.org\/{rel}","templated":true}]}}