{"id":2948,"date":"2025-07-06T18:58:57","date_gmt":"2025-07-06T18:58:57","guid":{"rendered":"https:\/\/www.balticroad.eu\/?post_type=product&#038;p=2948"},"modified":"2025-07-06T19:23:02","modified_gmt":"2025-07-06T19:23:02","slug":"soba-cha-buckwheat-tea","status":"publish","type":"product","link":"https:\/\/www.balticroad.eu\/et\/toode\/soba-cha-buckwheat-tea\/","title":{"rendered":"Soba Cha &#8211; Buckwheat Tea"},"content":{"rendered":"<h2>Tootekirjeldus \/ Product Description:<\/h2>\n<p>Tatra tee Soba Cha<\/p>\n<p>Soba Cha &#8211; Buckwheat Tea<\/p>\n<p>gluten and caffeine free. Hot as well as cold a treat. Nutty, aromatic, with toasted hints. Thanks to a stronger roasting process, this Soba Cha tastes stronger and nuttier. Like all our varieties, the tea can be drunk hot or cold and is gluten- and caffeine-free.<\/p>\n<p>Tee on valmistatud valitud tatari tatra seemnetest, mida kasvatatakse \u00fcle 1500 meetri k\u00f5rgusel m\u00e4gedes. Teel on kaerak\u00fcpsiste aroom, see sisaldab kasulikke vitamiine ja mikroelemente.<\/p>\n<p>Tee taastab kaotatud j\u00f5u, soodustab rasvade p\u00f5letamist ja eemaldab organismist m\u00fcrke. Ei sisalda kofeiini ega gluteeni. Ideaalne tervislikku eluviisi j\u00e4rgivatele inimestele, rasedatele, lastele.<\/p>\n<p>&nbsp;<\/p>\n<p><strong>Koostisained \/ Ingredients:<\/strong><\/p>\n<p>Tatar<\/p>\n<p>Buckwheat<\/p>\n<p><strong>Ettevalmistus \/ Preparation:<\/strong><\/p>\n<p><span style=\"font-size: 14.4px;\">Infusion time 2 Min.<br \/>\nGram for 1 litre 14 g<br \/>\nTemperature in degrees <b>100 \u00b0C<\/b><\/span><\/p>","protected":false},"excerpt":{"rendered":"<p>Tootekirjeldus \/ Product Description: Tatra tee Soba Cha Soba Cha &#8211; Buckwheat Tea gluten and caffeine free. Hot as well as cold a treat. Nutty, aromatic, with toasted hints. Thanks to a stronger roasting process, this Soba Cha tastes stronger and nuttier. Like all our varieties, the tea can be drunk hot or cold and [&#8230;]\n","protected":false},"featured_media":2952,"comment_status":"open","ping_status":"closed","template":"","meta":[],"product_brand":[],"product_cat":[93,68],"product_tag":[],"class_list":{"0":"post-2948","1":"product","2":"type-product","3":"status-publish","4":"has-post-thumbnail","6":"product_cat-herbal-teas-fruit-teas","7":"product_cat-tea","9":"first","10":"instock","11":"taxable","12":"shipping-taxable","13":"purchasable","14":"product-type-variable"},"_links":{"self":[{"href":"https:\/\/www.balticroad.eu\/et\/wp-json\/wp\/v2\/product\/2948","targetHints":{"allow":["GET"]}}],"collection":[{"href":"https:\/\/www.balticroad.eu\/et\/wp-json\/wp\/v2\/product"}],"about":[{"href":"https:\/\/www.balticroad.eu\/et\/wp-json\/wp\/v2\/types\/product"}],"replies":[{"embeddable":true,"href":"https:\/\/www.balticroad.eu\/et\/wp-json\/wp\/v2\/comments?post=2948"}],"wp:featuredmedia":[{"embeddable":true,"href":"https:\/\/www.balticroad.eu\/et\/wp-json\/wp\/v2\/media\/2952"}],"wp:attachment":[{"href":"https:\/\/www.balticroad.eu\/et\/wp-json\/wp\/v2\/media?parent=2948"}],"wp:term":[{"taxonomy":"product_brand","embeddable":true,"href":"https:\/\/www.balticroad.eu\/et\/wp-json\/wp\/v2\/product_brand?post=2948"},{"taxonomy":"product_cat","embeddable":true,"href":"https:\/\/www.balticroad.eu\/et\/wp-json\/wp\/v2\/product_cat?post=2948"},{"taxonomy":"product_tag","embeddable":true,"href":"https:\/\/www.balticroad.eu\/et\/wp-json\/wp\/v2\/product_tag?post=2948"}],"curies":[{"name":"wp","href":"https:\/\/api.w.org\/{rel}","templated":true}]}}