{"id":2939,"date":"2025-07-06T09:11:44","date_gmt":"2025-07-06T09:11:44","guid":{"rendered":"https:\/\/www.balticroad.eu\/?post_type=product&#038;p=2939"},"modified":"2025-07-06T09:23:40","modified_gmt":"2025-07-06T09:23:40","slug":"blue-butterfly-flower-anchan","status":"publish","type":"product","link":"https:\/\/www.balticroad.eu\/et\/toode\/blue-butterfly-flower-anchan\/","title":{"rendered":"Blue Butterfly Flower , Anchan"},"content":{"rendered":"<h2>Tootekirjeldus \/ Product Description:<\/h2>\n<p>Tai sinine tee Anchan &#8211;<\/p>\n<p>Blue Butterfly Flower , Anchan<\/p>\n<p>Lilla tee tootmise tooraineks on Tai orhidee \u00f5ied. See on kaunviljade perekonna taim, millel on palju nimesid.<\/p>\n<p>Leaf : Indigo blue flower in greenish yellow calyx. The delicate &#8216;Blue Butterfly Flower&#8217; from Yunnan are a real eye-catcher and create a brilliant blue infusion.<\/p>\n<p>Selle joogi maitse on ebatavaline ja \u00f5rn, vaevutajutavate nootidega: rohi, herne v\u00f5i kaera omad, kuid aroom tervikuna on pehme ja neutraalne. See j\u00e4tab pika, magusav\u00f5itu j\u00e4relmaitse kerge kibedusega. See on lilleline aroom praetud seemnete nootidega. Tee on h\u00e4sti v\u00e4rskendav. Seda on meeldiv juua nii k\u00fclmalt kui kuumalt igal kellaajal.<\/p>\n<p>Valmistatud tee on s\u00fcgavsinist v\u00e4rvi. Kui lisatakse sidrunimahla, muutub joogi v\u00e4rv lillaks. Kasulikud omadused<br \/>\nTai t\u00fcrkiissinise tee raviomadused tulenevad vitamiinide ja mineraalide rikkalikust sisaldusest. Niisiis peetakse mangaani sisalduse t\u00f5ttu sinises joogis suurep\u00e4raseks antidepressandiks ja seda kasutatakse stressi ja unetuse m\u00f5jude k\u00f5rvaldamiseks. Tai sinine tee aitab kaasa kehakaalu langusele ja seedetrakti normaliseerimisele. Regulaarsel joogi tarbimisel on kasulik ajuvereringe. Lisaks on Anchani teel muid ravitoimeid:<\/p>\n<p>v\u00f5itleb glaukoomi ja muude n\u00e4gemise patoloogiatega;<br \/>\ntugevdab silmamunade anumaid;<br \/>\nparandab nahka, juukseid;<br \/>\ntugevdab k\u00fc\u00fcsi;<br \/>\nomab antioks\u00fcdantseid omadusi;<br \/>\naitab kaalust alla v\u00f5tta (soodustab keharasva lagunemist);<br \/>\nparandab vereringet;<br \/>\nparandab m\u00e4lu.<\/p>\n<p><strong>Koostisained \/ Ingredients:<\/strong><\/p>\n<p>Clitoria ternatea.<\/p>\n<p>blue butterfly flower (Clitoria ternatea)<\/p>\n<p>&nbsp;<\/p>\n<p><strong>Ettevalmistus \/ Preparation:<\/strong><\/p>\n<p>80- 90 \u00b0 \u2013 3\/8 min<\/p>\n<p>Dosage: 2-3 ts \/ 1 l<\/p>","protected":false},"excerpt":{"rendered":"<p>Tootekirjeldus \/ Product Description: Tai sinine tee Anchan &#8211; Blue Butterfly Flower , Anchan Lilla tee tootmise tooraineks on Tai orhidee \u00f5ied. See on kaunviljade perekonna taim, millel on palju nimesid. Leaf : Indigo blue flower in greenish yellow calyx. The delicate &#8216;Blue Butterfly Flower&#8217; from Yunnan are a real eye-catcher and create a brilliant [&#8230;]\n","protected":false},"featured_media":2943,"comment_status":"open","ping_status":"closed","template":"","meta":[],"product_brand":[],"product_cat":[93,68],"product_tag":[],"class_list":{"0":"post-2939","1":"product","2":"type-product","3":"status-publish","4":"has-post-thumbnail","6":"product_cat-herbal-teas-fruit-teas","7":"product_cat-tea","9":"first","10":"instock","11":"taxable","12":"shipping-taxable","13":"purchasable","14":"product-type-variable"},"_links":{"self":[{"href":"https:\/\/www.balticroad.eu\/et\/wp-json\/wp\/v2\/product\/2939","targetHints":{"allow":["GET"]}}],"collection":[{"href":"https:\/\/www.balticroad.eu\/et\/wp-json\/wp\/v2\/product"}],"about":[{"href":"https:\/\/www.balticroad.eu\/et\/wp-json\/wp\/v2\/types\/product"}],"replies":[{"embeddable":true,"href":"https:\/\/www.balticroad.eu\/et\/wp-json\/wp\/v2\/comments?post=2939"}],"wp:featuredmedia":[{"embeddable":true,"href":"https:\/\/www.balticroad.eu\/et\/wp-json\/wp\/v2\/media\/2943"}],"wp:attachment":[{"href":"https:\/\/www.balticroad.eu\/et\/wp-json\/wp\/v2\/media?parent=2939"}],"wp:term":[{"taxonomy":"product_brand","embeddable":true,"href":"https:\/\/www.balticroad.eu\/et\/wp-json\/wp\/v2\/product_brand?post=2939"},{"taxonomy":"product_cat","embeddable":true,"href":"https:\/\/www.balticroad.eu\/et\/wp-json\/wp\/v2\/product_cat?post=2939"},{"taxonomy":"product_tag","embeddable":true,"href":"https:\/\/www.balticroad.eu\/et\/wp-json\/wp\/v2\/product_tag?post=2939"}],"curies":[{"name":"wp","href":"https:\/\/api.w.org\/{rel}","templated":true}]}}